{"id":10818,"date":"2026-04-09T16:25:05","date_gmt":"2026-04-09T14:25:05","guid":{"rendered":"https:\/\/pdrtools.ch\/?post_type=product&#038;p=10818"},"modified":"2026-04-12T12:50:44","modified_gmt":"2026-04-12T10:50:44","slug":"smart-divider-edition-knockdown","status":"publish","type":"product","link":"https:\/\/pdrtools.ch\/fr\/produkt\/smart-divider-edition-knockdown\/","title":{"rendered":"Smart Divider &#8211; \u00c9dition Knockdown"},"content":{"rendered":"<p style=\"margin-bottom: 5px;\"><span style=\"font-size: 14.4px;\"><img data-opt-id=639990777  fetchpriority=\"high\" decoding=\"async\" class=\" wp-image-10285 alignright\" src=\"https:\/\/mlzzjckobjnb.i.optimole.com\/w:533\/h:400\/q:mauto\/f:best\/https:\/\/pdrtools.ch\/wp-content\/uploads\/\/IMG_6898.jpeg\" alt=\"\" width=\"430\" height=\"333\">Le site <\/span><strong style=\"font-size: 14.4px;\" data-start=\"252\" data-end=\"301\">Tab Tower &#8211; Smart Divider (\u00e9dition Knockdown)<\/strong><span style=\"font-size: 14.4px;\"> apporte encore plus de structure \u00e0 votre flux de travail &#8211; avec une fonctionnalit\u00e9 suppl\u00e9mentaire.<\/span><\/p>\n<p data-start=\"376\" data-end=\"590\">Outre la r\u00e9partition \u00e9prouv\u00e9e en plusieurs compartiments, cette version dispose d&rsquo;un logement int\u00e9gr\u00e9 pour votre Knockdown, ce qui vous permet de ranger vos outils en toute s\u00e9curit\u00e9 et de les avoir toujours \u00e0 port\u00e9e de main dans le Tab Tower.<\/p>\n<p data-start=\"592\" data-end=\"692\">Id\u00e9al pour tous ceux qui souhaitent organiser leurs outils les plus importants de mani\u00e8re centralis\u00e9e &#8211; sans accessoires suppl\u00e9mentaires.<\/p>\n<p data-start=\"694\" data-end=\"1079\"><strong data-start=\"694\" data-end=\"712\">Vos avantages :<\/strong><br data-start=\"712\" data-end=\"715\">&#8211; <strong data-start=\"717\" data-end=\"751\">Support Knockdown int\u00e9gr\u00e9 :<\/strong> des outils toujours \u00e0 port\u00e9e de main et bien rang\u00e9s<br data-start=\"798\" data-end=\"801\">&#8211; <strong data-start=\"803\" data-end=\"825\">Parfaitement adapt\u00e9 :<\/strong> con\u00e7u pour la Tab Tower Bin<br data-start=\"858\" data-end=\"861\">&#8211; <strong data-start=\"863\" data-end=\"882\">Plus de clart\u00e9 :<\/strong> divise l&rsquo;int\u00e9rieur en compartiments pratiques<br data-start=\"928\" data-end=\"931\">&#8211; <strong data-start=\"933\" data-end=\"958\">Flux de travail efficace :<\/strong> combine organisation et support d&rsquo;outils en un seul<br data-start=\"1010\" data-end=\"1013\">&#8211; <strong data-start=\"1015\" data-end=\"1035\">L\u00e9ger &amp; robuste :<\/strong> facile \u00e0 ins\u00e9rer et toujours amovible<\/p>\n<p data-start=\"1081\" data-end=\"1149\">Une mise \u00e0 niveau bien pens\u00e9e pour encore plus d&rsquo;efficacit\u00e9 directement sur le v\u00e9hicule.<em data-start=\"173\" data-end=\"198\"> <\/em><\/p>\n<p data-start=\"1081\" data-end=\"1149\"><em><strong>Compatible avec toutes les versions de l&rsquo;onglet Tower &#8211; m\u00eame les anciennes g\u00e9n\u00e9rations.<\/strong><\/em><\/p>\n<p style=\"font-size: 12px; opacity: 0.7; margin-top: 10px;\">Remarque : seul le Smart Divider est fourni. Le conteneur illustr\u00e9 (Tab Tower Bin) est uniquement fourni \u00e0 titre d&rsquo;illustration et n&rsquo;est pas inclus. <\/p>\n","protected":false},"excerpt":{"rendered":"<p>Le <strong data-start=\"1188\" data-end=\"1225\">Smart Divider (Knockdown Edition)<\/strong> combine plusieurs compartiments avec un support int\u00e9gr\u00e9 pour votre Knockdown &#8211; pour un maximum d&rsquo;ordre et un acc\u00e8s rapide dans le Tab Tower.<\/p>\n","protected":false},"featured_media":10821,"comment_status":"closed","ping_status":"closed","template":"","meta":[],"product_brand":[],"product_cat":[926],"product_tag":[263],"class_list":{"0":"post-10818","1":"product","2":"type-product","3":"status-publish","4":"has-post-thumbnail","6":"product_cat-tour-donglet","7":"product_tag-tour-donglet","9":"first","10":"instock","11":"taxable","12":"shipping-taxable","13":"purchasable","14":"product-type-simple"},"_links":{"self":[{"href":"https:\/\/pdrtools.ch\/fr\/wp-json\/wp\/v2\/product\/10818","targetHints":{"allow":["GET"]}}],"collection":[{"href":"https:\/\/pdrtools.ch\/fr\/wp-json\/wp\/v2\/product"}],"about":[{"href":"https:\/\/pdrtools.ch\/fr\/wp-json\/wp\/v2\/types\/product"}],"replies":[{"embeddable":true,"href":"https:\/\/pdrtools.ch\/fr\/wp-json\/wp\/v2\/comments?post=10818"}],"wp:featuredmedia":[{"embeddable":true,"href":"https:\/\/pdrtools.ch\/fr\/wp-json\/wp\/v2\/media\/10821"}],"wp:attachment":[{"href":"https:\/\/pdrtools.ch\/fr\/wp-json\/wp\/v2\/media?parent=10818"}],"wp:term":[{"taxonomy":"product_brand","embeddable":true,"href":"https:\/\/pdrtools.ch\/fr\/wp-json\/wp\/v2\/product_brand?post=10818"},{"taxonomy":"product_cat","embeddable":true,"href":"https:\/\/pdrtools.ch\/fr\/wp-json\/wp\/v2\/product_cat?post=10818"},{"taxonomy":"product_tag","embeddable":true,"href":"https:\/\/pdrtools.ch\/fr\/wp-json\/wp\/v2\/product_tag?post=10818"}],"curies":[{"name":"wp","href":"https:\/\/api.w.org\/{rel}","templated":true}]}}