{"id":10670,"date":"2026-04-09T19:31:32","date_gmt":"2026-04-09T17:31:32","guid":{"rendered":"https:\/\/pdrtools.ch\/produkt\/silicone-grip-handle-outils-de-prelevement-en-ligne\/"},"modified":"2026-04-09T19:31:32","modified_gmt":"2026-04-09T17:31:32","slug":"silicone-grip-handle-outils-de-prelevement-en-ligne","status":"publish","type":"product","link":"https:\/\/pdrtools.ch\/fr\/produkt\/silicone-grip-handle-outils-de-prelevement-en-ligne\/","title":{"rendered":"Silicone Grip Handle &#8211; Outils de pr\u00e9l\u00e8vement en ligne"},"content":{"rendered":"<p style=\"line-height: 1.2;\"><strong style=\"font-size: 20px;\"><img data-opt-id=1692932983  fetchpriority=\"high\" decoding=\"async\" class=\"size-medium wp-image-9905 alignright\" src=\"https:\/\/mlzzjckobjnb.i.optimole.com\/w:533\/h:400\/q:mauto\/f:best\/https:\/\/pdrtools.ch\/wp-content\/uploads\/\/IMG_6877.jpeg\" alt=\"\" width=\"533\" height=\"400\" srcset=\"https:\/\/mlzzjckobjnb.i.optimole.com\/w:533\/h:400\/q:mauto\/f:best\/https:\/\/pdrtools.ch\/wp-content\/uploads\/IMG_6877-scaled.jpeg 533w, https:\/\/mlzzjckobjnb.i.optimole.com\/w:1067\/h:800\/q:mauto\/f:best\/https:\/\/pdrtools.ch\/wp-content\/uploads\/IMG_6877-scaled.jpeg 1067w, https:\/\/mlzzjckobjnb.i.optimole.com\/w:768\/h:576\/q:mauto\/f:best\/https:\/\/pdrtools.ch\/wp-content\/uploads\/IMG_6877-scaled.jpeg 768w, https:\/\/mlzzjckobjnb.i.optimole.com\/w:1536\/h:1152\/q:mauto\/f:best\/https:\/\/pdrtools.ch\/wp-content\/uploads\/IMG_6877-scaled.jpeg 1536w, https:\/\/mlzzjckobjnb.i.optimole.com\/w:1920\/h:1440\/q:mauto\/f:best\/https:\/\/pdrtools.ch\/wp-content\/uploads\/IMG_6877-scaled.jpeg 2048w, https:\/\/mlzzjckobjnb.i.optimole.com\/w:1200\/h:900\/q:mauto\/f:best\/https:\/\/pdrtools.ch\/wp-content\/uploads\/IMG_6877-scaled.jpeg 1200w, https:\/\/mlzzjckobjnb.i.optimole.com\/w:1920\/h:1440\/q:mauto\/f:best\/dpr:2\/https:\/\/pdrtools.ch\/wp-content\/uploads\/IMG_6877-scaled.jpeg 2x\" sizes=\"(max-width: 533px) 100vw, 533px\" \/>Inline Pick &#8211; Grip en silicone<\/strong><br \/>\n<span style=\"font-size: 14px; opacity: 0.7;\">Le confort. Le contr\u00f4le. Pr\u00e9cision.  <\/span><\/p>\n<p data-start=\"257\" data-end=\"430\">Le grip en silicone Inline Pick a \u00e9t\u00e9 sp\u00e9cialement con\u00e7u pour les c\u00e9l\u00e8bres outils Inline Pick d&rsquo;Ultra Dent Tools et apporte confort et contr\u00f4le \u00e0 un niveau sup\u00e9rieur.<\/p>\n<p data-start=\"432\" data-end=\"595\">Le rev\u00eatement Slip-On parfaitement ajust\u00e9 assure une prise en main s\u00fbre et antid\u00e9rapante et am\u00e9liore la maniabilit\u00e9 pour les travaux de pr\u00e9cision &#8211; en particulier lors d&rsquo;utilisations prolong\u00e9es.<\/p>\n<p data-start=\"597\" data-end=\"768\">Le silicone souple offre une prise en main confortable, sans perdre le contact direct avec l&rsquo;outil. Vous gardez ainsi \u00e0 tout moment le contr\u00f4le total de vos mouvements. <\/p>\n<p data-start=\"770\" data-end=\"867\">La finition Fluro-Red accrocheuse assure en outre une bonne visibilit\u00e9 dans la zone de travail.<\/p>\n<p data-start=\"869\" data-end=\"1263\">Caract\u00e9ristiques :<br data-start=\"882\" data-end=\"885\">&#8211; <strong data-start=\"887\" data-end=\"909\">Ajustement parfait :<\/strong> con\u00e7u pour les outils de pr\u00e9hension en ligne Ultra Dent<br data-start=\"953\" data-end=\"956\">&#8211; <strong data-start=\"958\" data-end=\"980\">Grip am\u00e9lior\u00e9 :<\/strong> travaillez en toute s\u00e9curit\u00e9 sans glisser<br data-start=\"1014\" data-end=\"1017\">&#8211; <strong data-start=\"1019\" data-end=\"1036\">Plus de confort :<\/strong> r\u00e9duit la fatigue lors d&rsquo;utilisations prolong\u00e9es<br data-start=\"1078\" data-end=\"1081\">&#8211; <strong data-start=\"1083\" data-end=\"1105\">Retour d&rsquo;information direct :<\/strong> le contr\u00f4le reste doux mais pr\u00e9cis<br data-start=\"1151\" data-end=\"1154\">&#8211; <strong data-start=\"1156\" data-end=\"1175\">Design Slip-On :<\/strong> montage rapide, ajustement s\u00fbr<br data-start=\"1207\" data-end=\"1210\">&#8211; <strong data-start=\"1212\" data-end=\"1232\">Haute visibilit\u00e9 :<\/strong> finition Fluro-Red accrocheuse<\/p>\n","protected":false},"excerpt":{"rendered":"<p>Grip en silicone pour les outils Ultra Dent Inline Pick &#8211; am\u00e9liore le confort, le contr\u00f4le et la prise en main pour un travail de pr\u00e9cision. En Fluro-Red, une couleur qui attire l&rsquo;attention. <\/p>\n","protected":false},"featured_media":9905,"comment_status":"closed","ping_status":"closed","template":"","meta":[],"product_brand":[],"product_cat":[248],"product_tag":[275],"class_list":{"0":"post-10670","1":"product","2":"type-product","3":"status-publish","4":"has-post-thumbnail","6":"product_cat-accessoires","7":"product_tag-accessoires-fr","9":"first","10":"instock","11":"taxable","12":"shipping-taxable","13":"purchasable","14":"product-type-simple"},"_links":{"self":[{"href":"https:\/\/pdrtools.ch\/fr\/wp-json\/wp\/v2\/product\/10670","targetHints":{"allow":["GET"]}}],"collection":[{"href":"https:\/\/pdrtools.ch\/fr\/wp-json\/wp\/v2\/product"}],"about":[{"href":"https:\/\/pdrtools.ch\/fr\/wp-json\/wp\/v2\/types\/product"}],"replies":[{"embeddable":true,"href":"https:\/\/pdrtools.ch\/fr\/wp-json\/wp\/v2\/comments?post=10670"}],"wp:featuredmedia":[{"embeddable":true,"href":"https:\/\/pdrtools.ch\/fr\/wp-json\/wp\/v2\/media\/9905"}],"wp:attachment":[{"href":"https:\/\/pdrtools.ch\/fr\/wp-json\/wp\/v2\/media?parent=10670"}],"wp:term":[{"taxonomy":"product_brand","embeddable":true,"href":"https:\/\/pdrtools.ch\/fr\/wp-json\/wp\/v2\/product_brand?post=10670"},{"taxonomy":"product_cat","embeddable":true,"href":"https:\/\/pdrtools.ch\/fr\/wp-json\/wp\/v2\/product_cat?post=10670"},{"taxonomy":"product_tag","embeddable":true,"href":"https:\/\/pdrtools.ch\/fr\/wp-json\/wp\/v2\/product_tag?post=10670"}],"curies":[{"name":"wp","href":"https:\/\/api.w.org\/{rel}","templated":true}]}}