{"id":10626,"date":"2026-04-12T12:50:22","date_gmt":"2026-04-12T10:50:22","guid":{"rendered":"https:\/\/pdrtools.ch\/?post_type=product&#038;p=10626"},"modified":"2026-04-16T21:41:39","modified_gmt":"2026-04-16T19:41:39","slug":"porte-embout-magnetique","status":"publish","type":"product","link":"https:\/\/pdrtools.ch\/fr\/produkt\/porte-embout-magnetique\/","title":{"rendered":"Porte-embout magn\u00e9tique"},"content":{"rendered":"<p style=\"line-height: 1.2;\"><strong style=\"font-size: 20px;\"><img data-opt-id=1217603874  fetchpriority=\"high\" decoding=\"async\" class=\"size-medium wp-image-9870 alignright\" src=\"https:\/\/mlzzjckobjnb.i.optimole.com\/w:300\/h:400\/q:mauto\/f:best\/https:\/\/pdrtools.ch\/wp-content\/uploads\/\/IMG_6834.jpeg\" alt=\"\" width=\"300\" height=\"400\" srcset=\"https:\/\/mlzzjckobjnb.i.optimole.com\/w:300\/h:400\/q:mauto\/f:best\/https:\/\/pdrtools.ch\/wp-content\/uploads\/IMG_6834-scaled.jpeg 300w, https:\/\/mlzzjckobjnb.i.optimole.com\/w:600\/h:800\/q:mauto\/f:best\/https:\/\/pdrtools.ch\/wp-content\/uploads\/IMG_6834-scaled.jpeg 600w, https:\/\/mlzzjckobjnb.i.optimole.com\/w:768\/h:1024\/q:mauto\/f:best\/https:\/\/pdrtools.ch\/wp-content\/uploads\/IMG_6834-scaled.jpeg 768w, https:\/\/mlzzjckobjnb.i.optimole.com\/w:1152\/h:1536\/q:mauto\/f:best\/https:\/\/pdrtools.ch\/wp-content\/uploads\/IMG_6834-scaled.jpeg 1152w, https:\/\/mlzzjckobjnb.i.optimole.com\/w:1536\/h:2048\/q:mauto\/f:best\/https:\/\/pdrtools.ch\/wp-content\/uploads\/IMG_6834-scaled.jpeg 1536w, https:\/\/mlzzjckobjnb.i.optimole.com\/w:1200\/h:1600\/q:mauto\/f:best\/https:\/\/pdrtools.ch\/wp-content\/uploads\/IMG_6834-scaled.jpeg 1200w, https:\/\/mlzzjckobjnb.i.optimole.com\/w:1920\/h:2560\/q:mauto\/f:best\/https:\/\/pdrtools.ch\/wp-content\/uploads\/IMG_6834-scaled.jpeg 1920w, https:\/\/mlzzjckobjnb.i.optimole.com\/w:1920\/h:2560\/q:mauto\/f:best\/dpr:2\/https:\/\/pdrtools.ch\/wp-content\/uploads\/IMG_6834-scaled.jpeg 2x\" sizes=\"(max-width: 300px) 100vw, 300px\" \/>Tab Tower &#8211; Porte-tip magn\u00e9tique<\/strong><br \/>\n<span style=\"font-size: 14px; opacity: 0.7;\">Tenir en toute s\u00e9curit\u00e9. Saisir rapidement. <\/span><\/p>\n<div>\n<p data-start=\"369\" data-end=\"429\">Gardez vos conseils les plus importants exactement l\u00e0 o\u00f9 vous en avez besoin.<\/p>\n<p data-start=\"431\" data-end=\"704\">Le support de tips magn\u00e9tique est un accessoire slide-on compact pour votre Tab Tower et peut accueillir jusqu&rsquo;\u00e0 8 tips PDR avec un filetage en acier. Gr\u00e2ce \u00e0 un aimant puissant int\u00e9gr\u00e9, vos tips restent bien en place, m\u00eame lorsque vous vous d\u00e9placez autour du v\u00e9hicule. <\/p>\n<p data-start=\"706\" data-end=\"771\">Plus de recherche, plus de chaos. Il suffit de saisir et de continuer \u00e0 travailler. <\/p>\n<p data-start=\"773\" data-end=\"867\">Id\u00e9al pour garder vos astuces les plus utilis\u00e9es organis\u00e9es, visibles et \u00e0 port\u00e9e de main \u00e0 tout moment.<\/p>\n<hr data-start=\"869\" data-end=\"872\">\n<h3 data-section-id=\"1gft5qz\" data-start=\"874\" data-end=\"891\"><span role=\"text\"><strong data-start=\"878\" data-end=\"891\">Caract\u00e9ristiques :<\/strong><\/span><\/h3>\n<p data-start=\"892\" data-end=\"1134\">&#8211; Peut contenir jusqu&rsquo;\u00e0 8 pointes PDR (avec filetage en acier)<br data-start=\"944\" data-end=\"947\">&#8211; Aimant puissant pour un maintien s\u00fbr<br data-start=\"985\" data-end=\"988\">&#8211; Design Slide-On &#8211; rapidement mont\u00e9 et toujours pr\u00eat \u00e0 l&#8217;emploi<br data-start=\"1056\" data-end=\"1059\">&#8211; Ordre et visibilit\u00e9 pendant le travail<br data-start=\"1101\" data-end=\"1104\">&#8211; Compact, l\u00e9ger et robuste<\/p>\n<p data-start=\"892\" data-end=\"1134\"><em><strong>Compatible avec toutes les versions de l&rsquo;onglet Tower &#8211; m\u00eame les anciennes g\u00e9n\u00e9rations.<\/strong><\/em><\/p>\n<\/div>\n","protected":false},"excerpt":{"rendered":"<p>Porte-tips magn\u00e9tique coulissant pour le Tab Tower. Maintient jusqu&rsquo;\u00e0 8 tips en toute s\u00e9curit\u00e9 gr\u00e2ce \u00e0 un aimant puissant &#8211; organis\u00e9, \u00e0 port\u00e9e de main et parfait pour un travail efficace. <\/p>\n","protected":false},"featured_media":10628,"comment_status":"closed","ping_status":"closed","template":"","meta":[],"product_brand":[],"product_cat":[926],"product_tag":[263],"class_list":{"0":"post-10626","1":"product","2":"type-product","3":"status-publish","4":"has-post-thumbnail","6":"product_cat-tour-donglet","7":"product_tag-tour-donglet","9":"first","10":"instock","11":"taxable","12":"shipping-taxable","13":"purchasable","14":"product-type-simple"},"_links":{"self":[{"href":"https:\/\/pdrtools.ch\/fr\/wp-json\/wp\/v2\/product\/10626","targetHints":{"allow":["GET"]}}],"collection":[{"href":"https:\/\/pdrtools.ch\/fr\/wp-json\/wp\/v2\/product"}],"about":[{"href":"https:\/\/pdrtools.ch\/fr\/wp-json\/wp\/v2\/types\/product"}],"replies":[{"embeddable":true,"href":"https:\/\/pdrtools.ch\/fr\/wp-json\/wp\/v2\/comments?post=10626"}],"wp:featuredmedia":[{"embeddable":true,"href":"https:\/\/pdrtools.ch\/fr\/wp-json\/wp\/v2\/media\/10628"}],"wp:attachment":[{"href":"https:\/\/pdrtools.ch\/fr\/wp-json\/wp\/v2\/media?parent=10626"}],"wp:term":[{"taxonomy":"product_brand","embeddable":true,"href":"https:\/\/pdrtools.ch\/fr\/wp-json\/wp\/v2\/product_brand?post=10626"},{"taxonomy":"product_cat","embeddable":true,"href":"https:\/\/pdrtools.ch\/fr\/wp-json\/wp\/v2\/product_cat?post=10626"},{"taxonomy":"product_tag","embeddable":true,"href":"https:\/\/pdrtools.ch\/fr\/wp-json\/wp\/v2\/product_tag?post=10626"}],"curies":[{"name":"wp","href":"https:\/\/api.w.org\/{rel}","templated":true}]}}