{"id":10328,"date":"2026-04-09T17:23:06","date_gmt":"2026-04-09T15:23:06","guid":{"rendered":"https:\/\/pdrtools.ch\/?post_type=product&#038;p=10328"},"modified":"2026-04-10T10:06:14","modified_gmt":"2026-04-10T08:06:14","slug":"capuchons-en-caoutchouc-pour-support-de-capot-en-aluminium-kopie","status":"publish","type":"product","link":"https:\/\/pdrtools.ch\/fr\/produkt\/capuchons-en-caoutchouc-pour-support-de-capot-en-aluminium-kopie\/","title":{"rendered":"Embouts en caoutchouc 22mm pour support de hotte"},"content":{"rendered":"<p style=\"line-height: 1.2;\"><strong style=\"font-size: 20px;\">Embouts en caoutchouc 22mm pour support de hotte<\/strong><br \/>\n<span style=\"font-size: 14px; opacity: 0.7;\">Le grip. La protection. Remplacement.  <\/span><\/p>\n<p><img data-opt-id=1433255877  fetchpriority=\"high\" decoding=\"async\" class=\"wp-image-9900 alignright\" src=\"https:\/\/mlzzjckobjnb.i.optimole.com\/w:auto\/h:auto\/q:mauto\/f:best\/https:\/\/pdrtools.ch\/wp-content\/uploads\/IMG_6872-scaled-e1775748986956.jpeg\" alt=\"\" width=\"262\" height=\"340\"><\/p>\n<p data-start=\"278\" data-end=\"395\">Ces embouts en caoutchouc pour support de hotte sont la solution id\u00e9ale pour remplacer les embouts us\u00e9s ou endommag\u00e9s.<\/p>\n<p data-start=\"397\" data-end=\"560\">Sp\u00e9cialement con\u00e7us pour les tubes de 22 mm de diam\u00e8tre, ils assurent une bonne adh\u00e9rence sur les surfaces des v\u00e9hicules tout en les prot\u00e9geant des rayures ou des dommages.<\/p>\n<p data-start=\"562\" data-end=\"678\">Le mat\u00e9riau robuste offre une adh\u00e9rence fiable et emp\u00eache le support de la hotte de glisser pendant le travail.<\/p>\n<p data-start=\"680\" data-end=\"793\">Convient aux mod\u00e8les courants comme le support de cagoule<strong data-start=\"716\" data-end=\"724\"> Laka<\/strong> ou Dent Wizard (noir\/bleu &#8211; voir illustration).<\/p>\n<p data-start=\"795\" data-end=\"1075\">Caract\u00e9ristiques :<br data-start=\"808\" data-end=\"811\">&#8211; <strong data-start=\"813\" data-end=\"827\">Adapt\u00e9 :<\/strong> pour tube de 22 mm de diam\u00e8tre<br data-start=\"853\" data-end=\"856\">&#8211; <strong data-start=\"858\" data-end=\"876\">Maintien s\u00fbr :<\/strong> surface antid\u00e9rapante<br data-start=\"902\" data-end=\"905\">&#8211; <strong data-start=\"907\" data-end=\"929\">Protection de la surface :<\/strong> \u00e9vite les rayures sur le v\u00e9hicule<br data-start=\"960\" data-end=\"963\">&#8211; <strong data-start=\"965\" data-end=\"987\">Mat\u00e9riau robuste :<\/strong> durable et r\u00e9sistant<br data-start=\"1018\" data-end=\"1021\">&#8211; <strong data-start=\"1023\" data-end=\"1038\">Pi\u00e8ce de rechange :<\/strong> id\u00e9ale en cas d&rsquo;usure ou de perte<\/p>\n<p data-start=\"795\" data-end=\"1075\"><strong>Fourni avec un jeu de 4 capuchons en caoutchouc<\/strong><\/p>\n<p data-start=\"865\" data-end=\"999\" data-is-last-node=\"\" data-is-only-node=\"\"><em data-start=\"865\" data-end=\"999\" data-is-last-node=\"\">Remarque : les envois vers les pays de l&rsquo;UE peuvent entra\u00eener des frais suppl\u00e9mentaires tels que des droits de douane ou des taxes, car notre si\u00e8ge social se trouve en Suisse.<\/em><\/p>\n","protected":false},"excerpt":{"rendered":"<p>Capuchons en caoutchouc pour support de capot avec tube de 22 mm &#8211; assurent l&rsquo;adh\u00e9rence, prot\u00e8gent les surfaces du v\u00e9hicule et sont id\u00e9aux comme pi\u00e8ces de rechange. Contenu de la livraison : Jeu de 4 capuchons en caoutchouc <\/p>\n","protected":false},"featured_media":10372,"comment_status":"closed","ping_status":"closed","template":"","meta":[],"product_brand":[],"product_cat":[248],"product_tag":[261],"class_list":{"0":"post-10328","1":"product","2":"type-product","3":"status-publish","4":"has-post-thumbnail","6":"product_cat-accessoires","7":"product_tag-support-de-capot","9":"first","10":"instock","11":"taxable","12":"shipping-taxable","13":"purchasable","14":"product-type-simple"},"_links":{"self":[{"href":"https:\/\/pdrtools.ch\/fr\/wp-json\/wp\/v2\/product\/10328","targetHints":{"allow":["GET"]}}],"collection":[{"href":"https:\/\/pdrtools.ch\/fr\/wp-json\/wp\/v2\/product"}],"about":[{"href":"https:\/\/pdrtools.ch\/fr\/wp-json\/wp\/v2\/types\/product"}],"replies":[{"embeddable":true,"href":"https:\/\/pdrtools.ch\/fr\/wp-json\/wp\/v2\/comments?post=10328"}],"wp:featuredmedia":[{"embeddable":true,"href":"https:\/\/pdrtools.ch\/fr\/wp-json\/wp\/v2\/media\/10372"}],"wp:attachment":[{"href":"https:\/\/pdrtools.ch\/fr\/wp-json\/wp\/v2\/media?parent=10328"}],"wp:term":[{"taxonomy":"product_brand","embeddable":true,"href":"https:\/\/pdrtools.ch\/fr\/wp-json\/wp\/v2\/product_brand?post=10328"},{"taxonomy":"product_cat","embeddable":true,"href":"https:\/\/pdrtools.ch\/fr\/wp-json\/wp\/v2\/product_cat?post=10328"},{"taxonomy":"product_tag","embeddable":true,"href":"https:\/\/pdrtools.ch\/fr\/wp-json\/wp\/v2\/product_tag?post=10328"}],"curies":[{"name":"wp","href":"https:\/\/api.w.org\/{rel}","templated":true}]}}