{"id":3446,"date":"2024-09-23T20:34:12","date_gmt":"2024-09-23T18:34:12","guid":{"rendered":"https:\/\/pdrtools.ch\/mentions-legales\/"},"modified":"2026-01-14T09:58:03","modified_gmt":"2026-01-14T08:58:03","slug":"mentions-legales","status":"publish","type":"page","link":"https:\/\/pdrtools.ch\/fr\/mentions-legales\/","title":{"rendered":"Mentions l\u00e9gales"},"content":{"rendered":"\n<h3 class=\"wp-block-heading\"><strong>Mentions l\u00e9gales<\/strong><\/h3>\n\n<p><strong>Balmer Storm Solutions<\/strong><br\/>Entreprise individuelle<\/p>\n\n<p><strong>Propri\u00e9taire :<\/strong><br\/>Dieter Balmer<\/p>\n\n<p><strong>Si\u00e8ge de l&rsquo;entreprise :<\/strong><br\/>Schaffhausen<br\/>Suisse<\/p>\n\n<p><strong>Contact :<\/strong><br\/>E-mail : <a href=\"mailto:info@pdrtools.ch\">info@pdrtools.ch<\/a><br\/>T\u00e9l\u00e9phone : +41 78 947 43 88<\/p>\n\n<p><strong>Num\u00e9ro d&rsquo;identification de l&rsquo;entreprise (UID) :<\/strong><br\/>CHE-375.250.746<\/p>\n\n<p><strong>Taxe sur la valeur ajout\u00e9e :<\/strong><br\/>N\u00b0 UID\/TVA : CHE-375.250.746<\/p>\n\n<p><strong>Responsable du contenu de ce site web :<\/strong><br\/>Dieter Balmer<\/p>\n\n<p>Nous ne sommes pas tenus de participer \u00e0 des proc\u00e9dures de r\u00e8glement des litiges devant un organisme de conciliation des consommateurs et ne sommes pas dispos\u00e9s \u00e0 le faire.<\/p>\n","protected":false},"excerpt":{"rendered":"<p>Mentions l\u00e9gales Balmer Storm SolutionsEntreprise individuelle Propri\u00e9taire :Dieter Balmer Si\u00e8ge de l&rsquo;entreprise :SchaffhausenSuisse Contact :E-mail : info@pdrtools.chT\u00e9l\u00e9phone : +41 78 947 43 88 Num\u00e9ro d&rsquo;identification de l&rsquo;entreprise (UID) :CHE-375.250.746 Taxe sur la valeur ajout\u00e9e :N\u00b0 UID\/TVA : CHE-375.250.746 Responsable du contenu de ce site web :Dieter Balmer Nous ne sommes pas tenus de participer \u00e0 [&#8230;]\n","protected":false},"author":1,"featured_media":0,"parent":0,"menu_order":0,"comment_status":"closed","ping_status":"closed","template":"","meta":{"footnotes":""},"class_list":["post-3446","page","type-page","status-publish","hentry"],"_links":{"self":[{"href":"https:\/\/pdrtools.ch\/fr\/wp-json\/wp\/v2\/pages\/3446","targetHints":{"allow":["GET"]}}],"collection":[{"href":"https:\/\/pdrtools.ch\/fr\/wp-json\/wp\/v2\/pages"}],"about":[{"href":"https:\/\/pdrtools.ch\/fr\/wp-json\/wp\/v2\/types\/page"}],"author":[{"embeddable":true,"href":"https:\/\/pdrtools.ch\/fr\/wp-json\/wp\/v2\/users\/1"}],"replies":[{"embeddable":true,"href":"https:\/\/pdrtools.ch\/fr\/wp-json\/wp\/v2\/comments?post=3446"}],"version-history":[{"count":2,"href":"https:\/\/pdrtools.ch\/fr\/wp-json\/wp\/v2\/pages\/3446\/revisions"}],"predecessor-version":[{"id":9656,"href":"https:\/\/pdrtools.ch\/fr\/wp-json\/wp\/v2\/pages\/3446\/revisions\/9656"}],"wp:attachment":[{"href":"https:\/\/pdrtools.ch\/fr\/wp-json\/wp\/v2\/media?parent=3446"}],"curies":[{"name":"wp","href":"https:\/\/api.w.org\/{rel}","templated":true}]}}