{"id":3225,"date":"2024-09-23T20:34:12","date_gmt":"2024-09-23T18:34:12","guid":{"rendered":"https:\/\/pdrtools.ch\/directive-sur-les-cookies-ue\/"},"modified":"2026-01-14T09:58:13","modified_gmt":"2026-01-14T08:58:13","slug":"directive-sur-les-cookies-ue","status":"publish","type":"page","link":"https:\/\/pdrtools.ch\/fr\/directive-sur-les-cookies-ue\/","title":{"rendered":"Politique en mati\u00e8re de cookies"},"content":{"rendered":"\n<h2 class=\"wp-block-heading\">Politique en mati\u00e8re de cookies<\/h2>\n\n<p>Cette politique en mati\u00e8re de cookies a \u00e9t\u00e9 mise \u00e0 jour pour la derni\u00e8re fois le 14.01.2026 et s&rsquo;applique aux utilisateurs r\u00e9sidant en Suisse et dans l&rsquo;Espace \u00e9conomique europ\u00e9en (EEE).<\/p>\n\n<hr class=\"wp-block-separator has-alpha-channel-opacity\"\/>\n\n<h2 class=\"wp-block-heading\">1. introduction<\/h2>\n\n<p>Notre site web <strong><a href=\"https:\/\/pdrtools.ch\/fr\/\">https:\/\/pdrtools.ch<\/a><\/strong> utilise des cookies et des technologies similaires. Les cookies sont cr\u00e9\u00e9s par nous-m\u00eames et par des fournisseurs tiers. Dans la pr\u00e9sente politique en mati\u00e8re de cookies, nous vous informons des cookies utilis\u00e9s et de leur finalit\u00e9.  <\/p>\n\n<hr class=\"wp-block-separator has-alpha-channel-opacity\"\/>\n\n<h2 class=\"wp-block-heading\">2. que sont les cookies ?<\/h2>\n\n<p>Les cookies sont de petits fichiers texte qui sont stock\u00e9s sur votre terminal lorsque vous visitez notre site web. Ils permettent des fonctions de base et am\u00e9liorent la convivialit\u00e9. <\/p>\n\n<hr class=\"wp-block-separator has-alpha-channel-opacity\"\/>\n\n<h2 class=\"wp-block-heading\">3. scripts et balises web<\/h2>\n\n<p>Les scripts sont des codes de programmation n\u00e9cessaires \u00e0 la fonctionnalit\u00e9 et \u00e0 la s\u00e9curit\u00e9 du site web.<br\/>Les balises web (pixel tags) ne sont <strong>pas<\/strong> utilis\u00e9es sur notre site web <strong>\u00e0 des fins de marketing ou de suivi<\/strong>.<\/p>\n\n<hr class=\"wp-block-separator has-alpha-channel-opacity\"\/>\n\n<h2 class=\"wp-block-heading\">4. types de cookies<\/h2>\n\n<h3 class=\"wp-block-heading\">4.1 Cookies techniquement n\u00e9cessaires \/ fonctionnels<\/h3>\n\n<p>Ces cookies sont n\u00e9cessaires au bon fonctionnement du site (par exemple, panier d&rsquo;achat, langue, s\u00e9curit\u00e9).<br\/>Ils peuvent \u00eatre plac\u00e9s <strong>sans consentement<\/strong>.<\/p>\n\n<hr class=\"wp-block-separator has-alpha-channel-opacity\"\/>\n\n<h2 class=\"wp-block-heading\">5. cookies et services utilis\u00e9s<\/h2>\n\n<h3 class=\"wp-block-heading\">WordPress<\/h3>\n\n<p><strong>Objectif :<\/strong> fonctions de base du site<br\/><strong>Cat\u00e9gorie :<\/strong> fonctionnel<\/p>\n\n<hr class=\"wp-block-separator has-alpha-channel-opacity\"\/>\n\n<h3 class=\"wp-block-heading\">WooCommerce<\/h3>\n\n<p><strong>Objectif :<\/strong> panier d&rsquo;achat, processus de commande, checkout<br\/><strong>Cat\u00e9gorie :<\/strong> fonctionnel<\/p>\n\n<hr class=\"wp-block-separator has-alpha-channel-opacity\"\/>\n\n<h3 class=\"wp-block-heading\">WPML<\/h3>\n\n<p><strong>Objectif :<\/strong> enregistrer la langue s\u00e9lectionn\u00e9e<br\/><strong>Cat\u00e9gorie :<\/strong> Fonctionnel<\/p>\n\n<hr class=\"wp-block-separator has-alpha-channel-opacity\"\/>\n\n<h3 class=\"wp-block-heading\">Compliance<\/h3>\n\n<p><strong>Objectif :<\/strong> Enregistrer le consentement des cookies<br\/><strong>Cat\u00e9gorie :<\/strong> Fonctionnel \/ L\u00e9galement requis<\/p>\n\n<hr class=\"wp-block-separator has-alpha-channel-opacity\"\/>\n\n<h3 class=\"wp-block-heading\">CleanTalk Spam Protect<\/h3>\n\n<p><strong>Objectif :<\/strong> protection contre le spam et les abus<br\/><strong>Cat\u00e9gorie :<\/strong> Fonctionnel \/ S\u00e9curit\u00e9<\/p>\n\n<hr class=\"wp-block-separator has-alpha-channel-opacity\"\/>\n\n<h3 class=\"wp-block-heading\">Bande<\/h3>\n\n<p><strong>Objectif :<\/strong> traitement des paiements<br\/><strong>Cat\u00e9gorie :<\/strong> Fonctionnel<br\/><em>Remarque :<\/em> les donn\u00e9es de paiement sont trait\u00e9es directement par Stripe. Nous ne recevons pas les donn\u00e9es compl\u00e8tes de la carte ou du compte. <\/p>\n\n<hr class=\"wp-block-separator has-alpha-channel-opacity\"\/>\n\n<h3 class=\"wp-block-heading\">Autres cookies n\u00e9cessaires d&rsquo;un point de vue technique<\/h3>\n\n<p><strong>Objectif :<\/strong> assurer le fonctionnement technique<br\/><strong>Cat\u00e9gorie :<\/strong> fonctionnel<\/p>\n\n<hr class=\"wp-block-separator has-alpha-channel-opacity\"\/>\n\n<h2 class=\"wp-block-heading\">6. consentement<\/h2>\n\n<p>Lors de votre premi\u00e8re visite sur notre site, une banni\u00e8re de cookies s&rsquo;affiche.<br\/>Les cookies techniquement n\u00e9cessaires sont automatiquement install\u00e9s.<br\/>Si d&rsquo;autres cat\u00e9gories sont utilis\u00e9es, vous pouvez modifier votre consentement \u00e0 tout moment.<\/p>\n\n<hr class=\"wp-block-separator has-alpha-channel-opacity\"\/>\n\n<h2 class=\"wp-block-heading\">7. gestion des cookies<\/h2>\n\n<p>Vous pouvez \u00e0 tout moment supprimer ou bloquer les cookies en modifiant les param\u00e8tres de votre navigateur. Veuillez noter que cela peut limiter les fonctionnalit\u00e9s du site. <\/p>\n\n<hr class=\"wp-block-separator has-alpha-channel-opacity\"\/>\n\n<h2 class=\"wp-block-heading\">8. vos droits<\/h2>\n\n<p>Vous avez le droit de<\/p>\n\n<ul class=\"wp-block-list\">\n<li>Renseignements<\/li>\n\n\n\n<li>Rectification<\/li>\n\n\n\n<li>Suppression<\/li>\n\n\n\n<li>Limitation du traitement<\/li>\n\n\n\n<li>R\u00e9vocation d&rsquo;un consentement<\/li>\n\n\n\n<li>Plainte aupr\u00e8s de l&rsquo;autorit\u00e9 comp\u00e9tente en mati\u00e8re de protection des donn\u00e9es<\/li>\n<\/ul>\n\n<p>Pour plus d&rsquo;informations, consultez notre <strong>politique de confidentialit\u00e9<\/strong>.<\/p>\n\n<hr class=\"wp-block-separator has-alpha-channel-opacity\"\/>\n\n<h2 class=\"wp-block-heading\">9. coordonn\u00e9es<\/h2>\n\n<p><strong>Balmer Storm Solutions<\/strong><br\/>Schaffhausen, Suisse<br\/>Site web <a href=\"https:\/\/pdrtools.ch\/fr\/\">:<\/a> https:\/\/pdrtools.ch<br\/>E-mail : <a>info@pdrtools.ch<\/a><br\/>T\u00e9l\u00e9phone : +41 78 947 43 88<\/p>\n\n<hr class=\"wp-block-separator has-alpha-channel-opacity\"\/>\n\n<h2 class=\"wp-block-heading\">10. synchronisation<\/h2>\n\n<p>Cette politique en mati\u00e8re de cookies a \u00e9t\u00e9 revue et adapt\u00e9e pour la derni\u00e8re fois le <strong>14\/01\/2026<\/strong>.<\/p>\n\n<p><\/p>\n","protected":false},"excerpt":{"rendered":"<p>Politique en mati\u00e8re de cookies Cette politique en mati\u00e8re de cookies a \u00e9t\u00e9 mise \u00e0 jour pour la derni\u00e8re fois le 14.01.2026 et s&rsquo;applique aux utilisateurs r\u00e9sidant en Suisse et dans l&rsquo;Espace \u00e9conomique europ\u00e9en (EEE). 1. introduction Notre site web https:\/\/pdrtools.ch utilise des cookies et des technologies similaires. Les cookies sont cr\u00e9\u00e9s par nous-m\u00eames et [&#8230;]\n","protected":false},"author":1,"featured_media":0,"parent":0,"menu_order":0,"comment_status":"closed","ping_status":"closed","template":"","meta":{"footnotes":""},"class_list":["post-3225","page","type-page","status-publish","hentry"],"_links":{"self":[{"href":"https:\/\/pdrtools.ch\/fr\/wp-json\/wp\/v2\/pages\/3225","targetHints":{"allow":["GET"]}}],"collection":[{"href":"https:\/\/pdrtools.ch\/fr\/wp-json\/wp\/v2\/pages"}],"about":[{"href":"https:\/\/pdrtools.ch\/fr\/wp-json\/wp\/v2\/types\/page"}],"author":[{"embeddable":true,"href":"https:\/\/pdrtools.ch\/fr\/wp-json\/wp\/v2\/users\/1"}],"replies":[{"embeddable":true,"href":"https:\/\/pdrtools.ch\/fr\/wp-json\/wp\/v2\/comments?post=3225"}],"version-history":[{"count":5,"href":"https:\/\/pdrtools.ch\/fr\/wp-json\/wp\/v2\/pages\/3225\/revisions"}],"predecessor-version":[{"id":9685,"href":"https:\/\/pdrtools.ch\/fr\/wp-json\/wp\/v2\/pages\/3225\/revisions\/9685"}],"wp:attachment":[{"href":"https:\/\/pdrtools.ch\/fr\/wp-json\/wp\/v2\/media?parent=3225"}],"curies":[{"name":"wp","href":"https:\/\/api.w.org\/{rel}","templated":true}]}}