{"id":6251,"date":"2024-06-11T10:21:48","date_gmt":"2024-06-11T08:21:48","guid":{"rendered":"https:\/\/pdrtools.ch\/produkt\/tab-tower-blue\/"},"modified":"2026-04-10T10:13:30","modified_gmt":"2026-04-10T08:13:30","slug":"tab-tower-blue","status":"publish","type":"product","link":"https:\/\/pdrtools.ch\/da\/produkt\/tab-tower-blue\/","title":{"rendered":"Tab-t\u00e5rn &#8211; bl\u00e5"},"content":{"rendered":"<h3>Tab Tower Blue (LIMITED EDITION): Organiser dine PDR-faner effektivt<\/h3>\n<p><span class=\"hljs-variable\">Denne<\/span> <span class=\"hljs-built_in\">Fanen<\/span> <span class=\"hljs-variable\">T\u00e5rn<\/span> <span class=\"hljs-variable\">er<\/span> <span class=\"hljs-variable\">en<\/span> <span class=\"hljs-variable\">begr\u00e6nset<\/span> <span class=\"hljs-variable\">Udgave<\/span><span class=\"hljs-operator\">.<\/span> <span class=\"hljs-variable\">Den<\/span> <span class=\"hljs-variable\">R\u00e6kkevidde<\/span> <span class=\"hljs-variable\">af<\/span> <span class=\"hljs-variable\">Gennemsigtig<\/span> <span class=\"hljs-variable\">bl\u00e5<\/span> <span class=\"hljs-variable\">Overfladebehandlinger<\/span> <span class=\"hljs-variable\">varer<\/span> <span class=\"hljs-variable\">i<\/span> <span class=\"hljs-variable\">den<\/span> <span class=\"hljs-variable\">Produktion<\/span> <span class=\"hljs-variable\">n\u00e6sten<\/span> <span class=\"hljs-variable\">dobbelt<\/span> <span class=\"hljs-variable\">s\u00e5<\/span> <span class=\"hljs-variable\">lang<\/span><span class=\"hljs-operator\">.<\/span> <span class=\"hljs-variable\">Den<\/span> <span class=\"hljs-built_in\">Fanen<\/span> <span class=\"hljs-variable\">T\u00e5rn<\/span><span class=\"hljs-operator\">,<\/span> <span class=\"hljs-variable\">gulvet<\/span><span class=\"hljs-operator\">,<\/span> <span class=\"hljs-variable\">den<\/span> <span class=\"hljs-variable\">L\u00e5g<\/span> <span class=\"hljs-variable\">og<\/span> <span class=\"hljs-variable\">den<\/span> <span class=\"hljs-variable\">midten<\/span> <span class=\"hljs-variable\">Adf\u00e6rd<\/span><span class=\"hljs-variable\">Alle<\/span><span class=\"hljs-operator\"> aldersgrupper<\/span> <span class=\"hljs-variable\">har den<\/span> <span class=\"hljs-variable\">samme<\/span> <span class=\"hljs-variable\">ensartede<\/span> <span class=\"hljs-variable\">farve.<\/span><\/p>\n<p>Tab Tower er den ideelle l\u00f8sning til at holde dine selvkl\u00e6bende PDR-tabs organiseret og tilg\u00e6ngelige. Dette kompakte tilbeh\u00f8r maksimerer effektiviteten p\u00e5 arbejdspladsen og giver mobilitet for PDR-professionelle.  <strong>Vigtigste funktioner:<\/strong><\/p>\n<ul>\n<li><strong>Drejeligt design:<\/strong> F\u00e5 let adgang til alle dine forskellige faner ved blot at dreje Tab Tower.<\/li>\n<li><strong>8 riller:<\/strong> Holder forskellige fanest\u00f8rrelser, fra sm\u00e5 til store.<\/li>\n<li><strong>Aftagelig centerbeholder:<\/strong> Bortskaf kl\u00e6beaffald eller opbevar let nedslag. Hurtig at fjerne og reng\u00f8re. <\/li>\n<li><strong>Sikkert l\u00e5g:<\/strong> Hold dine faner sikre og beskyttede under transport.<\/li>\n<\/ul>\n<p>Kun s\u00e5 l\u00e6nge lager haves!<\/p>\n<p><em>* Forsendelse til EU-lande fra Schweiz kan medf\u00f8re ekstra omkostninger, f.eks. told eller afgifter. *<\/em><\/p>\n","protected":false},"excerpt":{"rendered":"<p>Er din v\u00e6rkt\u00f8jsvogn overfyldt med faner? Tab Tower frig\u00f8r plads, fremskynder reparationer med hurtig og mobil adgang og giver et praktisk sted at bortskaffe kl\u00e6beaffald. En professionel l\u00f8sning til den seri\u00f8se PDR-tekniker.  <\/p>\n<p>&nbsp;<\/p>\n","protected":false},"featured_media":8918,"comment_status":"closed","ping_status":"closed","template":"","meta":[],"product_brand":[],"product_cat":[940],"product_tag":[931],"class_list":{"0":"post-6251","1":"product","2":"type-product","3":"status-publish","4":"has-post-thumbnail","6":"product_cat-vaerktoejsholder","7":"product_tag-tab-taarn","9":"first","10":"instock","11":"sale","12":"sold-individually","13":"taxable","14":"shipping-taxable","15":"purchasable","16":"product-type-simple"},"_links":{"self":[{"href":"https:\/\/pdrtools.ch\/da\/wp-json\/wp\/v2\/product\/6251","targetHints":{"allow":["GET"]}}],"collection":[{"href":"https:\/\/pdrtools.ch\/da\/wp-json\/wp\/v2\/product"}],"about":[{"href":"https:\/\/pdrtools.ch\/da\/wp-json\/wp\/v2\/types\/product"}],"replies":[{"embeddable":true,"href":"https:\/\/pdrtools.ch\/da\/wp-json\/wp\/v2\/comments?post=6251"}],"wp:featuredmedia":[{"embeddable":true,"href":"https:\/\/pdrtools.ch\/da\/wp-json\/wp\/v2\/media\/8918"}],"wp:attachment":[{"href":"https:\/\/pdrtools.ch\/da\/wp-json\/wp\/v2\/media?parent=6251"}],"wp:term":[{"taxonomy":"product_brand","embeddable":true,"href":"https:\/\/pdrtools.ch\/da\/wp-json\/wp\/v2\/product_brand?post=6251"},{"taxonomy":"product_cat","embeddable":true,"href":"https:\/\/pdrtools.ch\/da\/wp-json\/wp\/v2\/product_cat?post=6251"},{"taxonomy":"product_tag","embeddable":true,"href":"https:\/\/pdrtools.ch\/da\/wp-json\/wp\/v2\/product_tag?post=6251"}],"curies":[{"name":"wp","href":"https:\/\/api.w.org\/{rel}","templated":true}]}}