{"id":6215,"date":"2024-07-18T13:22:15","date_gmt":"2024-07-18T11:22:15","guid":{"rendered":"https:\/\/pdrtools.ch\/produkt\/tab-tower-xl-grey\/"},"modified":"2026-04-10T10:12:53","modified_gmt":"2026-04-10T08:12:53","slug":"tab-tower-xl-grey","status":"publish","type":"product","link":"https:\/\/pdrtools.ch\/da\/produkt\/tab-tower-xl-grey\/","title":{"rendered":"Tab Tower XL &#8211; Gr\u00e5"},"content":{"rendered":"<h3>Tab Tower XL &#8211; Gr\u00e5: Organiser dine selvkl\u00e6bende PDR-tabs effektivt<\/h3>\n<p>Tab Tower XL er den ideelle l\u00f8sning til at holde dine selvkl\u00e6bende PDR-tabs organiseret og tilg\u00e6ngelige. Dette kompakte tilbeh\u00f8r maksimerer effektiviteten p\u00e5 arbejdspladsen og giver mobilitet til PDR-professionelle. <\/p>\n<p><strong>Vigtigste funktioner:<\/strong><\/p>\n<ul>\n<li><strong>Ekstra stor:<\/strong> Har plads til flere faner<\/li>\n<li><strong>Drejeligt design:<\/strong> F\u00e5 let adgang til alle dine forskellige faner ved blot at dreje Tab Tower.<\/li>\n<li><strong>8 riller:<\/strong> Holder forskellige fanest\u00f8rrelser, fra sm\u00e5 til store.<\/li>\n<li><strong>Aftagelig centerbeholder:<\/strong> Bortskaf kl\u00e6beaffald eller opbevar let nedslag. Hurtig at fjerne og reng\u00f8re. <\/li>\n<li><strong>Sikkert l\u00e5g:<\/strong> Hold dine faner sikre og beskyttede under transport.<\/li>\n<\/ul>\n<h5>* Faner er kun til demonstration og medf\u00f8lger ikke.<br \/>\n<em>* Forsendelse til EU-lande fra Schweiz kan medf\u00f8re ekstra omkostninger,<\/em> f<em>.eks. told eller afgifter. *<\/em><\/h5>\n","protected":false},"excerpt":{"rendered":"<p>Er din v\u00e6rkt\u00f8jsvogn overfyldt med faner? Tab Tower XL frig\u00f8r plads, fremskynder reparationer med hurtig og mobil adgang og giver et praktisk sted at bortskaffe kl\u00e6beaffald. En professionel l\u00f8sning til den seri\u00f8se PDR-tekniker.  <\/p>\n<p>&nbsp;<\/p>\n","protected":false},"featured_media":6224,"comment_status":"closed","ping_status":"closed","template":"","meta":[],"product_brand":[],"product_cat":[940],"product_tag":[931],"class_list":{"0":"post-6215","1":"product","2":"type-product","3":"status-publish","4":"has-post-thumbnail","6":"product_cat-vaerktoejsholder","7":"product_tag-tab-taarn","9":"first","10":"outofstock","11":"taxable","12":"shipping-taxable","13":"purchasable","14":"product-type-simple"},"_links":{"self":[{"href":"https:\/\/pdrtools.ch\/da\/wp-json\/wp\/v2\/product\/6215","targetHints":{"allow":["GET"]}}],"collection":[{"href":"https:\/\/pdrtools.ch\/da\/wp-json\/wp\/v2\/product"}],"about":[{"href":"https:\/\/pdrtools.ch\/da\/wp-json\/wp\/v2\/types\/product"}],"replies":[{"embeddable":true,"href":"https:\/\/pdrtools.ch\/da\/wp-json\/wp\/v2\/comments?post=6215"}],"wp:featuredmedia":[{"embeddable":true,"href":"https:\/\/pdrtools.ch\/da\/wp-json\/wp\/v2\/media\/6224"}],"wp:attachment":[{"href":"https:\/\/pdrtools.ch\/da\/wp-json\/wp\/v2\/media?parent=6215"}],"wp:term":[{"taxonomy":"product_brand","embeddable":true,"href":"https:\/\/pdrtools.ch\/da\/wp-json\/wp\/v2\/product_brand?post=6215"},{"taxonomy":"product_cat","embeddable":true,"href":"https:\/\/pdrtools.ch\/da\/wp-json\/wp\/v2\/product_cat?post=6215"},{"taxonomy":"product_tag","embeddable":true,"href":"https:\/\/pdrtools.ch\/da\/wp-json\/wp\/v2\/product_tag?post=6215"}],"curies":[{"name":"wp","href":"https:\/\/api.w.org\/{rel}","templated":true}]}}