{"id":6082,"date":"2024-07-22T17:02:46","date_gmt":"2024-07-22T15:02:46","guid":{"rendered":"https:\/\/pdrtools.ch\/produkt\/overtraek-til-gummihaetter\/"},"modified":"2026-04-10T10:06:44","modified_gmt":"2026-04-10T08:06:44","slug":"overtraek-til-gummihaetter","status":"publish","type":"product","link":"https:\/\/pdrtools.ch\/da\/produkt\/overtraek-til-gummihaetter\/","title":{"rendered":"Gummih\u00e6tter til motorhjelmst\u00f8tte af aluminium"},"content":{"rendered":"<p><img data-opt-id=868661191  fetchpriority=\"high\" decoding=\"async\" class=\"alignright wp-image-1280 size-medium\" src=\"https:\/\/mlzzjckobjnb.i.optimole.com\/w:296\/h:300\/q:mauto\/f:best\/https:\/\/pdrtools.ch\/wp-content\/uploads\/2024\/08\/IMG_8010-scaled-e1724407930791.jpeg\" alt=\"Gummih\u00e6tter til motorhjelmst\u00f8tte af aluminium\" width=\"296\" height=\"300\" srcset=\"https:\/\/mlzzjckobjnb.i.optimole.com\/w:296\/h:300\/q:mauto\/f:best\/https:\/\/pdrtools.ch\/wp-content\/uploads\/2024\/08\/IMG_8010-scaled-e1724407930791.jpeg 296w, https:\/\/mlzzjckobjnb.i.optimole.com\/w:100\/h:100\/q:mauto\/f:best\/https:\/\/pdrtools.ch\/wp-content\/uploads\/2024\/08\/IMG_8010-scaled-e1724407930791.jpeg 100w, https:\/\/mlzzjckobjnb.i.optimole.com\/w:1200\/h:1216\/q:mauto\/f:best\/https:\/\/pdrtools.ch\/wp-content\/uploads\/2024\/08\/IMG_8010-scaled-e1724407930791.jpeg 1200w, https:\/\/mlzzjckobjnb.i.optimole.com\/w:1011\/h:1024\/q:mauto\/f:best\/https:\/\/pdrtools.ch\/wp-content\/uploads\/2024\/08\/IMG_8010-scaled-e1724407930791.jpeg 1011w, https:\/\/mlzzjckobjnb.i.optimole.com\/w:768\/h:778\/q:mauto\/f:best\/https:\/\/pdrtools.ch\/wp-content\/uploads\/2024\/08\/IMG_8010-scaled-e1724407930791.jpeg 768w, https:\/\/mlzzjckobjnb.i.optimole.com\/w:1516\/h:1536\/q:mauto\/f:best\/https:\/\/pdrtools.ch\/wp-content\/uploads\/2024\/08\/IMG_8010-scaled-e1724407930791.jpeg 1516w, https:\/\/mlzzjckobjnb.i.optimole.com\/w:1920\/h:1945\/q:mauto\/f:best\/https:\/\/pdrtools.ch\/wp-content\/uploads\/2024\/08\/IMG_8010-scaled-e1724407930791.jpeg 1920w, https:\/\/mlzzjckobjnb.i.optimole.com\/w:1920\/h:1945\/q:mauto\/f:best\/dpr:2\/https:\/\/pdrtools.ch\/wp-content\/uploads\/2024\/08\/IMG_8010-scaled-e1724407930791.jpeg 2x\" sizes=\"(max-width: 296px) 100vw, 296px\" \/><\/p>\n<p data-start=\"87\" data-end=\"347\">Vi er glade for at kunne pr\u00e6sentere vores specialudviklede gummih\u00e6tter til specialister i buleudbedring. Den ideelle l\u00f8sning til udskiftning af standardh\u00e6tter, der slides hurtigt og p\u00e5lideligt, og som minimerer risikoen for ridser i lakken. <\/p>\n<p data-start=\"349\" data-end=\"739\"><strong data-start=\"349\" data-end=\"367\">Dine fordele:<\/strong><br data-start=\"367\" data-end=\"370\">&#8211; <strong data-start=\"372\" data-end=\"392\">H\u00f8j robusthed<\/strong> <strong data-start=\"349\" data-end=\"367\">:<\/strong> Fremstillet af holdbart materiale af h\u00f8j kvalitet til daglig brug<br data-start=\"467\" data-end=\"470\">&#8211; <strong data-start=\"472\" data-end=\"497\">Skridsikker struktur:<\/strong> Sikkert greb uden at glide under arbejdet<br data-start=\"546\" data-end=\"549\">&#8211; <strong data-start=\"551\" data-end=\"573\">H\u00f8j synlighed<\/strong>: F\u00e5s i <strong data-start=\"588\" data-end=\"596\">gul<\/strong> (h\u00f8j synlighed) eller <strong data-start=\"622\" data-end=\"630\">bl\u00e5<\/strong> (diskret alternativ)<br data-start=\"652\" data-end=\"655\">&#8211; <strong data-start=\"657\" data-end=\"681\">Forskellige st\u00f8rrelser:<\/strong> 19 mm og 22 mm passer til standard motorhjelmst\u00f8tter<\/p>\n<p data-start=\"741\" data-end=\"863\">Udstyr din aluminiumshovedst\u00f8tte med p\u00e5lidelige, holdbare h\u00e6tter, og arbejd mere sikkert og effektivt.<\/p>\n<p data-start=\"865\" data-end=\"999\" data-is-last-node=\"\" data-is-only-node=\"\"><em data-start=\"865\" data-end=\"999\" data-is-last-node=\"\">Bem\u00e6rk: Ved forsendelse til EU-lande kan der p\u00e5l\u00f8be ekstra omkostninger s\u00e5som told eller skatter, da vores virksomhed er baseret i Schweiz.<\/em><\/p>\n","protected":false},"excerpt":{"rendered":"<p>Robuste, skridsikre gummih\u00e6tter til motorhjelmst\u00f8tter i aluminium i lysegul eller bl\u00e5. F\u00e5s i 19 mm og 22 mm for at forhindre lakskader og sikre et godt greb. <\/p>\n","protected":false},"featured_media":6095,"comment_status":"closed","ping_status":"closed","template":"","meta":[],"product_brand":[],"product_cat":[927],"product_tag":[928],"class_list":{"0":"post-6082","1":"product","2":"type-product","3":"status-publish","4":"has-post-thumbnail","6":"product_cat-tilbehoer","7":"product_tag-motorhjelmstoette","9":"first","10":"instock","11":"taxable","12":"shipping-taxable","13":"purchasable","14":"product-type-variable"},"_links":{"self":[{"href":"https:\/\/pdrtools.ch\/da\/wp-json\/wp\/v2\/product\/6082","targetHints":{"allow":["GET"]}}],"collection":[{"href":"https:\/\/pdrtools.ch\/da\/wp-json\/wp\/v2\/product"}],"about":[{"href":"https:\/\/pdrtools.ch\/da\/wp-json\/wp\/v2\/types\/product"}],"replies":[{"embeddable":true,"href":"https:\/\/pdrtools.ch\/da\/wp-json\/wp\/v2\/comments?post=6082"}],"wp:featuredmedia":[{"embeddable":true,"href":"https:\/\/pdrtools.ch\/da\/wp-json\/wp\/v2\/media\/6095"}],"wp:attachment":[{"href":"https:\/\/pdrtools.ch\/da\/wp-json\/wp\/v2\/media?parent=6082"}],"wp:term":[{"taxonomy":"product_brand","embeddable":true,"href":"https:\/\/pdrtools.ch\/da\/wp-json\/wp\/v2\/product_brand?post=6082"},{"taxonomy":"product_cat","embeddable":true,"href":"https:\/\/pdrtools.ch\/da\/wp-json\/wp\/v2\/product_cat?post=6082"},{"taxonomy":"product_tag","embeddable":true,"href":"https:\/\/pdrtools.ch\/da\/wp-json\/wp\/v2\/product_tag?post=6082"}],"curies":[{"name":"wp","href":"https:\/\/api.w.org\/{rel}","templated":true}]}}