{"id":6007,"date":"2024-08-09T12:31:49","date_gmt":"2024-08-09T10:31:49","guid":{"rendered":"https:\/\/pdrtools.ch\/produkt\/hurtig-tip-stor\/"},"modified":"2026-04-10T10:06:24","modified_gmt":"2026-04-10T08:06:24","slug":"hurtig-tip-stor","status":"publish","type":"product","link":"https:\/\/pdrtools.ch\/da\/produkt\/hurtig-tip-stor\/","title":{"rendered":"Hurtigt tip &#8211; stor"},"content":{"rendered":"<p><img data-opt-id=420917386  fetchpriority=\"high\" decoding=\"async\" class=\"alignright wp-image-4422 \" src=\"https:\/\/mlzzjckobjnb.i.optimole.com\/w:533\/h:400\/q:mauto\/f:best\/https:\/\/pdrtools.ch\/wp-content\/uploads\/\/IMG_9272.jpeg\" alt=\"\" width=\"406\" height=\"278\">Organiser dine PDR-redskaber som aldrig f\u00f8r med Quick-Tip silikonespidsholderen! Denne innovative holder kan rumme op til 60 PDR-spidser og er lavet af silikone af h\u00f8j kvalitet, som g\u00f8r det utroligt nemt at s\u00e6tte spidserne i og tage dem ud. Det fremskynder reparationsprocessen og \u00f8ger din effektivitet.  <\/p>\n<p>Det fleksible silikonedesign giver et sikkert greb om b\u00e5de normale og mindre spidser. Det omsluttende plastikhus giver ekstra stabilitet og forhindrer spidserne i at falde ud, s\u00e5 v\u00e6rkt\u00f8jsvognen holdes ren og p\u00e6n. Quick-Tip m\u00e5ler 155x125x13 mm og vejer kun 240 g. Den er b\u00e5de kompakt og robust og passer perfekt ind i dit arbejdsomr\u00e5de uden at optage un\u00f8dig plads.  <\/p>\n<p>Quick-Tip f\u00e5s i tre levende farver &#8211; gul, gr\u00e5 og r\u00f8d &#8211; og giver dit v\u00e6rkt\u00f8jss\u00e6t et personligt pr\u00e6g, samtidig med at du altid har dine PDR-spidser lige ved h\u00e5nden.<\/p>\n<p>Forbedr dit reparationsarbejde med Quick-Tip: den ultimative l\u00f8sning til effektivitet, organisering og stil i \u00e9n str\u00f8mlinet pakke.<\/p>\n<p>&nbsp;<\/p>\n","protected":false},"excerpt":{"rendered":"<p>Quick-Tip silikonespidsholderen har plads til op til 60 PDR-spidser, og det fleksible silikonedesign g\u00f8r det nemt at inds\u00e6tte og fjerne spidserne hurtigt. Takket v\u00e6re det robuste plastikhus er dine v\u00e6rkt\u00f8jer altid organiseret og sikkert opbevaret. <\/p>\n","protected":false},"featured_media":6008,"comment_status":"closed","ping_status":"closed","template":"","meta":[],"product_brand":[],"product_cat":[940],"product_tag":[941],"class_list":{"0":"post-6007","1":"product","2":"type-product","3":"status-publish","4":"has-post-thumbnail","6":"product_cat-vaerktoejsholder","7":"product_tag-quicktip","9":"first","10":"instock","11":"taxable","12":"shipping-taxable","13":"purchasable","14":"product-type-variable","15":"has-default-attributes"},"_links":{"self":[{"href":"https:\/\/pdrtools.ch\/da\/wp-json\/wp\/v2\/product\/6007","targetHints":{"allow":["GET"]}}],"collection":[{"href":"https:\/\/pdrtools.ch\/da\/wp-json\/wp\/v2\/product"}],"about":[{"href":"https:\/\/pdrtools.ch\/da\/wp-json\/wp\/v2\/types\/product"}],"replies":[{"embeddable":true,"href":"https:\/\/pdrtools.ch\/da\/wp-json\/wp\/v2\/comments?post=6007"}],"wp:featuredmedia":[{"embeddable":true,"href":"https:\/\/pdrtools.ch\/da\/wp-json\/wp\/v2\/media\/6008"}],"wp:attachment":[{"href":"https:\/\/pdrtools.ch\/da\/wp-json\/wp\/v2\/media?parent=6007"}],"wp:term":[{"taxonomy":"product_brand","embeddable":true,"href":"https:\/\/pdrtools.ch\/da\/wp-json\/wp\/v2\/product_brand?post=6007"},{"taxonomy":"product_cat","embeddable":true,"href":"https:\/\/pdrtools.ch\/da\/wp-json\/wp\/v2\/product_cat?post=6007"},{"taxonomy":"product_tag","embeddable":true,"href":"https:\/\/pdrtools.ch\/da\/wp-json\/wp\/v2\/product_tag?post=6007"}],"curies":[{"name":"wp","href":"https:\/\/api.w.org\/{rel}","templated":true}]}}