{"id":5961,"date":"2024-08-08T19:53:22","date_gmt":"2024-08-08T17:53:22","guid":{"rendered":"https:\/\/pdrtools.ch\/produkt\/magnetisk-slibeblok\/"},"modified":"2026-04-10T10:06:47","modified_gmt":"2026-04-10T08:06:47","slug":"magnetisk-slibeblok","status":"publish","type":"product","link":"https:\/\/pdrtools.ch\/da\/produkt\/magnetisk-slibeblok\/","title":{"rendered":"Magnetisk slibeklods"},"content":{"rendered":"<p><img data-opt-id=1406007410  fetchpriority=\"high\" decoding=\"async\" class=\"size-medium wp-image-9885 alignright\" style=\"color: #555555; font-size: 14.4px; font-weight: bold;\" src=\"https:\/\/mlzzjckobjnb.i.optimole.com\/w:283\/h:400\/q:mauto\/f:best\/https:\/\/pdrtools.ch\/wp-content\/uploads\/\/IMG_6857.jpeg\" alt=\"\" width=\"283\" height=\"400\" srcset=\"https:\/\/mlzzjckobjnb.i.optimole.com\/w:283\/h:400\/q:mauto\/f:best\/https:\/\/pdrtools.ch\/wp-content\/uploads\/IMG_6857-scaled.jpeg 283w, https:\/\/mlzzjckobjnb.i.optimole.com\/w:567\/h:800\/q:mauto\/f:best\/https:\/\/pdrtools.ch\/wp-content\/uploads\/IMG_6857-scaled.jpeg 567w, https:\/\/mlzzjckobjnb.i.optimole.com\/w:768\/h:1084\/q:mauto\/f:best\/https:\/\/pdrtools.ch\/wp-content\/uploads\/IMG_6857-scaled.jpeg 768w, https:\/\/mlzzjckobjnb.i.optimole.com\/w:1088\/h:1536\/q:mauto\/f:best\/https:\/\/pdrtools.ch\/wp-content\/uploads\/IMG_6857-scaled.jpeg 1088w, https:\/\/mlzzjckobjnb.i.optimole.com\/w:1451\/h:2048\/q:mauto\/f:best\/https:\/\/pdrtools.ch\/wp-content\/uploads\/IMG_6857-scaled.jpeg 1451w, https:\/\/mlzzjckobjnb.i.optimole.com\/w:1200\/h:1693\/q:mauto\/f:best\/https:\/\/pdrtools.ch\/wp-content\/uploads\/IMG_6857-scaled.jpeg 1200w, https:\/\/mlzzjckobjnb.i.optimole.com\/w:1814\/h:2560\/q:mauto\/f:best\/https:\/\/pdrtools.ch\/wp-content\/uploads\/IMG_6857-scaled.jpeg 1814w, https:\/\/mlzzjckobjnb.i.optimole.com\/w:1814\/h:2560\/q:mauto\/f:best\/dpr:2\/https:\/\/pdrtools.ch\/wp-content\/uploads\/IMG_6857-scaled.jpeg 2x\" sizes=\"(max-width: 283px) 100vw, 283px\" \/><span style=\"font-size: 14.4px;\">Magnetisk slibeklods &#8211; kompakt og pr\u00e6cis<\/span><\/p>\n<p data-start=\"143\" data-end=\"362\">Den magnetiske slibeklods er et kompakt og alsidigt tilbeh\u00f8r til professionelle PDR-teknikere &#8211; nu med en <strong data-start=\"284\" data-end=\"329\">st\u00e6rkere magnet og et optimeret design,<\/strong> der g\u00f8r arbejdet endnu mere effektivt.<\/p>\n<p data-start=\"364\" data-end=\"483\">Med sin praktiske st\u00f8rrelse p\u00e5 kun 35 \u00d7 28,5 mm er dette v\u00e6rkt\u00f8j perfekt til pr\u00e6cist arbejde p\u00e5 de mest trange steder.<\/p>\n<p data-start=\"485\" data-end=\"791\">Den ene side er udstyret med en kraftig magnet, der er ideel til hurtigt at identificere metaltyper direkte p\u00e5 k\u00f8ret\u00f8jet. Den modsatte side har en bl\u00f8d skumpude, der holder slibemidler som Tolecut-ark sikkert p\u00e5 plads og giver dig mulighed for at arbejde j\u00e6vnt. <\/p>\n<p data-start=\"793\" data-end=\"1154\"><strong data-start=\"793\" data-end=\"808\">H\u00f8jdepunkter:<\/strong><br data-start=\"808\" data-end=\"811\">&#8211; <strong data-start=\"813\" data-end=\"834\">St\u00e6rkere magnet:<\/strong> P\u00e5lidelig materialedetektion direkte p\u00e5 k\u00f8ret\u00f8jet<br data-start=\"884\" data-end=\"887\">&#8211; <strong data-start=\"889\" data-end=\"912\">Optimeret design:<\/strong> Bedre h\u00e5ndtering og kontrol<br data-start=\"945\" data-end=\"948\">&#8211; <strong data-start=\"950\" data-end=\"969\" data-is-only-node=\"\">Bl\u00f8d padside<\/strong>: Perfekt til tolecut og finslibning<br data-start=\"1015\" data-end=\"1018\">&#8211; <strong data-start=\"1020\" data-end=\"1042\">Kompakt design<\/strong>: Ideel til pr\u00e6cist detaljearbejde<br data-start=\"1075\" data-end=\"1078\">&#8211; <strong data-start=\"1080\" data-end=\"1106\">Alsidig<\/strong>: Test, slibning og efterbehandling i \u00e9t v\u00e6rkt\u00f8j<\/p>\n<p data-start=\"1156\" data-end=\"1238\" data-is-last-node=\"\" data-is-only-node=\"\">Et lille, gennemt\u00e6nkt v\u00e6rkt\u00f8j, som g\u00f8r en stor forskel i hverdagen.<\/p>\n<p>&nbsp;<\/p>\n","protected":false},"excerpt":{"rendered":"<p>Denne kompakte slibeklods (35 \u00d7 28,5 mm) har en forst\u00e6rket magnet til hurtig kontrol af metaltyper p\u00e5 k\u00f8ret\u00f8jet. Den modsatte side er udstyret med en bl\u00f8d skumpude, der holder Tolecut-slibeark sikkert p\u00e5 plads &#8211; nu med et forbedret design til endnu mere pr\u00e6cis anvendelse. <\/p>\n","protected":false},"featured_media":10084,"comment_status":"closed","ping_status":"closed","template":"","meta":[],"product_brand":[],"product_cat":[927],"product_tag":[954],"class_list":{"0":"post-5961","1":"product","2":"type-product","3":"status-publish","4":"has-post-thumbnail","6":"product_cat-tilbehoer","7":"product_tag-slibeklods","9":"first","10":"instock","11":"taxable","12":"shipping-taxable","13":"purchasable","14":"product-type-simple"},"_links":{"self":[{"href":"https:\/\/pdrtools.ch\/da\/wp-json\/wp\/v2\/product\/5961","targetHints":{"allow":["GET"]}}],"collection":[{"href":"https:\/\/pdrtools.ch\/da\/wp-json\/wp\/v2\/product"}],"about":[{"href":"https:\/\/pdrtools.ch\/da\/wp-json\/wp\/v2\/types\/product"}],"replies":[{"embeddable":true,"href":"https:\/\/pdrtools.ch\/da\/wp-json\/wp\/v2\/comments?post=5961"}],"wp:featuredmedia":[{"embeddable":true,"href":"https:\/\/pdrtools.ch\/da\/wp-json\/wp\/v2\/media\/10084"}],"wp:attachment":[{"href":"https:\/\/pdrtools.ch\/da\/wp-json\/wp\/v2\/media?parent=5961"}],"wp:term":[{"taxonomy":"product_brand","embeddable":true,"href":"https:\/\/pdrtools.ch\/da\/wp-json\/wp\/v2\/product_brand?post=5961"},{"taxonomy":"product_cat","embeddable":true,"href":"https:\/\/pdrtools.ch\/da\/wp-json\/wp\/v2\/product_cat?post=5961"},{"taxonomy":"product_tag","embeddable":true,"href":"https:\/\/pdrtools.ch\/da\/wp-json\/wp\/v2\/product_tag?post=5961"}],"curies":[{"name":"wp","href":"https:\/\/api.w.org\/{rel}","templated":true}]}}