{"id":5905,"date":"2024-09-22T09:26:42","date_gmt":"2024-09-22T07:26:42","guid":{"rendered":"https:\/\/pdrtools.ch\/produkt\/lysbeskyttelse-pro-v2\/"},"modified":"2026-04-10T10:06:24","modified_gmt":"2026-04-10T08:06:24","slug":"lichtschutz-pro-v3","status":"publish","type":"product","link":"https:\/\/pdrtools.ch\/da\/produkt\/lichtschutz-pro-v3\/","title":{"rendered":"Lysbeskyttelse Pro"},"content":{"rendered":"<h3><strong><img data-opt-id=1791613347  fetchpriority=\"high\" decoding=\"async\" class=\"wp-image-9880 size-medium alignright\" src=\"https:\/\/mlzzjckobjnb.i.optimole.com\/w:533\/h:400\/q:mauto\/f:best\/https:\/\/pdrtools.ch\/wp-content\/uploads\/\/IMG_6852.jpeg\" alt=\"\" width=\"533\" height=\"400\" srcset=\"https:\/\/mlzzjckobjnb.i.optimole.com\/w:533\/h:400\/q:mauto\/f:best\/https:\/\/pdrtools.ch\/wp-content\/uploads\/IMG_6852-scaled.jpeg 533w, https:\/\/mlzzjckobjnb.i.optimole.com\/w:1067\/h:800\/q:mauto\/f:best\/https:\/\/pdrtools.ch\/wp-content\/uploads\/IMG_6852-scaled.jpeg 1067w, https:\/\/mlzzjckobjnb.i.optimole.com\/w:768\/h:576\/q:mauto\/f:best\/https:\/\/pdrtools.ch\/wp-content\/uploads\/IMG_6852-scaled.jpeg 768w, https:\/\/mlzzjckobjnb.i.optimole.com\/w:1536\/h:1152\/q:mauto\/f:best\/https:\/\/pdrtools.ch\/wp-content\/uploads\/IMG_6852-scaled.jpeg 1536w, https:\/\/mlzzjckobjnb.i.optimole.com\/w:1920\/h:1440\/q:mauto\/f:best\/https:\/\/pdrtools.ch\/wp-content\/uploads\/IMG_6852-scaled.jpeg 2048w, https:\/\/mlzzjckobjnb.i.optimole.com\/w:1200\/h:900\/q:mauto\/f:best\/https:\/\/pdrtools.ch\/wp-content\/uploads\/IMG_6852-scaled.jpeg 1200w, https:\/\/mlzzjckobjnb.i.optimole.com\/w:1920\/h:1440\/q:mauto\/f:best\/dpr:2\/https:\/\/pdrtools.ch\/wp-content\/uploads\/IMG_6852-scaled.jpeg 2x\" sizes=\"(max-width: 533px) 100vw, 533px\" \/>Information om produktet<\/strong><\/h3>\n<p data-start=\"117\" data-end=\"414\">Beskyt dit PDR-lyssystem p\u00e5lideligt mod skader p\u00e5 k\u00f8ret\u00f8jet. Light Protection Pro-h\u00e6tterne er specielt udviklet til 25 \u00d7 25 mm-rammer og forhindrer ridser, buler eller skader, hvis LED-lysene kommer for t\u00e6t p\u00e5 f\u00e6lgene, karrosseriet eller undervognen. <\/p>\n<p data-start=\"416\" data-end=\"569\">Takket v\u00e6re det integrerede, <strong data-start=\"434\" data-end=\"462\">sikre l\u00e5sesystem<\/strong> sidder h\u00e6tterne godt fast p\u00e5 rammen og forbliver sikkert p\u00e5 plads, selv under daglig brug p\u00e5 v\u00e6rkstedet.<\/p>\n<h3>Vigtigste funktioner:<\/h3>\n<ul>\n<li>&#8211; <strong data-start=\"708\" data-end=\"730\">Passer perfekt:<\/strong> Til 25 \u00d7 25 mm rammer &#8211; kompatibel med DNE, Ultra Dent, Pro PDR og mange andre lygter<br data-start=\"823\" data-end=\"826\">&#8211; <strong data-start=\"828\" data-end=\"849\">Maksimal beskyttelse:<\/strong> Forhindrer p\u00e5lideligt ridser og skader p\u00e5 kundens k\u00f8ret\u00f8j<br data-start=\"912\" data-end=\"915\">&#8211; <strong data-start=\"917\" data-end=\"935\">Sikkert gre<\/strong> b: Integreret l\u00e5sesystem forhindrer udskridning under arbejdet<br data-start=\"1011\" data-end=\"1014\">&#8211; <strong data-start=\"1016\" data-end=\"1037\">Nem at montere<\/strong>: V\u00e6rkt\u00f8jsfri fastg\u00f8relse med t\u00e6t pasform<br data-start=\"1078\" data-end=\"1081\">&#8211; <strong data-start=\"1083\" data-end=\"1105\">Robust materiale:<\/strong> St\u00f8dabsorberende, slidst\u00e6rkt gummi til daglig brug<br data-start=\"1169\" data-end=\"1172\">&#8211; <strong data-start=\"1174\" data-end=\"1200\">Alsidig<\/strong> brug: Ideel til PDR-teknikere, v\u00e6rksteder og garager<\/li>\n<\/ul>\n<p>Beskyt kundernes k\u00f8ret\u00f8jer mod ridser og skader med vores beskyttelsesh\u00e6tter af gummi &#8211; det vigtigste tilbeh\u00f8r til professionel vedligeholdelse af PDR-lys.<\/p>\n<p><iframe title=\"YouTube-videoafspiller\" src=\"https:\/\/www.youtube.com\/embed\/Z1tU0nCJU9I?si=xwlX6-3UKxzJYtuf\" width=\"560\" height=\"315\" frameborder=\"0\" allowfullscreen=\"allowfullscreen\"><\/iframe><\/p>\n","protected":false},"excerpt":{"rendered":"<p>Beskyt kundernes k\u00f8ret\u00f8jer mod ridser og skader, n\u00e5r v\u00e6rkstedets LED-lys ved et uheld flyttes for t\u00e6t p\u00e5. Disse holdbare gummih\u00e6tter passer til 25&#215;25 mm rammer og er kompatible med DNEPro, Ultra Dent, Pro PDR Lights m.fl. Nem installation uden brug af v\u00e6rkt\u00f8j &#8211; til sikker og professionel brug. F\u00e5s nu i <strong data-start=\"591\" data-end=\"606\">gul (bl\u00f8d)<\/strong> og <strong data-start=\"611\" data-end=\"626\">bl\u00e5 (h\u00e5rd).<\/strong>   <\/p>\n","protected":false},"featured_media":9420,"comment_status":"closed","ping_status":"closed","template":"","meta":[],"product_brand":[],"product_cat":[927],"product_tag":[946],"class_list":{"0":"post-5905","1":"product","2":"type-product","3":"status-publish","4":"has-post-thumbnail","6":"product_cat-tilbehoer","7":"product_tag-lysbeskyttelse-pro","9":"first","10":"instock","11":"taxable","12":"shipping-taxable","13":"purchasable","14":"product-type-variable"},"_links":{"self":[{"href":"https:\/\/pdrtools.ch\/da\/wp-json\/wp\/v2\/product\/5905","targetHints":{"allow":["GET"]}}],"collection":[{"href":"https:\/\/pdrtools.ch\/da\/wp-json\/wp\/v2\/product"}],"about":[{"href":"https:\/\/pdrtools.ch\/da\/wp-json\/wp\/v2\/types\/product"}],"replies":[{"embeddable":true,"href":"https:\/\/pdrtools.ch\/da\/wp-json\/wp\/v2\/comments?post=5905"}],"wp:featuredmedia":[{"embeddable":true,"href":"https:\/\/pdrtools.ch\/da\/wp-json\/wp\/v2\/media\/9420"}],"wp:attachment":[{"href":"https:\/\/pdrtools.ch\/da\/wp-json\/wp\/v2\/media?parent=5905"}],"wp:term":[{"taxonomy":"product_brand","embeddable":true,"href":"https:\/\/pdrtools.ch\/da\/wp-json\/wp\/v2\/product_brand?post=5905"},{"taxonomy":"product_cat","embeddable":true,"href":"https:\/\/pdrtools.ch\/da\/wp-json\/wp\/v2\/product_cat?post=5905"},{"taxonomy":"product_tag","embeddable":true,"href":"https:\/\/pdrtools.ch\/da\/wp-json\/wp\/v2\/product_tag?post=5905"}],"curies":[{"name":"wp","href":"https:\/\/api.w.org\/{rel}","templated":true}]}}