{"id":5865,"date":"2024-09-03T18:26:54","date_gmt":"2024-09-03T16:26:54","guid":{"rendered":"https:\/\/pdrtools.ch\/produkt\/lysbeskyttelse-pro\/"},"modified":"2024-09-03T18:26:54","modified_gmt":"2024-09-03T16:26:54","slug":"lysbeskyttelse-pro","status":"publish","type":"product","link":"https:\/\/pdrtools.ch\/da\/produkt\/lysbeskyttelse-pro\/","title":{"rendered":"Lysbeskyttelse Pro"},"content":{"rendered":"<h3><strong><img data-opt-id=1979094883  fetchpriority=\"high\" decoding=\"async\" class=\"alignright wp-image-1313 size-medium\" src=\"https:\/\/autoausbeulen.ch\/wp-content\/uploads\/IMG_8086-225x300.jpeg\" alt=\"Lysbeskyttelse Pro\" width=\"225\" height=\"300\">Information om produktet<\/strong><\/h3>\n<p>Beskyt dit PDR-lyssystem med vores gummibeskyttelsesh\u00e6tter, som er specielt udviklet til 25&#215;25 mm-rammer. Disse robuste gummih\u00e6tter af h\u00f8j kvalitet forhindrer ridser, buler eller skader p\u00e5 k\u00f8ret\u00f8jet, hvis v\u00e6rkstedets LED-lygter ved et uheld skubbes for t\u00e6t p\u00e5 hjulene eller undervognen. <\/p>\n<h3><strong>Vigtigste funktioner:<\/strong><\/h3>\n<ul>\n<li><strong>Perfekt pasform<\/strong>: Specielt udviklet til 25&#215;25 mm rammer og kompatibel med almindelige PDR-lygter som DNE, Ultra Dent, Pro PDR-lygter m.fl.<\/li>\n<li><strong>Maksimal beskyttelse af k\u00f8ret\u00f8jer<\/strong>: Forhindrer ridser og skader p\u00e5 kundernes k\u00f8ret\u00f8jer for\u00e5rsaget af utilsigtede st\u00f8d p\u00e5 lygtebaserne.<\/li>\n<li><strong>Let at montere<\/strong>: Skub blot h\u00e6tterne over rammens ender &#8211; intet v\u00e6rkt\u00f8j n\u00f8dvendigt, sikker og t\u00e6t pasform.<\/li>\n<li><strong>Materiale af h\u00f8j kvalitet<\/strong>: Fremstillet af fleksibelt, st\u00f8dabsorberende gummi, der sidder godt fast og giver p\u00e5lidelig beskyttelse, n\u00e5r det bruges i v\u00e6rksteder.<\/li>\n<li><strong>Alsidig i brug<\/strong>: Ideel til brug i PDR-milj\u00f8er (teknologi til fjernelse af lakskader uden buler), bilv\u00e6rksteder og overalt, hvor der bruges LED-lys i n\u00e6rheden af k\u00f8ret\u00f8jer.<\/li>\n<\/ul>\n<p>Beskyt kundernes k\u00f8ret\u00f8jer mod ridser og skader med vores beskyttelsesh\u00e6tter af gummi &#8211; det vigtigste tilbeh\u00f8r til professionel vedligeholdelse af PDR-lys.<\/p>\n<p><iframe title=\"YouTube-videoafspiller\" src=\"https:\/\/www.youtube.com\/embed\/Z1tU0nCJU9I?si=xwlX6-3UKxzJYtuf\" width=\"560\" height=\"315\" frameborder=\"0\" allowfullscreen=\"allowfullscreen\"><\/iframe><\/p>\n","protected":false},"excerpt":{"rendered":"<p>Beskyt kundernes k\u00f8ret\u00f8jer mod ridser og skader, n\u00e5r v\u00e6rkstedets LED-lys ved et uheld flyttes for t\u00e6t p\u00e5.<br \/>\nDisse holdbare gummih\u00e6tter passer til 25&#215;25 mm rammer og er kompatible med DNEPro, Ultra Dent, Pro PDR Lights og meget mere.<br \/>\nNem installation uden v\u00e6rkt\u00f8j &#8211; til sikker og professionel brug  <\/p>\n","protected":false},"featured_media":0,"comment_status":"closed","ping_status":"closed","template":"","meta":[],"product_brand":[],"product_cat":[38],"product_tag":[],"class_list":{"0":"post-5865","1":"product","2":"type-product","3":"status-publish","5":"product_cat-zubehoer","7":"first","8":"instock","9":"sale","10":"taxable","11":"shipping-taxable","12":"purchasable","13":"product-type-simple"},"_links":{"self":[{"href":"https:\/\/pdrtools.ch\/da\/wp-json\/wp\/v2\/product\/5865","targetHints":{"allow":["GET"]}}],"collection":[{"href":"https:\/\/pdrtools.ch\/da\/wp-json\/wp\/v2\/product"}],"about":[{"href":"https:\/\/pdrtools.ch\/da\/wp-json\/wp\/v2\/types\/product"}],"replies":[{"embeddable":true,"href":"https:\/\/pdrtools.ch\/da\/wp-json\/wp\/v2\/comments?post=5865"}],"wp:attachment":[{"href":"https:\/\/pdrtools.ch\/da\/wp-json\/wp\/v2\/media?parent=5865"}],"wp:term":[{"taxonomy":"product_brand","embeddable":true,"href":"https:\/\/pdrtools.ch\/da\/wp-json\/wp\/v2\/product_brand?post=5865"},{"taxonomy":"product_cat","embeddable":true,"href":"https:\/\/pdrtools.ch\/da\/wp-json\/wp\/v2\/product_cat?post=5865"},{"taxonomy":"product_tag","embeddable":true,"href":"https:\/\/pdrtools.ch\/da\/wp-json\/wp\/v2\/product_tag?post=5865"}],"curies":[{"name":"wp","href":"https:\/\/api.w.org\/{rel}","templated":true}]}}