{"id":5801,"date":"2024-09-22T20:16:50","date_gmt":"2024-09-22T18:16:50","guid":{"rendered":"https:\/\/pdrtools.ch\/produkt\/hurtig-tip-lille\/"},"modified":"2024-09-22T20:16:50","modified_gmt":"2024-09-22T18:16:50","slug":"hurtig-tip-lille","status":"publish","type":"product","link":"https:\/\/pdrtools.ch\/da\/produkt\/hurtig-tip-lille\/","title":{"rendered":"Hurtigt tip &#8211; Lille"},"content":{"rendered":"<p><img data-opt-id=72858711  fetchpriority=\"high\" decoding=\"async\" class=\" wp-image-2192 alignright\" src=\"https:\/\/mlzzjckobjnb.i.optimole.com\/w:533\/h:400\/q:mauto\/f:best\/https:\/\/pdrtools.ch\/wp-content\/uploads\/\/QuickTip-SML-Blau.jpeg\" alt=\"\" width=\"482\" height=\"342\">Organiser dine PDR-redskaber som aldrig f\u00f8r med Quick-Tip Small! Denne innovative holder har plads til op til 17 PDR-spidser og er lavet af silikone af h\u00f8j kvalitet, som g\u00f8r det utroligt nemt at s\u00e6tte spidserne i og tage dem ud. Det fremskynder reparationsprocessen og \u00f8ger din effektivitet. Det fleksible silikonedesign sikrer et sikkert greb om b\u00e5de normale og mindre spidser. Det omsluttende plastikhus giver ekstra stabilitet og forhindrer spidserne i at falde ud, s\u00e5 du kan holde din v\u00e6rkt\u00f8jsvogn ren og ryddelig. Quick-Tip m\u00e5ler 149x69x13 mm og vejer kun 140 g. Den er b\u00e5de kompakt og robust og passer perfekt ind i dit arbejdsomr\u00e5de uden at optage un\u00f8dig plads. Quick-Tip f\u00e5s i to livlige farver &#8211; gul og bl\u00e5 &#8211; og giver dit v\u00e6rkt\u00f8jss\u00e6t et personligt pr\u00e6g, samtidig med at du altid har dine PDR-spidser lige ved h\u00e5nden. Forbedr dit reparationsarbejde med Quick-Tip silikonespidsholderen: den ultimative l\u00f8sning til effektivitet, organisering og stil i \u00e9n slank pakke.  <\/p>\n<h3><strong>Dette produkt vil blive erstattet af den nye version Quick-Tip Small V2. Sikr dig det resterende lager nu med rabat, s\u00e5 l\u00e6nge lager haves! <\/strong><\/h3>\n","protected":false},"excerpt":{"rendered":"<p>Quick-Tip Small har plads til op til 17 PDR-spidser, og det fleksible silikonedesign g\u00f8r det nemt at inds\u00e6tte og fjerne spidserne hurtigt.<br \/>\nTakket v\u00e6re det robuste plastikhus er dine v\u00e6rkt\u00f8jer altid organiseret og sikkert opbevaret. <\/p>\n","protected":false},"featured_media":5810,"comment_status":"closed","ping_status":"closed","template":"","meta":[],"product_brand":[],"product_cat":[38],"product_tag":[],"class_list":{"0":"post-5801","1":"product","2":"type-product","3":"status-publish","4":"has-post-thumbnail","6":"product_cat-zubehoer","8":"first","9":"instock","10":"sale","11":"taxable","12":"shipping-taxable","13":"purchasable","14":"product-type-variable"},"_links":{"self":[{"href":"https:\/\/pdrtools.ch\/da\/wp-json\/wp\/v2\/product\/5801","targetHints":{"allow":["GET"]}}],"collection":[{"href":"https:\/\/pdrtools.ch\/da\/wp-json\/wp\/v2\/product"}],"about":[{"href":"https:\/\/pdrtools.ch\/da\/wp-json\/wp\/v2\/types\/product"}],"replies":[{"embeddable":true,"href":"https:\/\/pdrtools.ch\/da\/wp-json\/wp\/v2\/comments?post=5801"}],"wp:featuredmedia":[{"embeddable":true,"href":"https:\/\/pdrtools.ch\/da\/wp-json\/wp\/v2\/media\/5810"}],"wp:attachment":[{"href":"https:\/\/pdrtools.ch\/da\/wp-json\/wp\/v2\/media?parent=5801"}],"wp:term":[{"taxonomy":"product_brand","embeddable":true,"href":"https:\/\/pdrtools.ch\/da\/wp-json\/wp\/v2\/product_brand?post=5801"},{"taxonomy":"product_cat","embeddable":true,"href":"https:\/\/pdrtools.ch\/da\/wp-json\/wp\/v2\/product_cat?post=5801"},{"taxonomy":"product_tag","embeddable":true,"href":"https:\/\/pdrtools.ch\/da\/wp-json\/wp\/v2\/product_tag?post=5801"}],"curies":[{"name":"wp","href":"https:\/\/api.w.org\/{rel}","templated":true}]}}