{"id":5779,"date":"2024-09-24T13:50:49","date_gmt":"2024-09-24T11:50:49","guid":{"rendered":"https:\/\/pdrtools.ch\/produkt\/23mm-silikone-haette-til-kold-lim-plader\/"},"modified":"2026-04-10T10:06:47","modified_gmt":"2026-04-10T08:06:47","slug":"23mm-silikone-haette-til-kold-lim-plader","status":"publish","type":"product","link":"https:\/\/pdrtools.ch\/da\/produkt\/23mm-silikone-haette-til-kold-lim-plader\/","title":{"rendered":"23 mm silikoneh\u00e6tte til kolde limflige"},"content":{"rendered":"<p>Vores specialudviklede silikoneh\u00e6tter til PDR-teknikere giver optimal beskyttelse af dine kolde limflige. Disse silikoneh\u00e6tter forhindrer snavs i at komme p\u00e5 koldlimen og er en praktisk opbevaringsl\u00f8sning til dine koldlimsh\u00e6tter. Takket v\u00e6re silikonens s\u00e6rlige egenskaber kl\u00e6ber h\u00e6tterne ikke til den kolde lim, hvilket g\u00f8r det nemt at inds\u00e6tte og fjerne de kolde limflige.  <\/p>\n<p>Vores silikoneh\u00e6tter f\u00e5s i mange forskellige former og st\u00f8rrelser, s\u00e5 de passer til alle dine koldlimflige. De er udviklet og produceret af en PDR-tekniker til PDR-teknikere og holder din v\u00e6rkt\u00f8jskasse ren og p\u00e6n. <\/p>\n<p><strong>Indvendig dimension: 22mm-23mm<\/strong><\/p>\n<p><em>F\u00e5s ogs\u00e5 i: 13 mm, 17 mm, 19 mm, 23 mm, 26 mm, 30 mm, 41 mm, 56 mm, 35&#215;10 mm, 35&#215;80 mm og 35&#215;150 mm.  <\/em><\/p>\n","protected":false},"excerpt":{"rendered":"<p>Vores specialudviklede silikoneh\u00e6tter beskytter koldlimtabs mod snavs og er en praktisk opbevaringsl\u00f8sning. De f\u00e5s i forskellige former og st\u00f8rrelser og er ideelle for PDR-teknikere, da de ikke kl\u00e6ber til den kolde lim og er nemme at h\u00e5ndtere. <\/p>\n","protected":false},"featured_media":6197,"comment_status":"closed","ping_status":"closed","template":"","meta":[],"product_brand":[],"product_cat":[937],"product_tag":[938],"class_list":{"0":"post-5779","1":"product","2":"type-product","3":"status-publish","4":"has-post-thumbnail","6":"product_cat-koldt-klaebende-haetter","7":"product_tag-koldt-klaebende-haetter","9":"first","10":"instock","11":"taxable","12":"shipping-taxable","13":"purchasable","14":"product-type-simple"},"_links":{"self":[{"href":"https:\/\/pdrtools.ch\/da\/wp-json\/wp\/v2\/product\/5779","targetHints":{"allow":["GET"]}}],"collection":[{"href":"https:\/\/pdrtools.ch\/da\/wp-json\/wp\/v2\/product"}],"about":[{"href":"https:\/\/pdrtools.ch\/da\/wp-json\/wp\/v2\/types\/product"}],"replies":[{"embeddable":true,"href":"https:\/\/pdrtools.ch\/da\/wp-json\/wp\/v2\/comments?post=5779"}],"wp:featuredmedia":[{"embeddable":true,"href":"https:\/\/pdrtools.ch\/da\/wp-json\/wp\/v2\/media\/6197"}],"wp:attachment":[{"href":"https:\/\/pdrtools.ch\/da\/wp-json\/wp\/v2\/media?parent=5779"}],"wp:term":[{"taxonomy":"product_brand","embeddable":true,"href":"https:\/\/pdrtools.ch\/da\/wp-json\/wp\/v2\/product_brand?post=5779"},{"taxonomy":"product_cat","embeddable":true,"href":"https:\/\/pdrtools.ch\/da\/wp-json\/wp\/v2\/product_cat?post=5779"},{"taxonomy":"product_tag","embeddable":true,"href":"https:\/\/pdrtools.ch\/da\/wp-json\/wp\/v2\/product_tag?post=5779"}],"curies":[{"name":"wp","href":"https:\/\/api.w.org\/{rel}","templated":true}]}}