{"id":11234,"date":"2026-04-15T10:03:49","date_gmt":"2026-04-15T08:03:49","guid":{"rendered":"https:\/\/pdrtools.ch\/?post_type=product&#038;p=11234"},"modified":"2026-04-15T10:24:34","modified_gmt":"2026-04-15T08:24:34","slug":"holder-til-sprayflaske-kopie","status":"publish","type":"product","link":"https:\/\/pdrtools.ch\/da\/produkt\/holder-til-sprayflaske-kopie\/","title":{"rendered":"Limgrav med l\u00e5g"},"content":{"rendered":"<p style=\"line-height: 1.2; margin-bottom: 6px;\"><strong style=\"font-size: 20px;\">Tab Tower &#8211; Limgrav<\/strong><br \/>\n<span style=\"font-size: 15px; font-weight: 500;\">Ren. Organiseret. Klar til at tage fat.  <\/span><\/p>\n<p style=\"margin-bottom: 12px;\"><img data-opt-id=1949794250  fetchpriority=\"high\" decoding=\"async\" class=\"size-medium wp-image-11254 alignright\" src=\"https:\/\/mlzzjckobjnb.i.optimole.com\/w:533\/h:400\/q:mauto\/f:best\/https:\/\/pdrtools.ch\/wp-content\/uploads\/\/IMG_6918.jpeg\" alt=\"\" width=\"533\" height=\"400\" srcset=\"https:\/\/mlzzjckobjnb.i.optimole.com\/w:533\/h:400\/q:mauto\/f:best\/https:\/\/pdrtools.ch\/wp-content\/uploads\/IMG_6918-scaled.jpeg 533w, https:\/\/mlzzjckobjnb.i.optimole.com\/w:1067\/h:800\/q:mauto\/f:best\/https:\/\/pdrtools.ch\/wp-content\/uploads\/IMG_6918-scaled.jpeg 1067w, https:\/\/mlzzjckobjnb.i.optimole.com\/w:768\/h:576\/q:mauto\/f:best\/https:\/\/pdrtools.ch\/wp-content\/uploads\/IMG_6918-scaled.jpeg 768w, https:\/\/mlzzjckobjnb.i.optimole.com\/w:1536\/h:1152\/q:mauto\/f:best\/https:\/\/pdrtools.ch\/wp-content\/uploads\/IMG_6918-scaled.jpeg 1536w, https:\/\/mlzzjckobjnb.i.optimole.com\/w:1920\/h:1440\/q:mauto\/f:best\/https:\/\/pdrtools.ch\/wp-content\/uploads\/IMG_6918-scaled.jpeg 2048w, https:\/\/mlzzjckobjnb.i.optimole.com\/w:1200\/h:900\/q:mauto\/f:best\/https:\/\/pdrtools.ch\/wp-content\/uploads\/IMG_6918-scaled.jpeg 1200w, https:\/\/mlzzjckobjnb.i.optimole.com\/w:1920\/h:1440\/q:mauto\/f:best\/dpr:2\/https:\/\/pdrtools.ch\/wp-content\/uploads\/IMG_6918-scaled.jpeg 2x\" sizes=\"(max-width: 533px) 100vw, 533px\" \/><\/p>\n<p data-start=\"175\" data-end=\"322\">Med Tab Tower &#8211; Glue Grave har du endelig et permanent sted til limrester, brugte tabs eller sm\u00e5 stykker affald &#8211; direkte p\u00e5 dit Tab Tower.<\/p>\n<p data-start=\"324\" data-end=\"619\">Den praktiske slide-in-beholder s\u00e6ttes blot ind i en ledig \u00e5bning og sikrer straks en ren og organiseret arbejdsplads. Glue Grave kommer virkelig til sin ret i kombination med Double Stacker &#8211; alt forbliver kompakt, inden for r\u00e6kkevidde og organiseret. <\/p>\n<p data-start=\"621\" data-end=\"852\">Det medf\u00f8lgende l\u00e5g kan s\u00e6ttes p\u00e5 siden af beholderen og er derfor altid tilg\u00e6ngeligt. N\u00e5r beholderen ikke er i brug, kan det placeres ovenp\u00e5 og sidder sikkert fast, s\u00e5 snart Tab Tower er lukket. <\/p>\n<p data-start=\"854\" data-end=\"1253\"><strong>Funktioner:<\/strong><br data-start=\"863\" data-end=\"866\">&#8211; Slide-in-system: Passer ind i de frie \u00e5bninger i Tab Tower Reloaded<br data-start=\"928\" data-end=\"931\">&#8211; Ren arbejdsgang: Ideel til kl\u00e6berester, faner og sm\u00e5t affald<br data-start=\"997\" data-end=\"1000\">&#8211; L\u00e5g med sidefastg\u00f8relse: Altid lige ved h\u00e5nden, ingen tab<br data-start=\"1066\" data-end=\"1069\">&#8211; Kan l\u00e5ses sikkert: Fastg\u00f8res p\u00e5 plads af Tab Tower-l\u00e5get<br data-start=\"1133\" data-end=\"1136\">&#8211; Perfekt sammen med Double Stacker: Maksimal effektivitet og organisering<br data-start=\"1196\" data-end=\"1199\">&#8211; Robust og let: Lavet til hverdagsbrug<\/p>\n<p data-start=\"1255\" data-end=\"1324\">En lille detalje, som g\u00f8r din arbejdsplads meget renere.<\/p>\n<p data-start=\"1326\" data-end=\"1386\"><em><strong>Kompatibel udelukkende med den nye Tab Tower Reloaded.<\/strong><\/em><\/p>\n<p style=\"line-height: 1.15; margin-bottom: 0;\"><strong style=\"font-size: 20px;\"> <\/strong><\/p>\n","protected":false},"excerpt":{"rendered":"<p>Praktisk slide-in beholder til kl\u00e6berester og affald &#8211; inklusive l\u00e5g. For en ren, organiseret arbejdsgang p\u00e5 Tab Tower Reloaded.  <\/p>\n","protected":false},"featured_media":11268,"comment_status":"closed","ping_status":"closed","template":"","meta":[],"product_brand":[],"product_cat":[930],"product_tag":[931],"class_list":{"0":"post-11234","1":"product","2":"type-product","3":"status-publish","4":"has-post-thumbnail","6":"product_cat-tab-taarn","7":"product_tag-tab-taarn","9":"first","10":"instock","11":"taxable","12":"shipping-taxable","13":"purchasable","14":"product-type-simple"},"_links":{"self":[{"href":"https:\/\/pdrtools.ch\/da\/wp-json\/wp\/v2\/product\/11234","targetHints":{"allow":["GET"]}}],"collection":[{"href":"https:\/\/pdrtools.ch\/da\/wp-json\/wp\/v2\/product"}],"about":[{"href":"https:\/\/pdrtools.ch\/da\/wp-json\/wp\/v2\/types\/product"}],"replies":[{"embeddable":true,"href":"https:\/\/pdrtools.ch\/da\/wp-json\/wp\/v2\/comments?post=11234"}],"wp:featuredmedia":[{"embeddable":true,"href":"https:\/\/pdrtools.ch\/da\/wp-json\/wp\/v2\/media\/11268"}],"wp:attachment":[{"href":"https:\/\/pdrtools.ch\/da\/wp-json\/wp\/v2\/media?parent=11234"}],"wp:term":[{"taxonomy":"product_brand","embeddable":true,"href":"https:\/\/pdrtools.ch\/da\/wp-json\/wp\/v2\/product_brand?post=11234"},{"taxonomy":"product_cat","embeddable":true,"href":"https:\/\/pdrtools.ch\/da\/wp-json\/wp\/v2\/product_cat?post=11234"},{"taxonomy":"product_tag","embeddable":true,"href":"https:\/\/pdrtools.ch\/da\/wp-json\/wp\/v2\/product_tag?post=11234"}],"curies":[{"name":"wp","href":"https:\/\/api.w.org\/{rel}","templated":true}]}}