{"id":10997,"date":"2026-04-12T12:44:21","date_gmt":"2026-04-12T10:44:21","guid":{"rendered":"https:\/\/pdrtools.ch\/?post_type=product&#038;p=10997"},"modified":"2026-04-12T13:16:31","modified_gmt":"2026-04-12T11:16:31","slug":"tab-tower-foedder-i-silikone","status":"publish","type":"product","link":"https:\/\/pdrtools.ch\/da\/produkt\/tab-tower-foedder-i-silikone\/","title":{"rendered":"Tab Tower &#8211; f\u00f8dder i silikone"},"content":{"rendered":"<p style=\"line-height: 1.15; margin-bottom: 0;\"><strong style=\"font-size: 20px;\"><img data-opt-id=1249526302  fetchpriority=\"high\" decoding=\"async\" class=\"size-medium wp-image-10211 alignright\" src=\"https:\/\/mlzzjckobjnb.i.optimole.com\/w:300\/h:400\/q:mauto\/f:best\/https:\/\/pdrtools.ch\/wp-content\/uploads\/\/IMG_6887.jpeg\" alt=\"\" width=\"300\" height=\"400\" srcset=\"https:\/\/mlzzjckobjnb.i.optimole.com\/w:300\/h:400\/q:mauto\/f:best\/https:\/\/pdrtools.ch\/wp-content\/uploads\/IMG_6887-scaled.jpeg 300w, https:\/\/mlzzjckobjnb.i.optimole.com\/w:600\/h:800\/q:mauto\/f:best\/https:\/\/pdrtools.ch\/wp-content\/uploads\/IMG_6887-scaled.jpeg 600w, https:\/\/mlzzjckobjnb.i.optimole.com\/w:768\/h:1024\/q:mauto\/f:best\/https:\/\/pdrtools.ch\/wp-content\/uploads\/IMG_6887-scaled.jpeg 768w, https:\/\/mlzzjckobjnb.i.optimole.com\/w:1152\/h:1536\/q:mauto\/f:best\/https:\/\/pdrtools.ch\/wp-content\/uploads\/IMG_6887-scaled.jpeg 1152w, https:\/\/mlzzjckobjnb.i.optimole.com\/w:1536\/h:2048\/q:mauto\/f:best\/https:\/\/pdrtools.ch\/wp-content\/uploads\/IMG_6887-scaled.jpeg 1536w, https:\/\/mlzzjckobjnb.i.optimole.com\/w:1200\/h:1600\/q:mauto\/f:best\/https:\/\/pdrtools.ch\/wp-content\/uploads\/IMG_6887-scaled.jpeg 1200w, https:\/\/mlzzjckobjnb.i.optimole.com\/w:1920\/h:2560\/q:mauto\/f:best\/https:\/\/pdrtools.ch\/wp-content\/uploads\/IMG_6887-scaled.jpeg 1920w, https:\/\/mlzzjckobjnb.i.optimole.com\/w:1920\/h:2560\/q:mauto\/f:best\/dpr:2\/https:\/\/pdrtools.ch\/wp-content\/uploads\/IMG_6887-scaled.jpeg 2x\" sizes=\"(max-width: 300px) 100vw, 300px\" \/>Tab Tower &#8211; Silikonef\u00f8dder x8<\/strong><br \/>\n<span style=\"font-size: 14px; opacity: 0.7;\">Greb. Beskyttelse. Stabilitet.  <\/span><\/p>\n<p data-start=\"233\" data-end=\"344\">Silikonef\u00f8dderne til Tab Tower sikrer et sikkert stativ og beskytter samtidig dine arbejdsflader.<\/p>\n<p data-start=\"346\" data-end=\"558\">Disse specialdesignede indsatser giver et optimalt greb, forhindrer, at fanet\u00e5rnet glider, og reducerer sliddet p\u00e5 v\u00e6rkt\u00f8jets bund. Samtidig beskytter de f\u00f8lsomme overflader mod ridser. <\/p>\n<p data-start=\"560\" data-end=\"635\">Ideel som erstatningsdel, n\u00e5r eksisterende f\u00f8dder slides op med tiden.<\/p>\n<p data-start=\"637\" data-end=\"697\">F\u00e5s i forskellige farver &#8211; s\u00e5 de passer til dit setup.<\/p>\n<p data-start=\"699\" data-end=\"1042\">Funktioner:<br data-start=\"712\" data-end=\"715\">&#8211; <strong data-start=\"717\" data-end=\"740\">Skridsikker effekt<\/strong>: Stabilt stativ selv p\u00e5 glatte overflader<br data-start=\"780\" data-end=\"783\">&#8211; <strong data-start=\"785\" data-end=\"807\">Overfladebeskyttelse<\/strong>: Forhindrer ridser p\u00e5 k\u00f8ret\u00f8jer og arbejdsflader<br data-start=\"860\" data-end=\"863\">&#8211; <strong data-start=\"865\" data-end=\"894\">Beskyttelse<\/strong> af Tab Tower: Reducerer slitage p\u00e5 gulvet<br data-start=\"923\" data-end=\"926\">&#8211; <strong data-start=\"928\" data-end=\"942\">Perfekt pasform<\/strong>: Specielt udviklet til Tab Tower<br data-start=\"980\" data-end=\"983\">&#8211; <strong data-start=\"985\" data-end=\"1000\">Reservedel<\/strong>: Perfekt til udskiftning, n\u00e5r den er <strong data-start=\"717\" data-end=\"740\">slidt<\/strong> op<\/p>\n<h4 data-section-id=\"1xv5ws0\" data-start=\"1055\" data-end=\"1079\"><span role=\"text\"><strong data-start=\"1058\" data-end=\"1077\">Kompatibilitet:<\/strong><\/span><\/h4>\n<p data-start=\"1080\" data-end=\"1202\">Kompatibel med alle Tab Tower-versioner, der har tilsvarende beslag (huller) til silikonef\u00f8dder i basen.<\/p>\n<h4 data-section-id=\"k5qcig\" data-start=\"1049\" data-end=\"1066\"><span role=\"text\"><strong data-start=\"1052\" data-end=\"1064\">Bem\u00e6rk:<\/strong><\/span><\/h4>\n<p data-start=\"1067\" data-end=\"1223\">Angiv venligst den \u00f8nskede farve ved bestilling.<br data-start=\"1123\" data-end=\"1126\">Hvis den er tilg\u00e6ngelig, vil der blive taget h\u00f8jde for dette &#8211; ellers vil leveringen v\u00e6re i <strong data-start=\"1206\" data-end=\"1222\">standard r\u00f8d.<\/strong><\/p>\n<p data-start=\"1067\" data-end=\"1223\"><strong>Inkluderet i leveringen:<\/strong> 8x silikonef\u00f8dder<\/p>\n","protected":false},"excerpt":{"rendered":"<p>Silikonef\u00f8dder til Tab Tower giver mere greb, beskytter overflader og fungerer som en reservedel. Kompatibel med alle modeller med monteringshuller. 8 stk.  <\/p>\n","protected":false},"featured_media":10252,"comment_status":"closed","ping_status":"closed","template":"","meta":[],"product_brand":[],"product_cat":[930],"product_tag":[931],"class_list":{"0":"post-10997","1":"product","2":"type-product","3":"status-publish","4":"has-post-thumbnail","6":"product_cat-tab-taarn","7":"product_tag-tab-taarn","9":"first","10":"instock","11":"taxable","12":"shipping-taxable","13":"purchasable","14":"product-type-simple"},"_links":{"self":[{"href":"https:\/\/pdrtools.ch\/da\/wp-json\/wp\/v2\/product\/10997","targetHints":{"allow":["GET"]}}],"collection":[{"href":"https:\/\/pdrtools.ch\/da\/wp-json\/wp\/v2\/product"}],"about":[{"href":"https:\/\/pdrtools.ch\/da\/wp-json\/wp\/v2\/types\/product"}],"replies":[{"embeddable":true,"href":"https:\/\/pdrtools.ch\/da\/wp-json\/wp\/v2\/comments?post=10997"}],"wp:featuredmedia":[{"embeddable":true,"href":"https:\/\/pdrtools.ch\/da\/wp-json\/wp\/v2\/media\/10252"}],"wp:attachment":[{"href":"https:\/\/pdrtools.ch\/da\/wp-json\/wp\/v2\/media?parent=10997"}],"wp:term":[{"taxonomy":"product_brand","embeddable":true,"href":"https:\/\/pdrtools.ch\/da\/wp-json\/wp\/v2\/product_brand?post=10997"},{"taxonomy":"product_cat","embeddable":true,"href":"https:\/\/pdrtools.ch\/da\/wp-json\/wp\/v2\/product_cat?post=10997"},{"taxonomy":"product_tag","embeddable":true,"href":"https:\/\/pdrtools.ch\/da\/wp-json\/wp\/v2\/product_tag?post=10997"}],"curies":[{"name":"wp","href":"https:\/\/api.w.org\/{rel}","templated":true}]}}