{"id":10978,"date":"2024-10-30T16:12:36","date_gmt":"2024-10-30T15:12:36","guid":{"rendered":"https:\/\/pdrtools.ch\/produkt\/slim-fit-vip-knockdown-caps-bloed-haard\/"},"modified":"2024-10-30T16:12:36","modified_gmt":"2024-10-30T15:12:36","slug":"slim-fit-vip-knockdown-caps-bloed-haard","status":"publish","type":"product","link":"https:\/\/pdrtools.ch\/da\/produkt\/slim-fit-vip-knockdown-caps-bloed-haard\/","title":{"rendered":"Slim Fit &#8211; VIP Knockdown Caps (bl\u00f8d\/h\u00e5rd)"},"content":{"rendered":"<p><strong><img data-opt-id=1493036500  fetchpriority=\"high\" decoding=\"async\" class=\"wp-image-9883 size-medium alignright\" src=\"https:\/\/mlzzjckobjnb.i.optimole.com\/w:533\/h:400\/q:mauto\/f:best\/https:\/\/pdrtools.ch\/wp-content\/uploads\/IMG_6855.jpeg\" alt=\"\" width=\"533\" height=\"400\" srcset=\"https:\/\/mlzzjckobjnb.i.optimole.com\/w:533\/h:400\/q:mauto\/f:best\/https:\/\/pdrtools.ch\/wp-content\/uploads\/IMG_6855-scaled.jpeg 533w, https:\/\/mlzzjckobjnb.i.optimole.com\/w:1067\/h:800\/q:mauto\/f:best\/https:\/\/pdrtools.ch\/wp-content\/uploads\/IMG_6855-scaled.jpeg 1067w, https:\/\/mlzzjckobjnb.i.optimole.com\/w:768\/h:576\/q:mauto\/f:best\/https:\/\/pdrtools.ch\/wp-content\/uploads\/IMG_6855-scaled.jpeg 768w, https:\/\/mlzzjckobjnb.i.optimole.com\/w:1536\/h:1152\/q:mauto\/f:best\/https:\/\/pdrtools.ch\/wp-content\/uploads\/IMG_6855-scaled.jpeg 1536w, https:\/\/mlzzjckobjnb.i.optimole.com\/w:1920\/h:1440\/q:mauto\/f:best\/https:\/\/pdrtools.ch\/wp-content\/uploads\/IMG_6855-scaled.jpeg 2048w, https:\/\/mlzzjckobjnb.i.optimole.com\/w:1200\/h:900\/q:mauto\/f:best\/https:\/\/pdrtools.ch\/wp-content\/uploads\/IMG_6855-scaled.jpeg 1200w, https:\/\/mlzzjckobjnb.i.optimole.com\/w:1920\/h:1440\/q:mauto\/f:best\/dpr:2\/https:\/\/pdrtools.ch\/wp-content\/uploads\/IMG_6855-scaled.jpeg 2x\" sizes=\"(max-width: 533px) 100vw, 533px\" \/><\/strong><\/p>\n<p data-start=\"146\" data-end=\"454\">Slim Fit &#8211; VIP Knockdown Caps er et vigtigt tilbeh\u00f8r til professionelle PDR-teknikere. De er specielt udviklet til at passe perfekt p\u00e5 VIP Knockdown og giver et ekstra lag beskyttelse for at forhindre u\u00f8nskede m\u00e6rker p\u00e5 f\u00f8lsomme lakerede overflader. <\/p>\n<p data-start=\"456\" data-end=\"600\">Takket v\u00e6re deres pr\u00e6cise pasform bevarer du hele tiden fuld f\u00f8ling med og kontrol over dit v\u00e6rkt\u00f8j &#8211; uden at g\u00e5 p\u00e5 kompromis med n\u00f8jagtigheden.<\/p>\n<p data-start=\"602\" data-end=\"654\"><strong data-start=\"602\" data-end=\"654\">To varianter til forskellige anvendelser:<\/strong><\/p>\n<p data-start=\"656\" data-end=\"800\">&#8211; <strong data-start=\"658\" data-end=\"674\">Gul (bl\u00f8d):<\/strong><br data-start=\"674\" data-end=\"677\">Bl\u00f8d gummi &#8211; ideel til meget f\u00f8lsom lak og m\u00f8rke farver, hvor selv de mindste m\u00e6rker er synlige med det samme.<\/p>\n<p data-start=\"802\" data-end=\"933\">&#8211; <strong data-start=\"804\" data-end=\"820\">Bl\u00e5 (h\u00e5rd):<\/strong><br data-start=\"820\" data-end=\"823\">H\u00e5rdere materiale &#8211; s\u00e6rligt holdbart og perfekt til aluminium og mere pr\u00e6cist nedslagsarbejde.<\/p>\n<p data-start=\"935\" data-end=\"1065\">Begge versioner er fremstillet af slidst\u00e6rkt materiale af h\u00f8j kvalitet og er p\u00e5lidelige i daglig brug.<\/p>\n<p data-start=\"1067\" data-end=\"1188\"><strong data-start=\"1067\" data-end=\"1086\">Produktdetaljer:<\/strong><br data-start=\"1086\" data-end=\"1089\">&#8211; Velegnet til VIP Knockdown<br data-start=\"1116\" data-end=\"1119\">&#8211; 20 h\u00e6tter pr. pakke<br data-start=\"1142\" data-end=\"1145\">&#8211; F\u00e5s i bl\u00f8d (gul) og h\u00e5rd (bl\u00e5).<\/p>\n<p data-start=\"1190\" data-end=\"1267\">S\u00f8rg for maksimal kontrol og optimal beskyttelse ved hver eneste reparation.<\/p>\n<p><strong> <\/strong><\/p>\n","protected":false},"excerpt":{"rendered":"<p>Slim Fit &#8211; VIP Knockdown-h\u00e6tterne beskytter p\u00e5lideligt f\u00f8lsomme malede overflader og sikrer pr\u00e6cist arbejde uden at efterlade m\u00e6rker. F\u00e5s i <strong data-start=\"217\" data-end=\"232\">gul (bl\u00f8d)<\/strong> til f\u00f8lsom lak og m\u00f8rke farver og <strong data-start=\"276\" data-end=\"291\">bl\u00e5 (h\u00e5rd)<\/strong> til langvarige, mere pr\u00e6cise anvendelser p\u00e5 f.eks. aluminium. Passer perfekt til VIP Knockdown &#8211; i en praktisk pakke med 20 stk.  <\/p>\n","protected":false},"featured_media":10983,"comment_status":"closed","ping_status":"closed","template":"","meta":[],"product_brand":[],"product_cat":[927],"product_tag":[952],"class_list":{"0":"post-10978","1":"product","2":"type-product","3":"status-publish","4":"has-post-thumbnail","6":"product_cat-tilbehoer","7":"product_tag-vip-kasketter","9":"first","10":"instock","11":"taxable","12":"shipping-taxable","13":"purchasable","14":"product-type-variable"},"_links":{"self":[{"href":"https:\/\/pdrtools.ch\/da\/wp-json\/wp\/v2\/product\/10978","targetHints":{"allow":["GET"]}}],"collection":[{"href":"https:\/\/pdrtools.ch\/da\/wp-json\/wp\/v2\/product"}],"about":[{"href":"https:\/\/pdrtools.ch\/da\/wp-json\/wp\/v2\/types\/product"}],"replies":[{"embeddable":true,"href":"https:\/\/pdrtools.ch\/da\/wp-json\/wp\/v2\/comments?post=10978"}],"wp:featuredmedia":[{"embeddable":true,"href":"https:\/\/pdrtools.ch\/da\/wp-json\/wp\/v2\/media\/10983"}],"wp:attachment":[{"href":"https:\/\/pdrtools.ch\/da\/wp-json\/wp\/v2\/media?parent=10978"}],"wp:term":[{"taxonomy":"product_brand","embeddable":true,"href":"https:\/\/pdrtools.ch\/da\/wp-json\/wp\/v2\/product_brand?post=10978"},{"taxonomy":"product_cat","embeddable":true,"href":"https:\/\/pdrtools.ch\/da\/wp-json\/wp\/v2\/product_cat?post=10978"},{"taxonomy":"product_tag","embeddable":true,"href":"https:\/\/pdrtools.ch\/da\/wp-json\/wp\/v2\/product_tag?post=10978"}],"curies":[{"name":"wp","href":"https:\/\/api.w.org\/{rel}","templated":true}]}}