{"id":10958,"date":"2024-10-20T18:58:14","date_gmt":"2024-10-20T16:58:14","guid":{"rendered":"https:\/\/pdrtools.ch\/produkt\/saet-med-silikonehaetter-til-laka-slayer-saet\/"},"modified":"2024-10-20T18:58:14","modified_gmt":"2024-10-20T16:58:14","slug":"saet-med-silikonehaetter-til-laka-slayer-saet","status":"publish","type":"product","link":"https:\/\/pdrtools.ch\/da\/produkt\/saet-med-silikonehaetter-til-laka-slayer-saet\/","title":{"rendered":"S\u00e6t med silikoneh\u00e6tter til LAKA Slayer-s\u00e6t"},"content":{"rendered":"<h1>S\u00e6t med silikoneh\u00e6tter til LAKA Slayer-s\u00e6t<\/h1>\n<p>Dette specielt sammensatte s\u00e6t indeholder silikoneh\u00e6tter af h\u00f8j kvalitet, der passer perfekt til LAKA Slayer-s\u00e6ttet. De er designet til at forl\u00e6nge levetiden p\u00e5 dine koldlimflige og give optimal beskyttelse under brug. <\/p>\n<h2>LAKA Slayer-s\u00e6ttets indhold:<\/h2>\n<ul>\n<li style=\"list-style-type: none;\">\n<ul>\n<li>1x 13 mm silikoneh\u00e6tte<\/li>\n<li>1x 19 mm silikoneh\u00e6tte<\/li>\n<li>1x 23 mm silikoneh\u00e6tte<\/li>\n<li>1x 30 mm silikoneh\u00e6tte<\/li>\n<li>1x 42 mm silikoneh\u00e6tte<\/li>\n<li>1x 56 mm silikoneh\u00e6tte<\/li>\n<li>1x 21x65mm silikoneh\u00e6tte<\/li>\n<\/ul>\n<\/li>\n<\/ul>\n<p>Vores h\u00e6tter er holdbare, fleksible og ideelle til professionel brug i PDR-industrien. Hvis du har brug for individuelle st\u00f8rrelser, tilbyder vi ogs\u00e5 kundetilpassede l\u00f8sninger. <\/p>\n","protected":false},"excerpt":{"rendered":"<p>Silikoneh\u00e6tte specielt til LAKA Slayer-s\u00e6t, giver optimal beskyttelse og forl\u00e6nger levetiden p\u00e5 dine koldlimflige.<\/p>\n","protected":false},"featured_media":10959,"comment_status":"closed","ping_status":"closed","template":"","meta":[],"product_brand":[],"product_cat":[937],"product_tag":[938,948],"class_list":{"0":"post-10958","1":"product","2":"type-product","3":"status-publish","4":"has-post-thumbnail","6":"product_cat-koldt-klaebende-haetter","7":"product_tag-koldt-klaebende-haetter","8":"product_tag-laka","10":"first","11":"instock","12":"sale","13":"taxable","14":"shipping-taxable","15":"purchasable","16":"product-type-simple"},"_links":{"self":[{"href":"https:\/\/pdrtools.ch\/da\/wp-json\/wp\/v2\/product\/10958","targetHints":{"allow":["GET"]}}],"collection":[{"href":"https:\/\/pdrtools.ch\/da\/wp-json\/wp\/v2\/product"}],"about":[{"href":"https:\/\/pdrtools.ch\/da\/wp-json\/wp\/v2\/types\/product"}],"replies":[{"embeddable":true,"href":"https:\/\/pdrtools.ch\/da\/wp-json\/wp\/v2\/comments?post=10958"}],"wp:featuredmedia":[{"embeddable":true,"href":"https:\/\/pdrtools.ch\/da\/wp-json\/wp\/v2\/media\/10959"}],"wp:attachment":[{"href":"https:\/\/pdrtools.ch\/da\/wp-json\/wp\/v2\/media?parent=10958"}],"wp:term":[{"taxonomy":"product_brand","embeddable":true,"href":"https:\/\/pdrtools.ch\/da\/wp-json\/wp\/v2\/product_brand?post=10958"},{"taxonomy":"product_cat","embeddable":true,"href":"https:\/\/pdrtools.ch\/da\/wp-json\/wp\/v2\/product_cat?post=10958"},{"taxonomy":"product_tag","embeddable":true,"href":"https:\/\/pdrtools.ch\/da\/wp-json\/wp\/v2\/product_tag?post=10958"}],"curies":[{"name":"wp","href":"https:\/\/api.w.org\/{rel}","templated":true}]}}