{"id":10929,"date":"2026-04-12T12:50:01","date_gmt":"2026-04-12T10:50:01","guid":{"rendered":"https:\/\/pdrtools.ch\/?post_type=product&#038;p=10929"},"modified":"2026-04-16T21:41:53","modified_gmt":"2026-04-16T19:41:53","slug":"dobbelt-stabler","status":"publish","type":"product","link":"https:\/\/pdrtools.ch\/da\/produkt\/dobbelt-stabler\/","title":{"rendered":"Dobbelt stabler"},"content":{"rendered":"<p style=\"line-height: 1.2;\"><strong style=\"font-size: 20px;\"><img data-opt-id=321513990  fetchpriority=\"high\" decoding=\"async\" class=\"size-medium wp-image-9868 alignright\" src=\"https:\/\/mlzzjckobjnb.i.optimole.com\/w:300\/h:400\/q:mauto\/f:best\/https:\/\/pdrtools.ch\/wp-content\/uploads\/\/IMG_6832.jpeg\" alt=\"\" width=\"300\" height=\"400\" srcset=\"https:\/\/mlzzjckobjnb.i.optimole.com\/w:300\/h:400\/q:mauto\/f:best\/https:\/\/pdrtools.ch\/wp-content\/uploads\/IMG_6832-scaled.jpeg 300w, https:\/\/mlzzjckobjnb.i.optimole.com\/w:600\/h:800\/q:mauto\/f:best\/https:\/\/pdrtools.ch\/wp-content\/uploads\/IMG_6832-scaled.jpeg 600w, https:\/\/mlzzjckobjnb.i.optimole.com\/w:768\/h:1024\/q:mauto\/f:best\/https:\/\/pdrtools.ch\/wp-content\/uploads\/IMG_6832-scaled.jpeg 768w, https:\/\/mlzzjckobjnb.i.optimole.com\/w:1152\/h:1536\/q:mauto\/f:best\/https:\/\/pdrtools.ch\/wp-content\/uploads\/IMG_6832-scaled.jpeg 1152w, https:\/\/mlzzjckobjnb.i.optimole.com\/w:1536\/h:2048\/q:mauto\/f:best\/https:\/\/pdrtools.ch\/wp-content\/uploads\/IMG_6832-scaled.jpeg 1536w, https:\/\/mlzzjckobjnb.i.optimole.com\/w:1200\/h:1600\/q:mauto\/f:best\/https:\/\/pdrtools.ch\/wp-content\/uploads\/IMG_6832-scaled.jpeg 1200w, https:\/\/mlzzjckobjnb.i.optimole.com\/w:1920\/h:2560\/q:mauto\/f:best\/https:\/\/pdrtools.ch\/wp-content\/uploads\/IMG_6832-scaled.jpeg 1920w, https:\/\/mlzzjckobjnb.i.optimole.com\/w:1920\/h:2560\/q:mauto\/f:best\/dpr:2\/https:\/\/pdrtools.ch\/wp-content\/uploads\/IMG_6832-scaled.jpeg 2x\" sizes=\"(max-width: 300px) 100vw, 300px\" \/>Tab-t\u00e5rn &#8211; dobbelt stabler<\/strong><br \/>\n<span style=\"font-size: 14px; opacity: 0.7;\">Flere faner. Mere kontrol. <\/span><\/p>\n<p data-start=\"208\" data-end=\"268\">Opgrader dit Tab Tower &#8211; med<strong data-start=\"249\" data-end=\"267\"> Double Stacker<\/strong>.<\/p>\n<p data-start=\"270\" data-end=\"443\">Denne smarte tilf\u00f8jelse udvider dit Tab Tower med et ekstra niveau til endnu flere faner &#8211; kompakt opbevaret indeni og let at tr\u00e6kke ud og klikke ind, n\u00e5r det er n\u00f8dvendigt.<\/p>\n<p data-start=\"445\" data-end=\"596\">Den dobbelte stabler har 5 ekstra pladser og sikrer, at du har endnu flere valgmuligheder lige ved h\u00e5nden &#8211; uden at optage ekstra plads.<\/p>\n<p data-start=\"598\" data-end=\"873\">Og hvis du har travlt:<br data-start=\"628\" data-end=\"631\">Tag den af og brug den, n\u00e5r du er p\u00e5 farten, uden at skulle tage hele fanet\u00e5rnet med dig.<br data-start=\"723\" data-end=\"726\">Takket v\u00e6re den integrerede magnet i basen sidder Double Stacker godt fast p\u00e5 metaloverflader &#8211; perfekt til hurtig brug direkte p\u00e5 k\u00f8ret\u00f8jet.<\/p>\n<p data-start=\"752\" data-end=\"787\"><strong data-start=\"752\" data-end=\"787\">Bev\u00e6bn dit Tab Tower. V\u00e6r forberedt! <\/strong><\/p>\n<p data-start=\"789\" data-end=\"1108\"><strong data-start=\"789\" data-end=\"802\">Funktioner:<\/strong><br data-start=\"802\" data-end=\"805\">&#8211; <strong data-start=\"938\" data-end=\"956\">2-i-1-design<\/strong>: Kan gemmes v\u00e6k kompakt eller udvides<br data-start=\"998\" data-end=\"1001\">&#8211; <strong data-start=\"1003\" data-end=\"1027\">5 ekstra<\/strong> \u00e5bninger: Flere faner, mere effektivitet<br data-start=\"1053\" data-end=\"1056\">&#8211; <strong data-start=\"1058\" data-end=\"1082\">L\u00e5semekanisme<\/strong>: Sikkert greb under brug<br data-start=\"1107\" data-end=\"1110\">&#8211; <strong data-start=\"1112\" data-end=\"1139\">Magnetisk stativ<\/strong>: Sikkert greb p\u00e5 metaloverflader<br \/>\n&#8211; <strong>4x silikonef\u00f8dder <\/strong>: For et sikkert greb p\u00e5 alle overflader<br \/>\n&#8211; <strong data-start=\"1187\" data-end=\"1207\">Modul\u00e6rt design:<\/strong> Perfekt udvidelse til dit tab-tower<br data-start=\"1248\" data-end=\"1251\">&#8211; <strong data-start=\"1253\" data-end=\"1274\">Mobil brug<\/strong>: Ideel til hurtige eller mindre opgaver<\/p>\n<p data-start=\"1110\" data-end=\"1146\">En opgradering, der kan m\u00e6rkes med det samme.<\/p>\n<p data-start=\"1110\" data-end=\"1146\"><em><strong>Bem\u00e6rk: Dette tilbeh\u00f8r er kun kompatibelt med det nye Tab Tower &#8220;RELOADED&#8221;.<\/strong><\/em><\/p>\n","protected":false},"excerpt":{"rendered":"<p>Double Stacker tilf\u00f8jer 5 ekstra pladser til dit Tab Tower og kan tr\u00e6kkes ud eller bruges som en mobil enhed, hvis det er n\u00f8dvendigt &#8211; flere faner, mere fleksibilitet.<\/p>\n","protected":false},"featured_media":11225,"comment_status":"closed","ping_status":"closed","template":"","meta":[],"product_brand":[],"product_cat":[930],"product_tag":[931],"class_list":{"0":"post-10929","1":"product","2":"type-product","3":"status-publish","4":"has-post-thumbnail","6":"product_cat-tab-taarn","7":"product_tag-tab-taarn","9":"first","10":"instock","11":"taxable","12":"shipping-taxable","13":"purchasable","14":"product-type-simple"},"_links":{"self":[{"href":"https:\/\/pdrtools.ch\/da\/wp-json\/wp\/v2\/product\/10929","targetHints":{"allow":["GET"]}}],"collection":[{"href":"https:\/\/pdrtools.ch\/da\/wp-json\/wp\/v2\/product"}],"about":[{"href":"https:\/\/pdrtools.ch\/da\/wp-json\/wp\/v2\/types\/product"}],"replies":[{"embeddable":true,"href":"https:\/\/pdrtools.ch\/da\/wp-json\/wp\/v2\/comments?post=10929"}],"wp:featuredmedia":[{"embeddable":true,"href":"https:\/\/pdrtools.ch\/da\/wp-json\/wp\/v2\/media\/11225"}],"wp:attachment":[{"href":"https:\/\/pdrtools.ch\/da\/wp-json\/wp\/v2\/media?parent=10929"}],"wp:term":[{"taxonomy":"product_brand","embeddable":true,"href":"https:\/\/pdrtools.ch\/da\/wp-json\/wp\/v2\/product_brand?post=10929"},{"taxonomy":"product_cat","embeddable":true,"href":"https:\/\/pdrtools.ch\/da\/wp-json\/wp\/v2\/product_cat?post=10929"},{"taxonomy":"product_tag","embeddable":true,"href":"https:\/\/pdrtools.ch\/da\/wp-json\/wp\/v2\/product_tag?post=10929"}],"curies":[{"name":"wp","href":"https:\/\/api.w.org\/{rel}","templated":true}]}}