{"id":10882,"date":"2026-04-12T12:50:51","date_gmt":"2026-04-12T10:50:51","guid":{"rendered":"https:\/\/pdrtools.ch\/?post_type=product&#038;p=10882"},"modified":"2026-04-12T12:50:51","modified_gmt":"2026-04-12T10:50:51","slug":"knockdown-holder","status":"publish","type":"product","link":"https:\/\/pdrtools.ch\/da\/produkt\/knockdown-holder\/","title":{"rendered":"Knockdown-holder"},"content":{"rendered":"<p style=\"line-height: 1.2;\"><strong style=\"font-size: 20px;\">Tab Tower &#8211; Knockdown Clip<\/strong><br \/>\n<span style=\"font-size: 14px; letter-spacing: 1px; opacity: 0.8;\">LOCK &amp; LOAD<\/span><\/p>\n<p style=\"line-height: 1.2;\"><strong style=\"font-size: 20px;\"><img data-opt-id=1215829770  fetchpriority=\"high\" decoding=\"async\" class=\" wp-image-10292 alignright\" src=\"https:\/\/mlzzjckobjnb.i.optimole.com\/w:533\/h:400\/q:mauto\/f:best\/https:\/\/pdrtools.ch\/wp-content\/uploads\/\/IMG_6905.jpeg\" alt=\"\" width=\"456\" height=\"344\"><\/strong>Med Tab Tower &#8211; Knockdown Clip har du altid din knockdown klar &#8211; du skal bare klippe den fast, klikke den p\u00e5 plads og komme i gang.<\/p>\n<p data-start=\"397\" data-end=\"582\">Det slanke slide-on-design sikrer et sikkert greb direkte p\u00e5 fanet\u00e5rnet uden at v\u00e6re klodset eller i vejen.<br data-start=\"508\" data-end=\"511\">Dit v\u00e6rkt\u00f8j forbliver pr\u00e6cis, hvor du har brug for det &#8211; klar til at arbejde.<\/p>\n<p data-start=\"584\" data-end=\"609\">L\u00e5s den. L\u00e6g den i. Af sted med dig.  <\/p>\n<p data-start=\"611\" data-end=\"924\"><strong data-start=\"611\" data-end=\"624\">Funktioner:<\/strong><br data-start=\"624\" data-end=\"627\">&#8211; <strong data-start=\"629\" data-end=\"649\">Slide-on-system<\/strong>: Hurtigt monteret og sikkert fastgjort<br data-start=\"685\" data-end=\"688\">&#8211; <strong data-start=\"690\" data-end=\"706\">Slankt design:<\/strong> Kompakt, let og diskret<br data-start=\"738\" data-end=\"741\">&#8211; <strong data-start=\"743\" data-end=\"761\">Sikkert greb<\/strong>: Til nedslag op til ca. 14,5 mm i diameter<br data-start=\"808\" data-end=\"811\">&#8211; <strong data-start=\"813\" data-end=\"834\">Direkte adgang:<\/strong> Ingen s\u00f8gning &#8211; klar til brug med det samme<br data-start=\"869\" data-end=\"872\">&#8211; <strong data-start=\"874\" data-end=\"892\">Robust konstruktion<\/strong>: Til daglig PDR-brug<\/p>\n<p data-start=\"926\" data-end=\"979\"><strong>F\u00e5s i:<\/strong><br data-start=\"940\" data-end=\"943\">Hot Red og Industrial Black<\/p>\n<p data-start=\"926\" data-end=\"979\"><em><strong>Kompatibel med alle Tab Tower-versioner &#8211; ogs\u00e5 \u00e6ldre generationer.<\/strong><\/em><\/p>\n","protected":false},"excerpt":{"rendered":"<p><strong data-start=\"1014\" data-end=\"1030\">Lock &amp; Load.<\/strong>  Den nedf\u00e6ldbare klemme holder dit v\u00e6rkt\u00f8j sikkert fast p\u00e5 fanet\u00e5rnet &#8211; hurtigt monteret, straks klar til brug. Passer til \u00d8 op til ca. 14,5 mm. <\/p>\n","protected":false},"featured_media":10886,"comment_status":"closed","ping_status":"closed","template":"","meta":[],"product_brand":[],"product_cat":[930],"product_tag":[931],"class_list":{"0":"post-10882","1":"product","2":"type-product","3":"status-publish","4":"has-post-thumbnail","6":"product_cat-tab-taarn","7":"product_tag-tab-taarn","9":"first","10":"instock","11":"taxable","12":"shipping-taxable","13":"purchasable","14":"product-type-variable"},"_links":{"self":[{"href":"https:\/\/pdrtools.ch\/da\/wp-json\/wp\/v2\/product\/10882","targetHints":{"allow":["GET"]}}],"collection":[{"href":"https:\/\/pdrtools.ch\/da\/wp-json\/wp\/v2\/product"}],"about":[{"href":"https:\/\/pdrtools.ch\/da\/wp-json\/wp\/v2\/types\/product"}],"replies":[{"embeddable":true,"href":"https:\/\/pdrtools.ch\/da\/wp-json\/wp\/v2\/comments?post=10882"}],"wp:featuredmedia":[{"embeddable":true,"href":"https:\/\/pdrtools.ch\/da\/wp-json\/wp\/v2\/media\/10886"}],"wp:attachment":[{"href":"https:\/\/pdrtools.ch\/da\/wp-json\/wp\/v2\/media?parent=10882"}],"wp:term":[{"taxonomy":"product_brand","embeddable":true,"href":"https:\/\/pdrtools.ch\/da\/wp-json\/wp\/v2\/product_brand?post=10882"},{"taxonomy":"product_cat","embeddable":true,"href":"https:\/\/pdrtools.ch\/da\/wp-json\/wp\/v2\/product_cat?post=10882"},{"taxonomy":"product_tag","embeddable":true,"href":"https:\/\/pdrtools.ch\/da\/wp-json\/wp\/v2\/product_tag?post=10882"}],"curies":[{"name":"wp","href":"https:\/\/api.w.org\/{rel}","templated":true}]}}