{"id":10829,"date":"2026-04-12T12:51:12","date_gmt":"2026-04-12T10:51:12","guid":{"rendered":"https:\/\/pdrtools.ch\/?post_type=product&#038;p=10829"},"modified":"2026-04-12T12:51:12","modified_gmt":"2026-04-12T10:51:12","slug":"holder-til-sprayflaske","status":"publish","type":"product","link":"https:\/\/pdrtools.ch\/da\/produkt\/holder-til-sprayflaske\/","title":{"rendered":"Holder til sprayflaske"},"content":{"rendered":"<p style=\"line-height: 1.15; margin-bottom: 0;\"><strong style=\"font-size: 20px;\"><img data-opt-id=823622024  fetchpriority=\"high\" decoding=\"async\" class=\" wp-image-9871 alignright\" src=\"https:\/\/mlzzjckobjnb.i.optimole.com\/w:300\/h:400\/q:mauto\/f:best\/https:\/\/pdrtools.ch\/wp-content\/uploads\/\/IMG_6835.jpeg\" alt=\"\" width=\"258\" height=\"363\">Tab Tower &#8211; holder til sprayflaske<\/strong><br \/>\n<span style=\"font-size: 14px; opacity: 0.7;\">Ren. Klar. Inden for r\u00e6kkevidde.  <\/span><\/p>\n<p data-start=\"231\" data-end=\"371\">Med Tab Tower &#8211; Spray Bottle Holder har du altid din alkoholsprayflaske lige der, hvor du skal bruge den &#8211; direkte p\u00e5 Tab Tower.<\/p>\n<p data-start=\"373\" data-end=\"559\">S\u00e6t den blot ind i et ledigt hul, og kom i gang med det samme. Du skal ikke lede eller r\u00e6kke rundt &#8211; alt er lige ved h\u00e5nden, s\u00e5 du f\u00e5r en hurtig og ren arbejdsgang, n\u00e5r du skal fjerne selvkl\u00e6bende faner. <\/p>\n<p data-start=\"561\" data-end=\"704\">F\u00e5s i to st\u00f8rrelser:<br data-start=\"588\" data-end=\"591\">&#8211; <strong data-start=\"593\" data-end=\"603\">Small:<\/strong> Til flasker op til ca. 26 mm i diameter<br data-start=\"646\" data-end=\"649\">&#8211; <strong data-start=\"651\" data-end=\"661\">Large:<\/strong> Til flasker op til ca. 40 mm i diameter<\/p>\n<p data-start=\"706\" data-end=\"1034\">Funktioner:<br data-start=\"719\" data-end=\"722\">&#8211; <strong data-start=\"724\" data-end=\"744\">Slide-on-system<\/strong>: Passer ind i frie \u00e5bninger i tab-t\u00e5rnet<br data-start=\"780\" data-end=\"783\">&#8211; <strong data-start=\"785\" data-end=\"806\">Direkte adgang:<\/strong> Sprayen er altid lige ved h\u00e5nden, mens du arbejder<br data-start=\"849\" data-end=\"852\">&#8211; <strong data-start=\"854\" data-end=\"871\">To st\u00f8rrelser<\/strong>: Til forskellige flasketyper<br data-start=\"906\" data-end=\"909\">&#8211; <strong data-start=\"911\" data-end=\"933\">Ren arbejdsgang<\/strong>: Ideel til hurtig opl\u00f8sning af selvkl\u00e6bende faner<br data-start=\"973\" data-end=\"976\">&#8211; <strong data-start=\"978\" data-end=\"998\">Robust og let:<\/strong> Lavet til daglig brug<\/p>\n<p data-start=\"1036\" data-end=\"1097\">En lille tilf\u00f8jelse, som g\u00f8r din arbejdsgang m\u00e6rkbart hurtigere.<\/p>\n<p data-start=\"1036\" data-end=\"1097\"><em><strong>Kompatibel med alle Tab Tower-versioner &#8211; ogs\u00e5 \u00e6ldre generationer.<\/strong><\/em><\/p>\n","protected":false},"excerpt":{"rendered":"<p>Sprayflaskeholderen s\u00e6ttes blot ind i Tab Tower og holder din alkoholflaske inden for r\u00e6kkevidde. F\u00e5s til \u00d8 op til 26 mm eller 40 mm. <\/p>\n","protected":false},"featured_media":10831,"comment_status":"closed","ping_status":"closed","template":"","meta":[],"product_brand":[],"product_cat":[930],"product_tag":[931],"class_list":{"0":"post-10829","1":"product","2":"type-product","3":"status-publish","4":"has-post-thumbnail","6":"product_cat-tab-taarn","7":"product_tag-tab-taarn","9":"first","10":"instock","11":"taxable","12":"shipping-taxable","13":"purchasable","14":"product-type-variable"},"_links":{"self":[{"href":"https:\/\/pdrtools.ch\/da\/wp-json\/wp\/v2\/product\/10829","targetHints":{"allow":["GET"]}}],"collection":[{"href":"https:\/\/pdrtools.ch\/da\/wp-json\/wp\/v2\/product"}],"about":[{"href":"https:\/\/pdrtools.ch\/da\/wp-json\/wp\/v2\/types\/product"}],"replies":[{"embeddable":true,"href":"https:\/\/pdrtools.ch\/da\/wp-json\/wp\/v2\/comments?post=10829"}],"wp:featuredmedia":[{"embeddable":true,"href":"https:\/\/pdrtools.ch\/da\/wp-json\/wp\/v2\/media\/10831"}],"wp:attachment":[{"href":"https:\/\/pdrtools.ch\/da\/wp-json\/wp\/v2\/media?parent=10829"}],"wp:term":[{"taxonomy":"product_brand","embeddable":true,"href":"https:\/\/pdrtools.ch\/da\/wp-json\/wp\/v2\/product_brand?post=10829"},{"taxonomy":"product_cat","embeddable":true,"href":"https:\/\/pdrtools.ch\/da\/wp-json\/wp\/v2\/product_cat?post=10829"},{"taxonomy":"product_tag","embeddable":true,"href":"https:\/\/pdrtools.ch\/da\/wp-json\/wp\/v2\/product_tag?post=10829"}],"curies":[{"name":"wp","href":"https:\/\/api.w.org\/{rel}","templated":true}]}}