{"id":10824,"date":"2026-04-09T16:25:05","date_gmt":"2026-04-09T14:25:05","guid":{"rendered":"https:\/\/pdrtools.ch\/?post_type=product&#038;p=10824"},"modified":"2026-04-12T12:50:44","modified_gmt":"2026-04-12T10:50:44","slug":"smart-divider-knockdown-udgave","status":"publish","type":"product","link":"https:\/\/pdrtools.ch\/da\/produkt\/smart-divider-knockdown-udgave\/","title":{"rendered":"Smart Divider &#8211; Knockdown-udgave"},"content":{"rendered":"<p style=\"margin-bottom: 5px;\"><span style=\"font-size: 14.4px;\"><img data-opt-id=639990777  fetchpriority=\"high\" decoding=\"async\" class=\" wp-image-10285 alignright\" src=\"https:\/\/mlzzjckobjnb.i.optimole.com\/w:533\/h:400\/q:mauto\/f:best\/https:\/\/pdrtools.ch\/wp-content\/uploads\/\/IMG_6898.jpeg\" alt=\"\" width=\"430\" height=\"333\">The <\/span><strong style=\"font-size: 14.4px;\" data-start=\"252\" data-end=\"301\">Tab Tower &#8211; Smart Divider (Knockdown Edition)<\/strong><span style=\"font-size: 14.4px;\"> giver endnu mere struktur til din arbejdsgang &#8211; med ekstra funktioner.<\/span><\/p>\n<p data-start=\"376\" data-end=\"590\">Ud over den gennempr\u00f8vede opdeling i flere rum har denne version en integreret holder til din knockdown, s\u00e5 du altid kan opbevare dit v\u00e6rkt\u00f8j sikkert og lige ved h\u00e5nden i Tab Tower.<\/p>\n<p data-start=\"592\" data-end=\"692\">Ideel til alle, der \u00f8nsker at organisere deres vigtigste v\u00e6rkt\u00f8j centralt &#8211; uden ekstra tilbeh\u00f8r.<\/p>\n<p data-start=\"694\" data-end=\"1079\"><strong data-start=\"694\" data-end=\"712\">Dine fordele:<\/strong><br data-start=\"712\" data-end=\"715\">&#8211; <strong data-start=\"717\" data-end=\"751\">Integreret knockdown-holder<\/strong>: V\u00e6rkt\u00f8jet er altid lige ved h\u00e5nden og sikkert opbevaret<br data-start=\"798\" data-end=\"801\">&#8211; <strong data-start=\"803\" data-end=\"825\">Perfekt pasform<\/strong>: Udviklet til Tab Tower Bin<br data-start=\"858\" data-end=\"861\">&#8211; <strong data-start=\"863\" data-end=\"882\">Bedre overblik:<\/strong> Opdeler interi\u00f8ret i praktiske rum<br data-start=\"928\" data-end=\"931\">&#8211; <strong data-start=\"933\" data-end=\"958\">Effektiv arbejdsgang<\/strong>: Kombinerer organisering og v\u00e6rkt\u00f8jsholder i \u00e9t<br data-start=\"1010\" data-end=\"1013\">&#8211; <strong data-start=\"1015\" data-end=\"1035\">Let og robust:<\/strong> Nem at s\u00e6tte ind og tage ud n\u00e5r som helst<\/p>\n<p data-start=\"1081\" data-end=\"1149\">En gennemt\u00e6nkt opgradering for endnu mere effektivitet direkte p\u00e5 k\u00f8ret\u00f8jet.<em data-start=\"173\" data-end=\"198\"> <\/em><\/p>\n<p data-start=\"1081\" data-end=\"1149\"><em><strong>Kompatibel med alle Tab Tower-versioner &#8211; ogs\u00e5 \u00e6ldre generationer.<\/strong><\/em><\/p>\n<p style=\"font-size: 12px; opacity: 0.7; margin-top: 10px;\">Bem\u00e6rk: Det er kun Smart Divider, der leveres. Den viste skraldespand (Tab Tower Bin) er kun til illustrative form\u00e5l og er ikke inkluderet i leveringen. <\/p>\n","protected":false},"excerpt":{"rendered":"<p><strong data-start=\"1188\" data-end=\"1225\">Smart Divider (Knockdown Edition)<\/strong> kombinerer flere rum med en integreret holder til din Knockdown &#8211; for maksimal organisering og hurtig adgang i Tab Tower.<\/p>\n","protected":false},"featured_media":10827,"comment_status":"closed","ping_status":"closed","template":"","meta":[],"product_brand":[],"product_cat":[930],"product_tag":[931],"class_list":{"0":"post-10824","1":"product","2":"type-product","3":"status-publish","4":"has-post-thumbnail","6":"product_cat-tab-taarn","7":"product_tag-tab-taarn","9":"first","10":"instock","11":"taxable","12":"shipping-taxable","13":"purchasable","14":"product-type-simple"},"_links":{"self":[{"href":"https:\/\/pdrtools.ch\/da\/wp-json\/wp\/v2\/product\/10824","targetHints":{"allow":["GET"]}}],"collection":[{"href":"https:\/\/pdrtools.ch\/da\/wp-json\/wp\/v2\/product"}],"about":[{"href":"https:\/\/pdrtools.ch\/da\/wp-json\/wp\/v2\/types\/product"}],"replies":[{"embeddable":true,"href":"https:\/\/pdrtools.ch\/da\/wp-json\/wp\/v2\/comments?post=10824"}],"wp:featuredmedia":[{"embeddable":true,"href":"https:\/\/pdrtools.ch\/da\/wp-json\/wp\/v2\/media\/10827"}],"wp:attachment":[{"href":"https:\/\/pdrtools.ch\/da\/wp-json\/wp\/v2\/media?parent=10824"}],"wp:term":[{"taxonomy":"product_brand","embeddable":true,"href":"https:\/\/pdrtools.ch\/da\/wp-json\/wp\/v2\/product_brand?post=10824"},{"taxonomy":"product_cat","embeddable":true,"href":"https:\/\/pdrtools.ch\/da\/wp-json\/wp\/v2\/product_cat?post=10824"},{"taxonomy":"product_tag","embeddable":true,"href":"https:\/\/pdrtools.ch\/da\/wp-json\/wp\/v2\/product_tag?post=10824"}],"curies":[{"name":"wp","href":"https:\/\/api.w.org\/{rel}","templated":true}]}}