{"id":10823,"date":"2024-10-20T11:21:40","date_gmt":"2024-10-20T09:21:40","guid":{"rendered":"https:\/\/pdrtools.ch\/produkt\/saet-med-silikonehaetter-til-glexo-hail-kit\/"},"modified":"2024-10-20T11:21:40","modified_gmt":"2024-10-20T09:21:40","slug":"saet-med-silikonehaetter-til-glexo-hail-kit","status":"publish","type":"product","link":"https:\/\/pdrtools.ch\/da\/produkt\/saet-med-silikonehaetter-til-glexo-hail-kit\/","title":{"rendered":"S\u00e6t med silikoneh\u00e6tter til Glexo Hail Kit"},"content":{"rendered":"<h1>S\u00e6t med silikoneh\u00e6tter til Glexo Hail Kit<\/h1>\n<p>Dette specielt sammensatte s\u00e6t indeholder silikoneh\u00e6tter af h\u00f8j kvalitet, der passer perfekt til Glexo Hail Kit. De er designet til at forl\u00e6nge levetiden p\u00e5 dine koldlimsfaner og give optimal beskyttelse under brug. <\/p>\n<h2>Indhold i Glexo-s\u00e6t:<\/h2>\n<ul>\n<li>2x 30 mm silikoneh\u00e6tter<\/li>\n<li>2x 26 mm silikoneh\u00e6tter<\/li>\n<li>1x 10x35mm silikoneh\u00e6tte<\/li>\n<\/ul>\n<p>Vores h\u00e6tter er holdbare, fleksible og ideelle til professionel brug i PDR-industrien. Hvis du har brug for individuelle st\u00f8rrelser, tilbyder vi ogs\u00e5 kundetilpassede l\u00f8sninger. <\/p>\n","protected":false},"excerpt":{"rendered":"<p>Silikoneh\u00e6tte specielt til Glexo Hail Kit, giver optimal beskyttelse og forl\u00e6nger levetiden p\u00e5 dine koldlimflige.<\/p>\n","protected":false},"featured_media":10826,"comment_status":"closed","ping_status":"closed","template":"","meta":[],"product_brand":[],"product_cat":[937],"product_tag":[942,938],"class_list":{"0":"post-10823","1":"product","2":"type-product","3":"status-publish","4":"has-post-thumbnail","6":"product_cat-koldt-klaebende-haetter","7":"product_tag-glexo","8":"product_tag-koldt-klaebende-haetter","10":"first","11":"instock","12":"sale","13":"taxable","14":"shipping-taxable","15":"purchasable","16":"product-type-simple"},"_links":{"self":[{"href":"https:\/\/pdrtools.ch\/da\/wp-json\/wp\/v2\/product\/10823","targetHints":{"allow":["GET"]}}],"collection":[{"href":"https:\/\/pdrtools.ch\/da\/wp-json\/wp\/v2\/product"}],"about":[{"href":"https:\/\/pdrtools.ch\/da\/wp-json\/wp\/v2\/types\/product"}],"replies":[{"embeddable":true,"href":"https:\/\/pdrtools.ch\/da\/wp-json\/wp\/v2\/comments?post=10823"}],"wp:featuredmedia":[{"embeddable":true,"href":"https:\/\/pdrtools.ch\/da\/wp-json\/wp\/v2\/media\/10826"}],"wp:attachment":[{"href":"https:\/\/pdrtools.ch\/da\/wp-json\/wp\/v2\/media?parent=10823"}],"wp:term":[{"taxonomy":"product_brand","embeddable":true,"href":"https:\/\/pdrtools.ch\/da\/wp-json\/wp\/v2\/product_brand?post=10823"},{"taxonomy":"product_cat","embeddable":true,"href":"https:\/\/pdrtools.ch\/da\/wp-json\/wp\/v2\/product_cat?post=10823"},{"taxonomy":"product_tag","embeddable":true,"href":"https:\/\/pdrtools.ch\/da\/wp-json\/wp\/v2\/product_tag?post=10823"}],"curies":[{"name":"wp","href":"https:\/\/api.w.org\/{rel}","templated":true}]}}