{"id":10817,"date":"2024-10-19T20:09:25","date_gmt":"2024-10-19T18:09:25","guid":{"rendered":"https:\/\/pdrtools.ch\/produkt\/personligt-cover-til-tab-tower-logo-tekst\/"},"modified":"2024-10-19T20:09:25","modified_gmt":"2024-10-19T18:09:25","slug":"personligt-cover-til-tab-tower-logo-tekst","status":"publish","type":"product","link":"https:\/\/pdrtools.ch\/da\/produkt\/personligt-cover-til-tab-tower-logo-tekst\/","title":{"rendered":"Personligt cover til Tab Tower &#8211; Logo\/tekst"},"content":{"rendered":"<p>Forvandl din Tab Tower med et elegant, skr\u00e6ddersyet cover, der er specielt designet til at vise din virksomhed frem. Uanset om du vil tilf\u00f8je et logo eller en tekst, garanterer vores pr\u00e6cise design en fejlfri finish, der f\u00e5r din Tab Tower til at skille sig ud. V\u00e6lg op til 4 farver fra sort, hvid, gr\u00e5, r\u00f8d og gul for at bringe din vision til live.  <\/p>\n<p>Dette skr\u00e6ddersyede l\u00e5g erstatter problemfrit standardl\u00e5get, n\u00e5r det bestilles sammen med et Tab Tower. Perfekt til PDR-professionelle, der \u00f8nsker et personligt, avanceret look, og ogs\u00e5 en god gave til PDR-teknikere, v\u00e6rkstedskunder, studerende, medarbejdere osv. <\/p>\n<p><strong>Tilg\u00e6ngelige farver:<\/strong> sort, hvid, gr\u00e5, r\u00f8d, gul (op til 4 valgbare)<br \/>\n<strong>Kompatibilitet:<\/strong> Passer til sm\u00e5 og store tab-t\u00e5rne<br \/>\n<strong>Holdbarhed:<\/strong> Fremstillet til langvarig brug i professionelle milj\u00f8er<\/p>\n<h2>Funktioner:<\/h2>\n<ul>\n<li>Mulighed for personalisering med dit logo eller din tekst<\/li>\n<li>Design i h\u00f8j kvalitet, der passer perfekt til Tab Tower<\/li>\n<li>V\u00e6lg mellem forskellige farver for at skabe dit eget unikke l\u00e5g<\/li>\n<\/ul>\n<h3><strong>Krav:<\/strong><\/h3>\n<p>Vi skal bruge et billede i h\u00f8j opl\u00f8sning af dit logo og eventuelle tekstkrav. Send os venligst billedet via e-mail eller besked, s\u00e5 snart ordren er afgivet. <\/p>\n<h3><strong>Bem\u00e6rk:<\/strong><\/h3>\n<p>P\u00e5 grund af FDM 3D-printteknologien er der begr\u00e6nsninger med meget fine detaljer i et logo. Vi sender dig et udkast til godkendelse f\u00f8r produktion. <\/p>\n","protected":false},"excerpt":{"rendered":"<p>Giv din Tab Tower et individuelt pr\u00e6g med et brugerdefineret cover, der viser dit logo eller en personlig tekst. Dette cover f\u00e5s i forskellige farver og erstatter standardversionen og sikrer et professionelt og unikt udseende. <\/p>\n","protected":false},"featured_media":10819,"comment_status":"closed","ping_status":"closed","template":"","meta":[],"product_brand":[],"product_cat":[927,940],"product_tag":[931,932],"class_list":{"0":"post-10817","1":"product","2":"type-product","3":"status-publish","4":"has-post-thumbnail","6":"product_cat-tilbehoer","7":"product_cat-vaerktoejsholder","8":"product_tag-tab-taarn","9":"product_tag-tilbehoer","11":"first","12":"onbackorder","13":"taxable","14":"shipping-taxable","15":"purchasable","16":"product-type-simple"},"_links":{"self":[{"href":"https:\/\/pdrtools.ch\/da\/wp-json\/wp\/v2\/product\/10817","targetHints":{"allow":["GET"]}}],"collection":[{"href":"https:\/\/pdrtools.ch\/da\/wp-json\/wp\/v2\/product"}],"about":[{"href":"https:\/\/pdrtools.ch\/da\/wp-json\/wp\/v2\/types\/product"}],"replies":[{"embeddable":true,"href":"https:\/\/pdrtools.ch\/da\/wp-json\/wp\/v2\/comments?post=10817"}],"wp:featuredmedia":[{"embeddable":true,"href":"https:\/\/pdrtools.ch\/da\/wp-json\/wp\/v2\/media\/10819"}],"wp:attachment":[{"href":"https:\/\/pdrtools.ch\/da\/wp-json\/wp\/v2\/media?parent=10817"}],"wp:term":[{"taxonomy":"product_brand","embeddable":true,"href":"https:\/\/pdrtools.ch\/da\/wp-json\/wp\/v2\/product_brand?post=10817"},{"taxonomy":"product_cat","embeddable":true,"href":"https:\/\/pdrtools.ch\/da\/wp-json\/wp\/v2\/product_cat?post=10817"},{"taxonomy":"product_tag","embeddable":true,"href":"https:\/\/pdrtools.ch\/da\/wp-json\/wp\/v2\/product_tag?post=10817"}],"curies":[{"name":"wp","href":"https:\/\/api.w.org\/{rel}","templated":true}]}}