{"id":10806,"date":"2024-10-11T12:26:43","date_gmt":"2024-10-11T10:26:43","guid":{"rendered":"https:\/\/pdrtools.ch\/produkt\/hurtigt-tip-lille-v2\/"},"modified":"2024-10-11T12:26:43","modified_gmt":"2024-10-11T10:26:43","slug":"hurtigt-tip-lille-v2","status":"publish","type":"product","link":"https:\/\/pdrtools.ch\/da\/produkt\/hurtigt-tip-lille-v2\/","title":{"rendered":"Hurtigt tip &#8211; Lille v2"},"content":{"rendered":"<p><strong><img data-opt-id=1504620915  fetchpriority=\"high\" decoding=\"async\" class=\"alignright wp-image-4154 size-medium\" src=\"https:\/\/mlzzjckobjnb.i.optimole.com\/w:475\/h:400\/q:mauto\/f:best\/https:\/\/pdrtools.ch\/wp-content\/uploads\/IMG_8795-scaled-e1728643744271.jpeg\" alt=\"Hurtigt tip lille v2\" width=\"475\" height=\"400\" srcset=\"https:\/\/mlzzjckobjnb.i.optimole.com\/w:475\/h:400\/q:mauto\/f:best\/https:\/\/pdrtools.ch\/wp-content\/uploads\/IMG_8795-scaled-e1728643744271.jpeg 475w, https:\/\/mlzzjckobjnb.i.optimole.com\/w:951\/h:800\/q:mauto\/f:best\/https:\/\/pdrtools.ch\/wp-content\/uploads\/IMG_8795-scaled-e1728643744271.jpeg 951w, https:\/\/mlzzjckobjnb.i.optimole.com\/w:768\/h:646\/q:mauto\/f:best\/https:\/\/pdrtools.ch\/wp-content\/uploads\/IMG_8795-scaled-e1728643744271.jpeg 768w, https:\/\/mlzzjckobjnb.i.optimole.com\/w:1536\/h:1292\/q:mauto\/f:best\/https:\/\/pdrtools.ch\/wp-content\/uploads\/IMG_8795-scaled-e1728643744271.jpeg 1536w, https:\/\/mlzzjckobjnb.i.optimole.com\/w:1920\/h:1615\/q:mauto\/f:best\/https:\/\/pdrtools.ch\/wp-content\/uploads\/IMG_8795-scaled-e1728643744271.jpeg 2048w, https:\/\/mlzzjckobjnb.i.optimole.com\/w:1200\/h:1010\/q:mauto\/f:best\/https:\/\/pdrtools.ch\/wp-content\/uploads\/IMG_8795-scaled-e1728643744271.jpeg 1200w, https:\/\/mlzzjckobjnb.i.optimole.com\/w:1920\/h:1615\/q:mauto\/f:best\/dpr:2\/https:\/\/pdrtools.ch\/wp-content\/uploads\/IMG_8795-scaled-e1728643744271.jpeg 2x\" sizes=\"(max-width: 475px) 100vw, 475px\" \/>Forbedr din PDR-tip-organisation med den nye Quick-Tip Small &#8211; nu med 28 huller!<\/strong><\/p>\n<p>Med den reviderede Quick-Tip Klein v2 kan du organisere dine PDR-v\u00e6rkt\u00f8jer endnu mere effektivt. Denne innovative holder har nu plads til op til 28 PDR-spidser, hvilket giver dig endnu mere fleksibilitet, n\u00e5r du skal v\u00e6lge dine v\u00e6rkt\u00f8jer. Silikondesignet i h\u00f8j kvalitet g\u00f8r det til en leg at s\u00e6tte spidserne i og tage dem ud, og det fremskynder din arbejdsproces.  <\/p>\n<p>Den fleksible silikone sikrer et godt greb, mens det robuste plastikhus beskytter spidserne mod at falde ud. Det holder altid din v\u00e6rkt\u00f8jsvogn ren og ryddelig. De kompakte m\u00e5l p\u00e5 156x65x13,5 mm og den lave v\u00e6gt p\u00e5 kun 150 g g\u00f8r Quick-Tip til en praktisk ledsager til ethvert arbejdsomr\u00e5de.  <\/p>\n<p>V\u00e6lg mellem en r\u00e6kke livlige farver, og s\u00e6t et personligt pr\u00e6g p\u00e5 dit v\u00e6rkt\u00f8jss\u00e6t. Uanset om du er p\u00e5 udkig efter effektivitet, stil eller organisering, s\u00e5 opfylder den nye Quick-Tip Klein v2 alle krav i et slankt, funktionelt design. <\/p>\n<h2 style=\"text-align: center;\"><strong>Nu med 28 huller til 28 tips!<\/strong><\/h2>\n","protected":false},"excerpt":{"rendered":"<p>Den nye Quick-Tip Small har plads til op til 28 PDR-spidser og sikrer en enkel og effektiv organisering. Den fleksible silikoneholder f\u00e5s i forskellige farver, s\u00e5 du altid har dit v\u00e6rkt\u00f8j lige ved h\u00e5nden. <\/p>\n","protected":false},"featured_media":10808,"comment_status":"closed","ping_status":"closed","template":"","meta":[],"product_brand":[],"product_cat":[940],"product_tag":[941],"class_list":{"0":"post-10806","1":"product","2":"type-product","3":"status-publish","4":"has-post-thumbnail","6":"product_cat-vaerktoejsholder","7":"product_tag-quicktip","9":"first","10":"instock","11":"taxable","12":"shipping-taxable","13":"purchasable","14":"product-type-variable"},"_links":{"self":[{"href":"https:\/\/pdrtools.ch\/da\/wp-json\/wp\/v2\/product\/10806","targetHints":{"allow":["GET"]}}],"collection":[{"href":"https:\/\/pdrtools.ch\/da\/wp-json\/wp\/v2\/product"}],"about":[{"href":"https:\/\/pdrtools.ch\/da\/wp-json\/wp\/v2\/types\/product"}],"replies":[{"embeddable":true,"href":"https:\/\/pdrtools.ch\/da\/wp-json\/wp\/v2\/comments?post=10806"}],"wp:featuredmedia":[{"embeddable":true,"href":"https:\/\/pdrtools.ch\/da\/wp-json\/wp\/v2\/media\/10808"}],"wp:attachment":[{"href":"https:\/\/pdrtools.ch\/da\/wp-json\/wp\/v2\/media?parent=10806"}],"wp:term":[{"taxonomy":"product_brand","embeddable":true,"href":"https:\/\/pdrtools.ch\/da\/wp-json\/wp\/v2\/product_brand?post=10806"},{"taxonomy":"product_cat","embeddable":true,"href":"https:\/\/pdrtools.ch\/da\/wp-json\/wp\/v2\/product_cat?post=10806"},{"taxonomy":"product_tag","embeddable":true,"href":"https:\/\/pdrtools.ch\/da\/wp-json\/wp\/v2\/product_tag?post=10806"}],"curies":[{"name":"wp","href":"https:\/\/api.w.org\/{rel}","templated":true}]}}