{"id":10634,"date":"2026-04-12T12:50:22","date_gmt":"2026-04-12T10:50:22","guid":{"rendered":"https:\/\/pdrtools.ch\/?post_type=product&#038;p=10634"},"modified":"2026-04-16T21:41:41","modified_gmt":"2026-04-16T19:41:41","slug":"magnetisk-spidsholder","status":"publish","type":"product","link":"https:\/\/pdrtools.ch\/da\/produkt\/magnetisk-spidsholder\/","title":{"rendered":"Magnetisk spidsholder"},"content":{"rendered":"<p style=\"line-height: 1.2;\"><strong style=\"font-size: 20px;\"><img data-opt-id=1217603874  fetchpriority=\"high\" decoding=\"async\" class=\"size-medium wp-image-9870 alignright\" src=\"https:\/\/mlzzjckobjnb.i.optimole.com\/w:300\/h:400\/q:mauto\/f:best\/https:\/\/pdrtools.ch\/wp-content\/uploads\/\/IMG_6834.jpeg\" alt=\"\" width=\"300\" height=\"400\" srcset=\"https:\/\/mlzzjckobjnb.i.optimole.com\/w:300\/h:400\/q:mauto\/f:best\/https:\/\/pdrtools.ch\/wp-content\/uploads\/IMG_6834-scaled.jpeg 300w, https:\/\/mlzzjckobjnb.i.optimole.com\/w:600\/h:800\/q:mauto\/f:best\/https:\/\/pdrtools.ch\/wp-content\/uploads\/IMG_6834-scaled.jpeg 600w, https:\/\/mlzzjckobjnb.i.optimole.com\/w:768\/h:1024\/q:mauto\/f:best\/https:\/\/pdrtools.ch\/wp-content\/uploads\/IMG_6834-scaled.jpeg 768w, https:\/\/mlzzjckobjnb.i.optimole.com\/w:1152\/h:1536\/q:mauto\/f:best\/https:\/\/pdrtools.ch\/wp-content\/uploads\/IMG_6834-scaled.jpeg 1152w, https:\/\/mlzzjckobjnb.i.optimole.com\/w:1536\/h:2048\/q:mauto\/f:best\/https:\/\/pdrtools.ch\/wp-content\/uploads\/IMG_6834-scaled.jpeg 1536w, https:\/\/mlzzjckobjnb.i.optimole.com\/w:1200\/h:1600\/q:mauto\/f:best\/https:\/\/pdrtools.ch\/wp-content\/uploads\/IMG_6834-scaled.jpeg 1200w, https:\/\/mlzzjckobjnb.i.optimole.com\/w:1920\/h:2560\/q:mauto\/f:best\/https:\/\/pdrtools.ch\/wp-content\/uploads\/IMG_6834-scaled.jpeg 1920w, https:\/\/mlzzjckobjnb.i.optimole.com\/w:1920\/h:2560\/q:mauto\/f:best\/dpr:2\/https:\/\/pdrtools.ch\/wp-content\/uploads\/IMG_6834-scaled.jpeg 2x\" sizes=\"(max-width: 300px) 100vw, 300px\" \/>Tab Tower &#8211; Magnetisk spidsholder<\/strong><br \/>\n<span style=\"font-size: 14px; opacity: 0.7;\">Hold godt fast. Grib hurtigt. <\/span><\/p>\n<div>\n<p data-start=\"369\" data-end=\"429\">Hold dine vigtigste tips lige der, hvor du har brug for dem.<\/p>\n<p data-start=\"431\" data-end=\"704\">Den magnetiske spidsholder er et kompakt slide-on-tilbeh\u00f8r til dit tab tower og har plads til op til 8 PDR-spidser med st\u00e5lgevind. Takket v\u00e6re den integrerede st\u00e6rke magnet forbliver dine spidser sikkert p\u00e5 plads &#8211; selv n\u00e5r du bev\u00e6ger dig rundt i k\u00f8ret\u00f8jet. <\/p>\n<p data-start=\"706\" data-end=\"771\">Ikke mere s\u00f8gen, ikke mere kaos. Bare tag den og forts\u00e6t med dit arbejde. <\/p>\n<p data-start=\"773\" data-end=\"867\">Ideel til at holde dine mest brugte tips organiseret, synlige og altid lige ved h\u00e5nden.<\/p>\n<hr data-start=\"869\" data-end=\"872\">\n<h3 data-section-id=\"1gft5qz\" data-start=\"874\" data-end=\"891\"><span role=\"text\"><strong data-start=\"878\" data-end=\"891\">Funktioner:<\/strong><\/span><\/h3>\n<p data-start=\"892\" data-end=\"1134\">&#8211; Plads til op til 8 PDR-spidser (med st\u00e5lgevind)<br data-start=\"944\" data-end=\"947\">&#8211; St\u00e6rk magnet giver et sikkert greb<br data-start=\"985\" data-end=\"988\">&#8211; Slide-on-design &#8211; hurtigt samlet og klar til brug n\u00e5r som helst<br data-start=\"1056\" data-end=\"1059\">&#8211; Organisering og overblik under arbejdet<br data-start=\"1101\" data-end=\"1104\">&#8211; Kompakt, let og robust<\/p>\n<p data-start=\"892\" data-end=\"1134\"><em><strong>Kompatibel med alle Tab Tower-versioner &#8211; ogs\u00e5 \u00e6ldre generationer.<\/strong><\/em><\/p>\n<\/div>\n","protected":false},"excerpt":{"rendered":"<p>Magnetisk slide-on spidsholder til Tab Tower. Holder op til 8 spidser sikkert fast med st\u00e6rke magneter &#8211; organiseret, lige ved h\u00e5nden og perfekt til effektivt arbejde. <\/p>\n","protected":false},"featured_media":10637,"comment_status":"closed","ping_status":"closed","template":"","meta":[],"product_brand":[],"product_cat":[930],"product_tag":[931],"class_list":{"0":"post-10634","1":"product","2":"type-product","3":"status-publish","4":"has-post-thumbnail","6":"product_cat-tab-taarn","7":"product_tag-tab-taarn","9":"first","10":"instock","11":"taxable","12":"shipping-taxable","13":"purchasable","14":"product-type-simple"},"_links":{"self":[{"href":"https:\/\/pdrtools.ch\/da\/wp-json\/wp\/v2\/product\/10634","targetHints":{"allow":["GET"]}}],"collection":[{"href":"https:\/\/pdrtools.ch\/da\/wp-json\/wp\/v2\/product"}],"about":[{"href":"https:\/\/pdrtools.ch\/da\/wp-json\/wp\/v2\/types\/product"}],"replies":[{"embeddable":true,"href":"https:\/\/pdrtools.ch\/da\/wp-json\/wp\/v2\/comments?post=10634"}],"wp:featuredmedia":[{"embeddable":true,"href":"https:\/\/pdrtools.ch\/da\/wp-json\/wp\/v2\/media\/10637"}],"wp:attachment":[{"href":"https:\/\/pdrtools.ch\/da\/wp-json\/wp\/v2\/media?parent=10634"}],"wp:term":[{"taxonomy":"product_brand","embeddable":true,"href":"https:\/\/pdrtools.ch\/da\/wp-json\/wp\/v2\/product_brand?post=10634"},{"taxonomy":"product_cat","embeddable":true,"href":"https:\/\/pdrtools.ch\/da\/wp-json\/wp\/v2\/product_cat?post=10634"},{"taxonomy":"product_tag","embeddable":true,"href":"https:\/\/pdrtools.ch\/da\/wp-json\/wp\/v2\/product_tag?post=10634"}],"curies":[{"name":"wp","href":"https:\/\/api.w.org\/{rel}","templated":true}]}}