{"id":10346,"date":"2026-04-09T17:23:06","date_gmt":"2026-04-09T15:23:06","guid":{"rendered":"https:\/\/pdrtools.ch\/?post_type=product&#038;p=10346"},"modified":"2026-04-10T10:05:35","modified_gmt":"2026-04-10T08:05:35","slug":"gummihaetter-til-motorhjelmstoette-af-aluminium-kopie","status":"publish","type":"product","link":"https:\/\/pdrtools.ch\/da\/produkt\/gummihaetter-til-motorhjelmstoette-af-aluminium-kopie\/","title":{"rendered":"Gummih\u00e6tter 22 mm til motorhjelmstativer"},"content":{"rendered":"<p style=\"line-height: 1.2;\"><strong style=\"font-size: 20px;\">Gummih\u00e6tter 22 mm til motorhjelmstativer<\/strong><br \/>\n<span style=\"font-size: 14px; opacity: 0.7;\">Greb. Beskyttelse. Udskiftning.  <\/span><\/p>\n<p><img data-opt-id=1433255877  fetchpriority=\"high\" decoding=\"async\" class=\"wp-image-9900 alignright\" src=\"https:\/\/mlzzjckobjnb.i.optimole.com\/w:auto\/h:auto\/q:mauto\/f:best\/https:\/\/pdrtools.ch\/wp-content\/uploads\/IMG_6872-scaled-e1775748986956.jpeg\" alt=\"\" width=\"262\" height=\"340\"><\/p>\n<p data-start=\"278\" data-end=\"395\">Disse gummih\u00e6tter til motorhjelmstativer er den ideelle l\u00f8sning til udskiftning af slidte eller beskadigede endestykker.<\/p>\n<p data-start=\"397\" data-end=\"560\">De er specielt udviklet til 22 mm r\u00f8rdiametre og sikrer et sikkert greb om k\u00f8ret\u00f8jets overflade og beskytter samtidig mod ridser eller skader.<\/p>\n<p data-start=\"562\" data-end=\"678\">Det robuste materiale giver et sikkert greb og forhindrer, at motorhjelmstativet glider under arbejdet.<\/p>\n<p data-start=\"680\" data-end=\"793\">Passer til almindelige modeller som<strong data-start=\"716\" data-end=\"724\"> Laka<\/strong> eller Dent Wizard motorhjelmstativ (sort\/bl\u00e5 &#8211; se illustration).<\/p>\n<p data-start=\"795\" data-end=\"1075\">Egenskaber:<br data-start=\"808\" data-end=\"811\">&#8211; <strong data-start=\"813\" data-end=\"827\">Perfekt pasform<\/strong>: Til 22 mm r\u00f8rdiameter<br data-start=\"853\" data-end=\"856\">&#8211; <strong data-start=\"858\" data-end=\"876\">Sikkert greb: Skridsikker<\/strong> overflade<br data-start=\"902\" data-end=\"905\">&#8211; <strong data-start=\"907\" data-end=\"929\">Overfladebeskyttelse<\/strong>: Forhindrer ridser p\u00e5 k\u00f8ret\u00f8jet<br data-start=\"960\" data-end=\"963\">&#8211; <strong data-start=\"965\" data-end=\"987\">Robust materiale:<\/strong> Holdbart og modstandsdygtigt<br data-start=\"1018\" data-end=\"1021\">&#8211; <strong data-start=\"1023\" data-end=\"1038\">Reservedel<\/strong>: Ideel i tilf\u00e6lde af slitage eller tab<\/p>\n<p data-start=\"795\" data-end=\"1075\"><strong>Leveringsomfang: S\u00e6t med 4 gummih\u00e6tter<\/strong><\/p>\n<p data-start=\"865\" data-end=\"999\" data-is-last-node=\"\" data-is-only-node=\"\"><em data-start=\"865\" data-end=\"999\" data-is-last-node=\"\">Bem\u00e6rk: Ved forsendelse til EU-lande kan der p\u00e5l\u00f8be ekstra omkostninger s\u00e5som told eller skatter, da vores virksomhed er baseret i Schweiz.<\/em><\/p>\n","protected":false},"excerpt":{"rendered":"<p>Gummih\u00e6tter til motorhjelmstativer med 22 mm r\u00f8r &#8211; giver greb, beskytter k\u00f8ret\u00f8jets overflader og er ideelle som reservedele. Leveringsomfang: S\u00e6t med 4 gummih\u00e6tter <\/p>\n","protected":false},"featured_media":10370,"comment_status":"closed","ping_status":"closed","template":"","meta":[],"product_brand":[],"product_cat":[927],"product_tag":[928],"class_list":{"0":"post-10346","1":"product","2":"type-product","3":"status-publish","4":"has-post-thumbnail","6":"product_cat-tilbehoer","7":"product_tag-motorhjelmstoette","9":"first","10":"instock","11":"taxable","12":"shipping-taxable","13":"purchasable","14":"product-type-simple"},"_links":{"self":[{"href":"https:\/\/pdrtools.ch\/da\/wp-json\/wp\/v2\/product\/10346","targetHints":{"allow":["GET"]}}],"collection":[{"href":"https:\/\/pdrtools.ch\/da\/wp-json\/wp\/v2\/product"}],"about":[{"href":"https:\/\/pdrtools.ch\/da\/wp-json\/wp\/v2\/types\/product"}],"replies":[{"embeddable":true,"href":"https:\/\/pdrtools.ch\/da\/wp-json\/wp\/v2\/comments?post=10346"}],"wp:featuredmedia":[{"embeddable":true,"href":"https:\/\/pdrtools.ch\/da\/wp-json\/wp\/v2\/media\/10370"}],"wp:attachment":[{"href":"https:\/\/pdrtools.ch\/da\/wp-json\/wp\/v2\/media?parent=10346"}],"wp:term":[{"taxonomy":"product_brand","embeddable":true,"href":"https:\/\/pdrtools.ch\/da\/wp-json\/wp\/v2\/product_brand?post=10346"},{"taxonomy":"product_cat","embeddable":true,"href":"https:\/\/pdrtools.ch\/da\/wp-json\/wp\/v2\/product_cat?post=10346"},{"taxonomy":"product_tag","embeddable":true,"href":"https:\/\/pdrtools.ch\/da\/wp-json\/wp\/v2\/product_tag?post=10346"}],"curies":[{"name":"wp","href":"https:\/\/api.w.org\/{rel}","templated":true}]}}