{"id":6745,"date":"2021-04-12T15:35:47","date_gmt":"2021-04-12T13:35:47","guid":{"rendered":"https:\/\/pdrtools.ch\/om\/"},"modified":"2026-04-10T10:03:45","modified_gmt":"2026-04-10T08:03:45","slug":"om","status":"publish","type":"page","link":"https:\/\/pdrtools.ch\/da\/om\/","title":{"rendered":"Om os"},"content":{"rendered":"\n\n\t<section class=\"section\" id=\"section_1596073905\">\n\t\t<div class=\"section-bg fill\" >\n\t\t\t\t\t\t\t\t\t\n\t\t\t\n\n\t\t<\/div>\n\n\t\t\n\n\t\t<div class=\"section-content relative\">\n\t\t\t\n\n\t<div id=\"gap-2082079587\" class=\"gap-element clearfix\" style=\"display:block; height:auto;\">\n\t\t\n<style>\n#gap-2082079587 {\n  padding-top: 55px;\n}\n<\/style>\n\t<\/div>\n\t\n\n<div class=\"row align-center\"  id=\"row-1725861080\">\n\n\n\t<div id=\"col-725013357\" class=\"col medium-8 small-12 large-9\"  >\n\t\t\t\t<div class=\"col-inner text-center\"  >\n\t\t\t\n\t\t\t\n\n\t<div id=\"text-254532155\" class=\"text\">\n\t\t\n\n<h1>\n<\/span>Vores historie<\/h1>\n\t\t\n<style>\n#text-254532155 {\n  font-size: 1.5rem;\n  color: rgb(255, 0, 0);\n}\n#text-254532155 > * {\n  color: rgb(255, 0, 0);\n}\n<\/style>\n\t<\/div>\n\t\n\t<div id=\"text-2986164794\" class=\"text\">\n\t\t\n\n<p data-start=\"237\" data-end=\"543\"><strong data-start=\"237\" data-end=\"254\">BSS PDR Tools<\/strong> st\u00e5r for sofistikeret tilbeh\u00f8r og smarte l\u00f8sninger til malingsfri udbedringsteknologi (PDR) og bilindustrien. Vores m\u00e5l er at udvikle v\u00e6rkt\u00f8jer, der g\u00f8r det daglige arbejde for PDR-professionelle, v\u00e6rksteder og karrosseriv\u00e6rksteder mere effektivt, sikkert og bekvemt. <\/p>\n<p data-start=\"545\" data-end=\"917\">Vi kombinerer moderne produktionsteknikker som 3D-print med mange \u00e5rs brancheerfaring for at skabe produkter, der imponerer i praksis &#8211; fra funktionelt tilbeh\u00f8r og specialbeslag til skr\u00e6ddersyede silikonedele og beskyttelsesh\u00e6tter. Vores udvikling udspringer direkte af den daglige v\u00e6rkstedspraksis og bliver l\u00f8bende forbedret og udvidet. <\/p>\n<p data-start=\"919\" data-end=\"1072\">Vores kunder nyder godt af gennemtestede l\u00f8sninger, hurtig tilg\u00e6ngelighed og en p\u00e5lidelig online shop med fokus p\u00e5 kvalitet og innovation.<\/p>\n\t\t\n<style>\n#text-2986164794 {\n  text-align: left;\n}\n<\/style>\n\t<\/div>\n\t\n\n\t\t<\/div>\n\t\t\t\t\t<\/div>\n\n\t\n\n<\/div>\n\n\t\t<\/div>\n\n\t\t\n<style>\n#section_1596073905 {\n  padding-top: 5px;\n  padding-bottom: 5px;\n  background-color: rgb(66, 66, 66);\n}\n<\/style>\n\t<\/section>\n\t\n\n","protected":false},"excerpt":{"rendered":"","protected":false},"author":1,"featured_media":0,"parent":0,"menu_order":0,"comment_status":"closed","ping_status":"closed","template":"page-blank.php","meta":{"footnotes":""},"class_list":["post-6745","page","type-page","status-publish","hentry"],"_links":{"self":[{"href":"https:\/\/pdrtools.ch\/da\/wp-json\/wp\/v2\/pages\/6745","targetHints":{"allow":["GET"]}}],"collection":[{"href":"https:\/\/pdrtools.ch\/da\/wp-json\/wp\/v2\/pages"}],"about":[{"href":"https:\/\/pdrtools.ch\/da\/wp-json\/wp\/v2\/types\/page"}],"author":[{"embeddable":true,"href":"https:\/\/pdrtools.ch\/da\/wp-json\/wp\/v2\/users\/1"}],"replies":[{"embeddable":true,"href":"https:\/\/pdrtools.ch\/da\/wp-json\/wp\/v2\/comments?post=6745"}],"version-history":[{"count":6,"href":"https:\/\/pdrtools.ch\/da\/wp-json\/wp\/v2\/pages\/6745\/revisions"}],"predecessor-version":[{"id":10611,"href":"https:\/\/pdrtools.ch\/da\/wp-json\/wp\/v2\/pages\/6745\/revisions\/10611"}],"wp:attachment":[{"href":"https:\/\/pdrtools.ch\/da\/wp-json\/wp\/v2\/media?parent=6745"}],"curies":[{"name":"wp","href":"https:\/\/api.w.org\/{rel}","templated":true}]}}