{"id":6683,"date":"2021-04-13T13:44:28","date_gmt":"2021-04-13T11:44:28","guid":{"rendered":"https:\/\/pdrtools.ch\/betalinger\/"},"modified":"2026-04-10T10:03:29","modified_gmt":"2026-04-10T08:03:29","slug":"betalinger","status":"publish","type":"page","link":"https:\/\/pdrtools.ch\/da\/betalinger\/","title":{"rendered":"OFTE STILLEDE SP\u00d8RGSM\u00c5L: Betalinger"},"content":{"rendered":"\n\n\t<section class=\"section\" id=\"section_246374933\">\n\t\t<div class=\"section-bg fill\" >\n\t\t\t\t\t\t\t\t\t\n\t\t\t\n\n\t\t<\/div>\n\n\t\t\n\n\t\t<div class=\"section-content relative\">\n\t\t\t\n\n\t<div id=\"gap-1335077538\" class=\"gap-element clearfix\" style=\"display:block; height:auto;\">\n\t\t\n<style>\n#gap-1335077538 {\n  padding-top: 55px;\n}\n<\/style>\n\t<\/div>\n\t\n\n<div class=\"row align-center\"  id=\"row-1235200850\">\n\n\n\t<div id=\"col-1668543458\" class=\"col medium-8 small-12 large-5\"  >\n\t\t\t\t<div class=\"col-inner text-center\"  >\n\t\t\t\n\t\t\t\n\n\t<div id=\"text-2142338657\" class=\"text\">\n\t\t\n\n<h1>Betaling<\/h1>\n\t\t\n<style>\n#text-2142338657 {\n  font-size: 1.5rem;\n}\n<\/style>\n\t<\/div>\n\t\n\n\t\t<\/div>\n\t\t\t\t\t<\/div>\n\n\t\n\n<\/div>\n\n\t\t<\/div>\n\n\t\t\n<style>\n#section_246374933 {\n  padding-top: 20px;\n  padding-bottom: 20px;\n  background-color: rgb(255,255,255);\n}\n@media (min-width:550px) {\n  #section_246374933 {\n    padding-top: 40px;\n    padding-bottom: 40px;\n  }\n}\n<\/style>\n\t<\/section>\n\t\n<div class=\"is-divider divider clearfix\" style=\"margin-top:1.0px;margin-bottom:1.0px;max-width:100%;height:1px;background-color:rgb(237, 237, 237);\"><\/div>\n\n\n\t<section class=\"section\" id=\"section_876284817\">\n\t\t<div class=\"section-bg fill\" >\n\t\t\t\t\t\t\t\t\t\n\t\t\t\n\n\t\t<\/div>\n\n\t\t\n\n\t\t<div class=\"section-content relative\">\n\t\t\t\n\n\t<div id=\"gap-1504842010\" class=\"gap-element clearfix\" style=\"display:block; height:auto;\">\n\t\t\n<style>\n#gap-1504842010 {\n  padding-top: 40px;\n}\n<\/style>\n\t<\/div>\n\t\n\n<div class=\"row align-center\"  id=\"row-1271446370\">\n\n\n\t<div id=\"col-1490064079\" class=\"col medium-3 small-12 large-2\"  >\n\t\t\t\t<div class=\"col-inner\"  >\n\t\t\t\n\t\t\t\n\n\t<div class=\"ux-menu stack stack-col justify-start ux-menu--divider-solid\">\n\t\t\n\n\t<div class=\"ux-menu-link flex menu-item\">\n\t\t<a class=\"ux-menu-link__link flex\" href=\"https:\/\/pdrtools.ch\/support\/\" >\n\t\t\t\t\t\t<span class=\"ux-menu-link__text\">\n\t\t\t\tSt\u00f8tte\t\t\t<\/span>\n\t\t<\/a>\n\t<\/div>\n\t\n\n\t<div class=\"ux-menu-link flex menu-item\">\n\t\t<a class=\"ux-menu-link__link flex\" href=\"https:\/\/pdrtools.ch\/versand\/\" >\n\t\t\t\t\t\t<span class=\"ux-menu-link__text\">\n\t\t\t\tForsendelse\t\t\t<\/span>\n\t\t<\/a>\n\t<\/div>\n\t\n\n\t<div class=\"ux-menu-link flex menu-item\">\n\t\t<a class=\"ux-menu-link__link flex\" href=\"https:\/\/pdrtools.ch\/zahlungen\/\" >\n\t\t\t\t\t\t<span class=\"ux-menu-link__text\">\n\t\t\t\tBetaling\t\t\t<\/span>\n\t\t<\/a>\n\t<\/div>\n\t\n\n\t<div class=\"ux-menu-link flex menu-item\">\n\t\t<a class=\"ux-menu-link__link flex\" href=\"https:\/\/pdrtools.ch\/retouren\/\" >\n\t\t\t\t\t\t<span class=\"ux-menu-link__text\">\n\t\t\t\tReturnerer\t\t\t<\/span>\n\t\t<\/a>\n\t<\/div>\n\t\n\n\n\t<\/div>\n\t\n\n\t\t<\/div>\n\t\t\t\t\t<\/div>\n\n\t\n\n\t<div id=\"col-163432968\" class=\"col medium-9 small-12 large-7 small-col-first\"  >\n\t\t\t\t<div class=\"col-inner\"  >\n\t\t\t\n\t\t\t\n\n<h3><strong>Betalingspolitik<\/strong><\/h3>\n<p>\nVi tilbyder sikre og p\u00e5lidelige betalingsmuligheder via<br>betalingstjenesteudbyder <strong>Stripe.<\/strong><br><strong>Stripe<\/strong> g\u00f8r det muligt at betale med f\u00f8lgende kreditkort:\n<\/p>\n<ul>\n<li><strong>Visum<\/strong><\/li>\n<li><strong>Mastercard<\/strong><\/li>\n<\/ul>\n<h4><strong>Behandling af betalinger<\/strong><\/h4>\n<ul>\n<li>\n  Betalingsmidlet debiteres<br> <strong>umiddelbart efter, at ordren er gennemf\u00f8rt<\/strong>.\n  <\/li>\n<li>\n  Alle ordrer behandles <strong>f\u00f8rst<\/strong> p\u00e5<br>, <strong>n\u00e5r den fulde betaling er modtaget p\u00e5<\/strong><br>.\n  <\/li>\n<li>\n  Ved vellykket betaling begynder den <strong>kontraktlige levering<\/strong> af<br>,<br> inklusive forberedelse og frankering af forsendelsen.\n  <\/li>\n<\/ul>\n<h4><strong>Sikker betaling<\/strong><\/h4>\n<ul>\n<li>\n  Betalinger behandles direkte via Stripe ved hj\u00e6lp af<br> moderne sikkerheds- og krypteringsteknologier.\n  <\/li>\n<li>\n  Vi gemmer <strong>ingen kreditkort- eller betalingsdata<\/strong><br> p\u00e5 vores egne servere.\n  <\/li>\n<\/ul>\n<h4><strong>Aflysninger og tilbagebetalinger<\/strong><\/h4>\n<ul>\n<li>\n  Annullering er kun mulig p\u00e5<br>, s\u00e5 <strong>l\u00e6nge ordren endnu ikke er klargjort eller frankeret<\/strong>.\n  <\/li>\n<li>\n  Hvis en ordre allerede er forberedt eller frankeret,<br> anses de tilsvarende omkostninger for at <strong>v\u00e6re endeligt afholdt<\/strong><br>.\n  <\/li>\n<li>\n  I dette tilf\u00e6lde vil is\u00e6r<br> <strong>forsendelsesomkostninger<\/strong> og<br> <strong>betalings- og transaktionsgebyrer<\/strong><br> ikke blive refunderet.\n  <\/li>\n<\/ul>\n<h4><strong>Stripe-gebyrer<\/strong><\/h4>\n<ul>\n<li>\n  Stripe opkr\u00e6ver <strong>transaktionsgebyrer<\/strong> for hver betaling<br>.\n  <\/li>\n<li>\n  Disse gebyrer vil <strong>ikke blive refunderet<\/strong> af Stripe<br>,<br>, selv om der foretages en tilbagebetaling til kunden.\n  <\/li>\n<li>\n  Derfor tr\u00e6kkes ikke-refunderbare betalingsgebyrer<br> fra tilbagebetalingsbel\u00f8bet.\n  <\/li>\n<\/ul>\n<h4><strong>Tilbagebetaling<\/strong><\/h4>\n<ul>\n<li>\n  Tilbagebetaling sker udelukkende via den <strong>oprindeligt anvendte betalingsmetode<\/strong><br>.\n  <\/li>\n<li>\n  Behandlingstiden kan tage flere arbejdsdage afh\u00e6ngigt af betalingsudbyderen<br>.\n  <\/li>\n<\/ul>\n<h4><strong>Betalingstvister og tilbagef\u00f8rsler<\/strong><\/h4>\n<ul>\n<li>\n  Hvis du har sp\u00f8rgsm\u00e5l eller problemer med en betaling, bedes du <strong>f\u00f8rst kontakte os direkte<\/strong> p\u00e5<br>,<br>, f\u00f8r du indleder en tilbagef\u00f8rsel eller betalingstvist.\n  <\/li>\n<li>\n  Misbrugte eller uberettigede chargebacks<br> medf\u00f8rer ekstra omkostninger og administrativt arbejde.\n  <\/li>\n<li>\n  Vi forbeholder os ret til at <strong>afvise yderligere bestillinger<\/strong> i tilf\u00e6lde af kr\u00e6nkende adf\u00e6rd<br>.\n  <\/li>\n<\/ul>\n<h4><strong>Henvisning til yderligere regler<\/strong><\/h4>\n<ul>\n<li>\n  Yderligere oplysninger om forsendelse, returnering og fortrydelsesret<br> kan findes i vores tilsvarende retningslinjer og i de generelle vilk\u00e5r og betingelser.\n  <\/li>\n<\/ul>\n\n\n\t\t<\/div>\n\t\t\t\t\t<\/div>\n\n\t\n\n<\/div>\n\n\t\t<\/div>\n\n\t\t\n<style>\n#section_876284817 {\n  padding-top: 10px;\n  padding-bottom: 10px;\n  background-color: rgb(255,255,255);\n}\n<\/style>\n\t<\/section>\n\t\n\n","protected":false},"excerpt":{"rendered":"","protected":false},"author":1,"featured_media":0,"parent":0,"menu_order":0,"comment_status":"closed","ping_status":"closed","template":"page-blank.php","meta":{"footnotes":""},"class_list":["post-6683","page","type-page","status-publish","hentry"],"_links":{"self":[{"href":"https:\/\/pdrtools.ch\/da\/wp-json\/wp\/v2\/pages\/6683","targetHints":{"allow":["GET"]}}],"collection":[{"href":"https:\/\/pdrtools.ch\/da\/wp-json\/wp\/v2\/pages"}],"about":[{"href":"https:\/\/pdrtools.ch\/da\/wp-json\/wp\/v2\/types\/page"}],"author":[{"embeddable":true,"href":"https:\/\/pdrtools.ch\/da\/wp-json\/wp\/v2\/users\/1"}],"replies":[{"embeddable":true,"href":"https:\/\/pdrtools.ch\/da\/wp-json\/wp\/v2\/comments?post=6683"}],"version-history":[{"count":2,"href":"https:\/\/pdrtools.ch\/da\/wp-json\/wp\/v2\/pages\/6683\/revisions"}],"predecessor-version":[{"id":10587,"href":"https:\/\/pdrtools.ch\/da\/wp-json\/wp\/v2\/pages\/6683\/revisions\/10587"}],"wp:attachment":[{"href":"https:\/\/pdrtools.ch\/da\/wp-json\/wp\/v2\/media?parent=6683"}],"curies":[{"name":"wp","href":"https:\/\/api.w.org\/{rel}","templated":true}]}}