{"id":6670,"date":"2021-04-13T13:45:14","date_gmt":"2021-04-13T11:45:14","guid":{"rendered":"https:\/\/pdrtools.ch\/afsendelse\/"},"modified":"2026-04-10T10:03:27","modified_gmt":"2026-04-10T08:03:27","slug":"afsendelse","status":"publish","type":"page","link":"https:\/\/pdrtools.ch\/da\/afsendelse\/","title":{"rendered":"OFTE STILLEDE SP\u00d8RGSM\u00c5L Forsendelse"},"content":{"rendered":"\n\n\t<section class=\"section\" id=\"section_696353536\">\n\t\t<div class=\"section-bg fill\" >\n\t\t\t\t\t\t\t\t\t\n\t\t\t\n\n\t\t<\/div>\n\n\t\t\n\n\t\t<div class=\"section-content relative\">\n\t\t\t\n\n\t<div id=\"gap-1720442872\" class=\"gap-element clearfix\" style=\"display:block; height:auto;\">\n\t\t\n<style>\n#gap-1720442872 {\n  padding-top: 55px;\n}\n<\/style>\n\t<\/div>\n\t\n\n<div class=\"row align-center\"  id=\"row-2007858112\">\n\n\n\t<div id=\"col-3478887\" class=\"col medium-8 small-12 large-5\"  >\n\t\t\t\t<div class=\"col-inner text-center\"  >\n\t\t\t\n\t\t\t\n\n\t<div id=\"text-4290056995\" class=\"text\">\n\t\t\n\n<h1>Forsendelse<\/h1>\n\t\t\n<style>\n#text-4290056995 {\n  font-size: 1.5rem;\n}\n<\/style>\n\t<\/div>\n\t\n\n\t\t<\/div>\n\t\t\t\t\t<\/div>\n\n\t\n\n<\/div>\n\n\t\t<\/div>\n\n\t\t\n<style>\n#section_696353536 {\n  padding-top: 20px;\n  padding-bottom: 20px;\n  background-color: rgb(255,255,255);\n}\n@media (min-width:550px) {\n  #section_696353536 {\n    padding-top: 40px;\n    padding-bottom: 40px;\n  }\n}\n<\/style>\n\t<\/section>\n\t\n<div class=\"is-divider divider clearfix\" style=\"margin-top:1.0px;margin-bottom:1.0px;max-width:100%;height:1px;background-color:rgb(237, 237, 237);\"><\/div>\n\n\n\t<section class=\"section\" id=\"section_1305808853\">\n\t\t<div class=\"section-bg fill\" >\n\t\t\t\t\t\t\t\t\t\n\t\t\t\n\n\t\t<\/div>\n\n\t\t\n\n\t\t<div class=\"section-content relative\">\n\t\t\t\n\n\t<div id=\"gap-512025185\" class=\"gap-element clearfix\" style=\"display:block; height:auto;\">\n\t\t\n<style>\n#gap-512025185 {\n  padding-top: 40px;\n}\n<\/style>\n\t<\/div>\n\t\n\n<div class=\"row align-center\"  id=\"row-771532834\">\n\n\n\t<div id=\"col-1836227103\" class=\"col medium-3 small-12 large-2\"  >\n\t\t\t\t<div class=\"col-inner\"  >\n\t\t\t\n\t\t\t\n\n\t<div class=\"ux-menu stack stack-col justify-start ux-menu--divider-solid\">\n\t\t\n\n\t<div class=\"ux-menu-link flex menu-item\">\n\t\t<a class=\"ux-menu-link__link flex\" href=\"https:\/\/pdrtools.ch\/support\/\" >\n\t\t\t\t\t\t<span class=\"ux-menu-link__text\">\n\t\t\t\tSt\u00f8tte\t\t\t<\/span>\n\t\t<\/a>\n\t<\/div>\n\t\n\n\t<div class=\"ux-menu-link flex menu-item\">\n\t\t<a class=\"ux-menu-link__link flex\" href=\"https:\/\/pdrtools.ch\/versand\/\" >\n\t\t\t\t\t\t<span class=\"ux-menu-link__text\">\n\t\t\t\tForsendelse\t\t\t<\/span>\n\t\t<\/a>\n\t<\/div>\n\t\n\n\t<div class=\"ux-menu-link flex menu-item\">\n\t\t<a class=\"ux-menu-link__link flex\" href=\"https:\/\/pdrtools.ch\/zahlungen\/\" >\n\t\t\t\t\t\t<span class=\"ux-menu-link__text\">\n\t\t\t\tBetaling\t\t\t<\/span>\n\t\t<\/a>\n\t<\/div>\n\t\n\n\t<div class=\"ux-menu-link flex menu-item\">\n\t\t<a class=\"ux-menu-link__link flex\" href=\"https:\/\/pdrtools.ch\/retouren\/\" >\n\t\t\t\t\t\t<span class=\"ux-menu-link__text\">\n\t\t\t\tReturnerer\t\t\t<\/span>\n\t\t<\/a>\n\t<\/div>\n\t\n\n\n\t<\/div>\n\t\n\n\t\t<\/div>\n\t\t\t\t\t<\/div>\n\n\t\n\n\t<div id=\"col-1774987298\" class=\"col medium-9 small-12 large-7 small-col-first\"  >\n\t\t\t\t<div class=\"col-inner\"  >\n\t\t\t\n\t\t\t\n\n<h3><strong>Forsendelsespolitik<\/strong><\/h3>\n<p>\nVi sender alle ordrer via <strong>Swiss Post<\/strong>.<br>Nedenfor finder du vores forsendelsesbetingelser og vigtige oplysninger<br>om forsendelse, frankering og sporing af forsendelser.\n<\/p>\n<h4><strong>Forsendelse inden for Schweiz<\/strong><\/h4>\n<ul>\n<li>\n    <strong>\u00d8konomiforsendelse:<\/strong><br> Levering normalt inden for <strong>2-4 arbejdsdage<\/strong>.\n  <\/li>\n<li>\n    <strong>Ekspresforsendelse (Swiss Priority \/ A Mail):<\/strong><br> Levering den n\u00e6ste arbejdsdag, forudsat at ordren er modtaget inden for den periode, der er angivet p\u00e5<br>.\n  <\/li>\n<\/ul>\n<p>\nDe angivne leveringstider er <strong>uforpligtende retningslinjer<\/strong>.\n<\/p>\n<h4><strong>International forsendelse<\/strong><\/h4>\n<ul>\n<li>\n  Internationale ordrer sendes ogs\u00e5 via<br> <strong>Swiss Post<\/strong>. Leveringstiden er normalt <strong>5-21 arbejdsdage<\/strong>, afh\u00e6ngigt af<br> destinationsland. \n  <\/li>\n<li>\n    <strong>Told, importafgifter og skatter<\/strong>, der kan p\u00e5l\u00f8be i destinationslandet<br>, skal betales af k\u00f8beren.\n  <\/li>\n<li>\n  Kunder fra <strong>EU<\/strong>, der handler i forbindelse med en forretningsordre<br>, bedes angive et<br> <strong>gyldigt momsnummer<\/strong>.<br> Hvis kontrollen er vellykket, vil<br> blive leveret <strong>uden schweizisk moms<\/strong>.\n  <\/li>\n<\/ul>\n<h4><strong>Forsendelsesomkostninger<\/strong><\/h4>\n<ul>\n<li>\n  Forsendelsesomkostningerne <strong>vises gennemsigtigt<\/strong> i kassen<br> og afh\u00e6nger af destinationslandet<br> og forsendelsesmetoden.\n  <\/li>\n<\/ul>\n<h4><strong>Start af forsendelse og frankering (vigtigt)<\/strong><\/h4>\n<ul>\n<li>\n  En ordre anses for at v\u00e6re <strong>i gang<\/strong>, s\u00e5 snart betalingen<br> er modtaget.\n  <\/li>\n<li>\n  Den <strong>kontraktlige tjenesteydelse<\/strong> begynder med <strong>forberedelse og frankering<\/strong> af forsendelsen<br>.\n  <\/li>\n<li>\n    <strong>Frankeringsomkostningerne er bindende<\/strong> og <strong>kan ikke refunderes<\/strong><br>, heller ikke hvis ordren<br> efterf\u00f8lgende annulleres, og varerne endnu ikke er afsendt fysisk.\n  <\/li>\n<\/ul>\n<h4><strong>Forsendelsesoplysninger og sporing af forsendelser<\/strong><\/h4>\n<ul>\n<li>\n  N\u00e5r forsendelsen er overdraget til Swiss Post, modtager du en afsendelsesbekr\u00e6ftelse p\u00e5<br> via e-mail.\n  <\/li>\n<li>\n <strong>Forsendelsessporing<\/strong> er valgfri og kan tilf\u00f8jes til<br> ved kassen mod <strong>et ekstra gebyr p\u00e5 CHF 5,<\/strong>&#8211;<br>.\n  <\/li>\n<li>\n    Forsendelser <strong>uden sporing<\/strong> sendes som almindelig postforsendelse<br>. I dette tilf\u00e6lde viser en eventuel forsendelsessporing<br> normalt kun den <strong>udg\u00e5ende forsendelse fra Schweiz<br> (gr\u00e6nseovergang)<\/strong>.<br> Yderligere statusmeddelelser eller bev\u00e6gelser i destinationslandet er normalt <strong>ikke tilg\u00e6ngelige<\/strong> uden sporing<br>. \n  <\/li>\n<\/ul>\n<h4><strong>Forsinkede eller mistede forsendelser<\/strong><\/h4>\n<ul>\n<li>\n  Forsinkelser i leveringen kan is\u00e6r skyldes<br> <strong>toldbehandling<\/strong>, officielle inspektioner eller<br> <strong>store forsendelsesm\u00e6ngder<\/strong> p\u00e5 helligdage,<br> s\u00e6sonbestemte spidsbelastninger (f.eks. jul) eller andre ekstraordin\u00e6re<br> begivenheder.\n  <\/li>\n<li>\n  Vi har ingen direkte indflydelse p\u00e5 disse processer.<br> Vi st\u00f8tter dog vores kunder s\u00e5 vidt muligt med<br> foresp\u00f8rgsler og kommunikation med forsendelsesudbyderen.\n  <\/li>\n<\/ul>\n<h4><strong>Aflysninger f\u00f8r afsendelse<\/strong><\/h4>\n<ul>\n<li>\n  Annullering er kun mulig p\u00e5<br>, s\u00e5 <strong>l\u00e6nge ordren endnu ikke er klargjort eller frankeret<\/strong>.\n  <\/li>\n<li>\n  Hvis forsendelsen allerede er klargjort eller frankeret, vil<br> <strong>forsendelsesomkostninger<\/strong> og<br> <strong>betalings- og transaktionsgebyrer<\/strong><br> <strong>ikke blive refunderet<\/strong>, da disse omkostninger allerede er afholdt.\n  <\/li>\n<\/ul>\n\n\n\t\t<\/div>\n\t\t\t\t\t<\/div>\n\n\t\n\n<\/div>\n\n\t\t<\/div>\n\n\t\t\n<style>\n#section_1305808853 {\n  padding-top: 10px;\n  padding-bottom: 10px;\n  background-color: rgb(255,255,255);\n}\n<\/style>\n\t<\/section>\n\t\n\n","protected":false},"excerpt":{"rendered":"","protected":false},"author":1,"featured_media":0,"parent":0,"menu_order":0,"comment_status":"closed","ping_status":"closed","template":"page-blank.php","meta":{"footnotes":""},"class_list":["post-6670","page","type-page","status-publish","hentry"],"_links":{"self":[{"href":"https:\/\/pdrtools.ch\/da\/wp-json\/wp\/v2\/pages\/6670","targetHints":{"allow":["GET"]}}],"collection":[{"href":"https:\/\/pdrtools.ch\/da\/wp-json\/wp\/v2\/pages"}],"about":[{"href":"https:\/\/pdrtools.ch\/da\/wp-json\/wp\/v2\/types\/page"}],"author":[{"embeddable":true,"href":"https:\/\/pdrtools.ch\/da\/wp-json\/wp\/v2\/users\/1"}],"replies":[{"embeddable":true,"href":"https:\/\/pdrtools.ch\/da\/wp-json\/wp\/v2\/comments?post=6670"}],"version-history":[{"count":2,"href":"https:\/\/pdrtools.ch\/da\/wp-json\/wp\/v2\/pages\/6670\/revisions"}],"predecessor-version":[{"id":10583,"href":"https:\/\/pdrtools.ch\/da\/wp-json\/wp\/v2\/pages\/6670\/revisions\/10583"}],"wp:attachment":[{"href":"https:\/\/pdrtools.ch\/da\/wp-json\/wp\/v2\/media?parent=6670"}],"curies":[{"name":"wp","href":"https:\/\/api.w.org\/{rel}","templated":true}]}}