{"id":6582,"date":"2024-09-23T20:34:12","date_gmt":"2024-09-23T18:34:12","guid":{"rendered":"https:\/\/pdrtools.ch\/cookie-politik-eu\/"},"modified":"2026-04-10T10:13:15","modified_gmt":"2026-04-10T08:13:15","slug":"cookie-politik-eu","status":"publish","type":"page","link":"https:\/\/pdrtools.ch\/da\/cookie-politik-eu\/","title":{"rendered":"Cookie-politik"},"content":{"rendered":"\n<h2 class=\"wp-block-heading\">Cookie-politik<\/h2>\n\n<p>Denne cookiepolitik blev sidst opdateret den 14.01.2026 og g\u00e6lder for brugere, der er bosiddende i Schweiz og Det Europ\u00e6iske \u00d8konomiske Samarbejdsomr\u00e5de (E\u00d8S).<\/p>\n\n<hr class=\"wp-block-separator has-alpha-channel-opacity\"\/>\n\n<h2 class=\"wp-block-heading\">1. Introduktion<\/h2>\n\n<p>Vores hjemmeside <strong><a href=\"https:\/\/pdrtools.ch\/da\/\">https:\/\/pdrtools.ch<\/a><\/strong> bruger cookies og lignende teknologier. Cookies s\u00e6ttes b\u00e5de af os og af autoriserede tredjepartsudbydere. I denne cookiepolitik giver vi oplysninger om, hvilke cookies der bruges og til hvilket form\u00e5l.  <\/p>\n\n<hr class=\"wp-block-separator has-alpha-channel-opacity\"\/>\n\n<h2 class=\"wp-block-heading\">2 Hvad er cookies?<\/h2>\n\n<p>Cookies er sm\u00e5 tekstfiler, der gemmes p\u00e5 din enhed, n\u00e5r du bes\u00f8ger vores hjemmeside. De muligg\u00f8r grundl\u00e6ggende funktioner og forbedrer brugervenligheden. <\/p>\n\n<hr class=\"wp-block-separator has-alpha-channel-opacity\"\/>\n\n<h2 class=\"wp-block-heading\">3. scripts og web beacons<\/h2>\n\n<p>Scripts er programkode, der er n\u00f8dvendig for hjemmesidens funktionalitet og sikkerhed.<br\/>Web beacons (pixel tags) bruges <strong>ikke<\/strong> p\u00e5 vores hjemmeside <strong>til markedsf\u00f8ring eller sporingsform\u00e5l<\/strong>.<\/p>\n\n<hr class=\"wp-block-separator has-alpha-channel-opacity\"\/>\n\n<h2 class=\"wp-block-heading\">4. Typer af cookies<\/h2>\n\n<h3 class=\"wp-block-heading\">4.1 Teknisk n\u00f8dvendige\/funktionelle cookies<\/h3>\n\n<p>Disse cookies er n\u00f8dvendige for, at hjemmesiden kan fungere korrekt (f.eks. indk\u00f8bskurv, sprog, sikkerhed).<br\/>De kan indstilles <strong>uden samtykke<\/strong>.<\/p>\n\n<hr class=\"wp-block-separator has-alpha-channel-opacity\"\/>\n\n<h2 class=\"wp-block-heading\">5. anvendte cookies og tjenester<\/h2>\n\n<h3 class=\"wp-block-heading\">WordPress<\/h3>\n\n<p><strong>Form\u00e5l:<\/strong> Grundl\u00e6ggende funktioner p\u00e5 hjemmesiden<br\/><strong>Kategori:<\/strong> Funktionel<\/p>\n\n<hr class=\"wp-block-separator has-alpha-channel-opacity\"\/>\n\n<h3 class=\"wp-block-heading\">WooCommerce<\/h3>\n\n<p><strong>Form\u00e5l:<\/strong> Indk\u00f8bskurv, ordreproces, checkout<br\/><strong>Kategori:<\/strong> Funktionel<\/p>\n\n<hr class=\"wp-block-separator has-alpha-channel-opacity\"\/>\n\n<h3 class=\"wp-block-heading\">WPML<\/h3>\n\n<p><strong>Form\u00e5l:<\/strong> Gemme det valgte sprog<br\/><strong>Kategori:<\/strong> Funktionel<\/p>\n\n<hr class=\"wp-block-separator has-alpha-channel-opacity\"\/>\n\n<h3 class=\"wp-block-heading\">Overensstemmelse<\/h3>\n\n<p><strong>Form\u00e5l:<\/strong> Opbevaring af cookie-samtykke<br\/><strong>Kategori:<\/strong> Funktionel \/ lovpligtig<\/p>\n\n<hr class=\"wp-block-separator has-alpha-channel-opacity\"\/>\n\n<h3 class=\"wp-block-heading\">CleanTalk Spam Protect<\/h3>\n\n<p><strong>Form\u00e5l:<\/strong> Beskyttelse mod spam og misbrug<br\/><strong>Kategori:<\/strong> Funktionel \/ Sikkerhed<\/p>\n\n<hr class=\"wp-block-separator has-alpha-channel-opacity\"\/>\n\n<h3 class=\"wp-block-heading\">Stribe<\/h3>\n\n<p><strong>Form\u00e5l:<\/strong> Betalingsbehandling<br\/><strong>Kategori:<\/strong> Funktionel<br\/><em>Bem\u00e6rk:<\/em> Betalingsdata behandles direkte af Stripe. Vi modtager ikke fulde kort- eller kontooplysninger. <\/p>\n\n<hr class=\"wp-block-separator has-alpha-channel-opacity\"\/>\n\n<h3 class=\"wp-block-heading\">Andre teknisk n\u00f8dvendige cookies<\/h3>\n\n<p><strong>Form\u00e5l: At<\/strong> sikre teknisk drift<br\/><strong>Kategori:<\/strong> Funktionel<\/p>\n\n<hr class=\"wp-block-separator has-alpha-channel-opacity\"\/>\n\n<h2 class=\"wp-block-heading\">6. samtykke<\/h2>\n\n<p>Der vises et cookiebanner, n\u00e5r du bes\u00f8ger vores hjemmeside f\u00f8rste gang.<br\/>Teknisk n\u00f8dvendige cookies indstilles automatisk.<br\/>Hvis der anvendes andre kategorier, kan du til enhver tid justere dit samtykke.<\/p>\n\n<hr class=\"wp-block-separator has-alpha-channel-opacity\"\/>\n\n<h2 class=\"wp-block-heading\">7. H\u00e5ndtering af cookies<\/h2>\n\n<p>Du kan til enhver tid slette eller blokere cookies via dine browserindstillinger. Bem\u00e6rk, at dette kan begr\u00e6nse hjemmesidens funktionalitet. <\/p>\n\n<hr class=\"wp-block-separator has-alpha-channel-opacity\"\/>\n\n<h2 class=\"wp-block-heading\">8 Dine rettigheder<\/h2>\n\n<p>Det har du ret til:<\/p>\n\n<ul class=\"wp-block-list\">\n<li>Information<\/li>\n\n\n\n<li>Korrektion<\/li>\n\n\n\n<li>Annullering<\/li>\n\n\n\n<li>Begr\u00e6nsning af behandling<\/li>\n\n\n\n<li>Tilbagekaldelse af samtykke<\/li>\n\n\n\n<li>Klage til den kompetente databeskyttelsesmyndighed<\/li>\n<\/ul>\n\n<p>Du kan finde flere oplysninger i vores <strong>privatlivspolitik<\/strong>.<\/p>\n\n<hr class=\"wp-block-separator has-alpha-channel-opacity\"\/>\n\n<h2 class=\"wp-block-heading\">9. Kontaktoplysninger<\/h2>\n\n<p><strong>Balmer Storm Solutions<\/strong><br\/>Schaffhausen, Schweiz<br\/>Website: <a href=\"https:\/\/pdrtools.ch\/da\/\">https:\/\/pdrtools.ch<\/a><br\/>E-mail: <a>info@pdrtools.ch<\/a><br\/>Telefon: +41 78 947 43 88<\/p>\n\n<hr class=\"wp-block-separator has-alpha-channel-opacity\"\/>\n\n<h2 class=\"wp-block-heading\">10. Synkronisering<\/h2>\n\n<p>Denne cookiepolitik blev sidst gennemg\u00e5et og \u00e6ndret den <strong>14\/01\/2026<\/strong>.<\/p>\n\n<p><\/p>\n","protected":false},"excerpt":{"rendered":"<p>Cookie-politik Denne cookiepolitik blev sidst opdateret den 14.01.2026 og g\u00e6lder for brugere, der er bosiddende i Schweiz og Det Europ\u00e6iske \u00d8konomiske Samarbejdsomr\u00e5de (E\u00d8S). 1. Introduktion Vores hjemmeside https:\/\/pdrtools.ch bruger cookies og lignende teknologier. Cookies s\u00e6ttes b\u00e5de af os og af autoriserede tredjepartsudbydere. I denne cookiepolitik giver vi oplysninger om, hvilke cookies der bruges og til [&#8230;]\n","protected":false},"author":1,"featured_media":0,"parent":0,"menu_order":0,"comment_status":"closed","ping_status":"closed","template":"","meta":{"footnotes":""},"class_list":["post-6582","page","type-page","status-publish","hentry"],"_links":{"self":[{"href":"https:\/\/pdrtools.ch\/da\/wp-json\/wp\/v2\/pages\/6582","targetHints":{"allow":["GET"]}}],"collection":[{"href":"https:\/\/pdrtools.ch\/da\/wp-json\/wp\/v2\/pages"}],"about":[{"href":"https:\/\/pdrtools.ch\/da\/wp-json\/wp\/v2\/types\/page"}],"author":[{"embeddable":true,"href":"https:\/\/pdrtools.ch\/da\/wp-json\/wp\/v2\/users\/1"}],"replies":[{"embeddable":true,"href":"https:\/\/pdrtools.ch\/da\/wp-json\/wp\/v2\/comments?post=6582"}],"version-history":[{"count":3,"href":"https:\/\/pdrtools.ch\/da\/wp-json\/wp\/v2\/pages\/6582\/revisions"}],"predecessor-version":[{"id":11030,"href":"https:\/\/pdrtools.ch\/da\/wp-json\/wp\/v2\/pages\/6582\/revisions\/11030"}],"wp:attachment":[{"href":"https:\/\/pdrtools.ch\/da\/wp-json\/wp\/v2\/media?parent=6582"}],"curies":[{"name":"wp","href":"https:\/\/api.w.org\/{rel}","templated":true}]}}