{"id":6573,"date":"2024-09-23T20:34:12","date_gmt":"2024-09-23T18:34:12","guid":{"rendered":"https:\/\/pdrtools.ch\/aftryk\/"},"modified":"2026-04-10T10:13:14","modified_gmt":"2026-04-10T08:13:14","slug":"aftryk","status":"publish","type":"page","link":"https:\/\/pdrtools.ch\/da\/aftryk\/","title":{"rendered":"P\u00e5tryk"},"content":{"rendered":"\n<h3 class=\"wp-block-heading\"><strong>P\u00e5tryk<\/strong><\/h3>\n\n<p><strong>Balmer Storm Solutions<\/strong><br\/>Enkeltmandsvirksomhed<\/p>\n\n<p><strong>Ejer:<\/strong><br\/>Dieter Balmer<\/p>\n\n<p><strong>Virksomhedens hjemsted:<\/strong><br\/>Schaffhausen<br\/>Schweiz<\/p>\n\n<p><strong>Kontakt:<\/strong><br\/>E-mail: <a href=\"mailto:info@pdrtools.ch\">info@pdrtools.ch<\/a><br\/>Telefon: +41 78 947 43 88<\/p>\n\n<p><strong>Virksomhedens identifikationsnummer (UID):<\/strong><br\/>CHE-375.250.746<\/p>\n\n<p><strong>Moms<\/strong>:<br\/>UID\/MWST-No.: CHE-375.250.746<\/p>\n\n<p><strong>Ansvarlig for indholdet p\u00e5 denne hjemmeside:<\/strong><br\/>Dieter Balmer<\/p>\n\n<p>Vi er ikke forpligtet til og ikke villige til at deltage i tvistbil\u00e6ggelsesprocedurer ved et forbrugervoldgiftsn\u00e6vn.<\/p>\n","protected":false},"excerpt":{"rendered":"<p>P\u00e5tryk Balmer Storm SolutionsEnkeltmandsvirksomhed Ejer:Dieter Balmer Virksomhedens hjemsted:SchaffhausenSchweiz Kontakt:E-mail: info@pdrtools.chTelefon: +41 78 947 43 88 Virksomhedens identifikationsnummer (UID):CHE-375.250.746 Moms:UID\/MWST-No.: CHE-375.250.746 Ansvarlig for indholdet p\u00e5 denne hjemmeside:Dieter Balmer Vi er ikke forpligtet til og ikke villige til at deltage i tvistbil\u00e6ggelsesprocedurer ved et forbrugervoldgiftsn\u00e6vn.<\/p>\n","protected":false},"author":1,"featured_media":0,"parent":0,"menu_order":0,"comment_status":"closed","ping_status":"closed","template":"","meta":{"footnotes":""},"class_list":["post-6573","page","type-page","status-publish","hentry"],"_links":{"self":[{"href":"https:\/\/pdrtools.ch\/da\/wp-json\/wp\/v2\/pages\/6573","targetHints":{"allow":["GET"]}}],"collection":[{"href":"https:\/\/pdrtools.ch\/da\/wp-json\/wp\/v2\/pages"}],"about":[{"href":"https:\/\/pdrtools.ch\/da\/wp-json\/wp\/v2\/types\/page"}],"author":[{"embeddable":true,"href":"https:\/\/pdrtools.ch\/da\/wp-json\/wp\/v2\/users\/1"}],"replies":[{"embeddable":true,"href":"https:\/\/pdrtools.ch\/da\/wp-json\/wp\/v2\/comments?post=6573"}],"version-history":[{"count":2,"href":"https:\/\/pdrtools.ch\/da\/wp-json\/wp\/v2\/pages\/6573\/revisions"}],"predecessor-version":[{"id":11017,"href":"https:\/\/pdrtools.ch\/da\/wp-json\/wp\/v2\/pages\/6573\/revisions\/11017"}],"wp:attachment":[{"href":"https:\/\/pdrtools.ch\/da\/wp-json\/wp\/v2\/media?parent=6573"}],"curies":[{"name":"wp","href":"https:\/\/api.w.org\/{rel}","templated":true}]}}