{"id":6567,"date":"2024-09-23T20:34:12","date_gmt":"2024-09-23T18:34:12","guid":{"rendered":"https:\/\/pdrtools.ch\/databeskyttelseserklaering-eu\/"},"modified":"2026-04-10T10:13:15","modified_gmt":"2026-04-10T08:13:15","slug":"databeskyttelseserklaering-eu","status":"publish","type":"page","link":"https:\/\/pdrtools.ch\/da\/databeskyttelseserklaering-eu\/","title":{"rendered":"Fortrolighedspolitik"},"content":{"rendered":"\n<h2 class=\"wp-block-heading\">Fortrolighedspolitik<\/h2>\n\n<p class=\"has-small-font-size\">Denne privatlivspolitik g\u00e6lder for brugere, der er bosiddende i Schweiz og Det Europ\u00e6iske \u00d8konomiske Samarbejdsomr\u00e5de (E\u00d8S) og overholder den reviderede schweiziske databeskyttelseslov (revDSG) og den generelle databeskyttelsesforordning (GDPR).<\/p>\n\n<p>I denne privatlivspolitik giver vi oplysninger om, hvordan vi behandler personoplysninger p\u00e5 hjemmesiden <strong><a href=\"https:\/\/pdrtools.ch\/da\/\">https:\/\/pdrtools.ch<\/a><\/strong> behandler personoplysninger.<\/p>\n\n<hr class=\"wp-block-separator has-alpha-channel-opacity\"\/>\n\n<h2 class=\"wp-block-heading\">1. Form\u00e5l med databehandling<\/h2>\n\n<h3 class=\"wp-block-heading\">1.1 Anmodninger om kontakt<\/h3>\n\n<p><strong>Bearbejdede data:<\/strong><\/p>\n\n<ul class=\"wp-block-list\">\n<li>Navn<\/li>\n\n\n\n<li>E-mail-adresse<\/li>\n\n\n\n<li>Telefonnummer (hvis oplyst)<\/li>\n\n\n\n<li>Unders\u00f8gelsens indhold<\/li>\n<\/ul>\n\n<p><strong>Juridisk grundlag:<\/strong><\/p>\n\n<ul class=\"wp-block-list\">\n<li>Kontrakt \/ foranstaltninger f\u00f8r kontraktindg\u00e5else<\/li>\n\n\n\n<li>Berettiget interesse (besvarelse af foresp\u00f8rgsler)<\/li>\n<\/ul>\n\n<p><strong>Opbevaring:<\/strong><\/p>\n\n<ul class=\"wp-block-list\">\n<li>Op til 12 m\u00e5neder efter afslutning af foresp\u00f8rgslen<\/li>\n<\/ul>\n\n<hr class=\"wp-block-separator has-alpha-channel-opacity\"\/>\n\n<h3 class=\"wp-block-heading\">1.2 Behandling af ordrer og kontrakter<\/h3>\n\n<p><strong>Bearbejdede data:<\/strong><\/p>\n\n<ul class=\"wp-block-list\">\n<li>Navn<\/li>\n\n\n\n<li>Fakturerings- og leveringsadresse<\/li>\n\n\n\n<li>E-mail-adresse<\/li>\n\n\n\n<li>Telefonnummer<\/li>\n\n\n\n<li>Bestil data<\/li>\n<\/ul>\n\n<p><strong>Juridisk grundlag:<\/strong><\/p>\n\n<ul class=\"wp-block-list\">\n<li>Opfyldelse af kontrakt<\/li>\n\n\n\n<li>Juridisk forpligtelse<\/li>\n<\/ul>\n\n<p><strong>Opbevaring:<\/strong><\/p>\n\n<ul class=\"wp-block-list\">\n<li><strong>10 \u00e5r<\/strong> i overensstemmelse med den schweiziske lov om forpligtelser<\/li>\n<\/ul>\n\n<hr class=\"wp-block-separator has-alpha-channel-opacity\"\/>\n\n<h3 class=\"wp-block-heading\">1.3 Betalinger<\/h3>\n\n<p>Betalinger behandles via <strong>eksterne betalingstjenesteudbydere<\/strong> (f.eks. Stripe, PayPal).<\/p>\n\n<p>Vi modtager <strong>ikke fulde kreditkort- eller kontooplysninger<\/strong>.<\/p>\n\n<p><strong>Bearbejdede data:<\/strong><\/p>\n\n<ul class=\"wp-block-list\">\n<li>Navn<\/li>\n\n\n\n<li>E-mail-adresse<\/li>\n\n\n\n<li>Betalingsstatus<\/li>\n\n\n\n<li>Transaktionsreferencer<\/li>\n<\/ul>\n\n<p><strong>Juridisk grundlag:<\/strong><\/p>\n\n<ul class=\"wp-block-list\">\n<li>Opfyldelse af kontrakt<\/li>\n\n\n\n<li>Juridisk forpligtelse<\/li>\n<\/ul>\n\n<p><strong>Opbevaring:<\/strong><\/p>\n\n<ul class=\"wp-block-list\">\n<li>10 \u00e5r<\/li>\n<\/ul>\n\n<hr class=\"wp-block-separator has-alpha-channel-opacity\"\/>\n\n<h3 class=\"wp-block-heading\">1.4 Kundekonto<\/h3>\n\n<p><strong>Bearbejdede data:<\/strong><\/p>\n\n<ul class=\"wp-block-list\">\n<li>Navn<\/li>\n\n\n\n<li>Adresse<\/li>\n\n\n\n<li>E-mail-adresse<\/li>\n\n\n\n<li>Ordrehistorik<\/li>\n<\/ul>\n\n<p><strong>Juridisk grundlag:<\/strong><\/p>\n\n<ul class=\"wp-block-list\">\n<li>Opfyldelse af kontrakt<\/li>\n<\/ul>\n\n<p><strong>Opbevaring:<\/strong><\/p>\n\n<ul class=\"wp-block-list\">\n<li>Indtil opsigelsen af kontoen<br\/>(juridiske forpligtelser forbliver forbeholdt)<\/li>\n<\/ul>\n\n<hr class=\"wp-block-separator has-alpha-channel-opacity\"\/>\n\n<h3 class=\"wp-block-heading\">1.5 Nyhedsbrev \/ cirkul\u00e6reskrivelse<\/h3>\n\n<p><strong>Bearbejdede data:<\/strong><\/p>\n\n<ul class=\"wp-block-list\">\n<li>Navn<\/li>\n\n\n\n<li>E-mail-adresse<\/li>\n<\/ul>\n\n<p><strong>Juridisk grundlag:<\/strong><\/p>\n\n<ul class=\"wp-block-list\">\n<li><strong>Samtykke<\/strong><\/li>\n<\/ul>\n\n<p><strong>Opbevaring:<\/strong><\/p>\n\n<ul class=\"wp-block-list\">\n<li>Indtil tilbagekaldelse af samtykke<\/li>\n<\/ul>\n\n<hr class=\"wp-block-separator has-alpha-channel-opacity\"\/>\n\n<h3 class=\"wp-block-heading\">1.6 Juridiske forpligtelser<\/h3>\n\n<p>Vi behandler data for at opfylde juridiske krav (f.eks. skatte-, regnskabs- og opbevaringsforpligtelser).<\/p>\n\n<hr class=\"wp-block-separator has-alpha-channel-opacity\"\/>\n\n<h3 class=\"wp-block-heading\">1.7 Sikkerhed og forebyggelse af svindel<\/h3>\n\n<p>Tekniske data s\u00e5som IP-adresser kan behandles for at beskytte vores legitime interesser (f.eks. forebyggelse af misbrug og svindel).<\/p>\n\n<hr class=\"wp-block-separator has-alpha-channel-opacity\"\/>\n\n<h2 class=\"wp-block-heading\">2. Sm\u00e5kager<\/h2>\n\n<p>Vores hjemmeside bruger cookies. N\u00e6rmere oplysninger findes i vores <strong>cookiepolitik<\/strong>. <\/p>\n\n<hr class=\"wp-block-separator has-alpha-channel-opacity\"\/>\n\n<h2 class=\"wp-block-heading\">3. Udlevering af data<\/h2>\n\n<p>Det vil kun blive givet videre:<\/p>\n\n<ul class=\"wp-block-list\">\n<li>til tjenesteudbydere (f.eks. hosting, betalingsudbydere)<\/li>\n\n\n\n<li>i tilf\u00e6lde af juridisk forpligtelse<\/li>\n\n\n\n<li>i forbindelse med en virksomhedsoverdragelse<\/li>\n<\/ul>\n\n<hr class=\"wp-block-separator has-alpha-channel-opacity\"\/>\n\n<h2 class=\"wp-block-heading\">4. Datasikkerhed<\/h2>\n\n<p>Vi tr\u00e6ffer passende tekniske og organisatoriske sikkerhedsforanstaltninger.<\/p>\n\n<hr class=\"wp-block-separator has-alpha-channel-opacity\"\/>\n\n<h2 class=\"wp-block-heading\">5. Tredjepartswebsteder<\/h2>\n\n<p>Vi p\u00e5tager os intet ansvar for indholdet p\u00e5 eksterne hjemmesider.<\/p>\n\n<hr class=\"wp-block-separator has-alpha-channel-opacity\"\/>\n\n<h2 class=\"wp-block-heading\">6. \u00c6ndringer<\/h2>\n\n<p>Denne privatlivspolitik kan tilpasses.<\/p>\n\n<hr class=\"wp-block-separator has-alpha-channel-opacity\"\/>\n\n<h2 class=\"wp-block-heading\">7. Dine rettigheder<\/h2>\n\n<p>I s\u00e6rdeleshed har du ret til:<\/p>\n\n<ul class=\"wp-block-list\">\n<li>Information<\/li>\n\n\n\n<li>Korrektion<\/li>\n\n\n\n<li>Annullering<\/li>\n\n\n\n<li>Begr\u00e6nsning<\/li>\n\n\n\n<li>Dataportabilitet<\/li>\n\n\n\n<li>Tilbagekaldelse af samtykke<\/li>\n\n\n\n<li>Mods\u00e6tning<\/li>\n<\/ul>\n\n<hr class=\"wp-block-separator has-alpha-channel-opacity\"\/>\n\n<h2 class=\"wp-block-heading\">8. Ret til at appellere<\/h2>\n\n<ul class=\"wp-block-list\">\n<li><strong>Schweiz:<\/strong> Den f\u00f8derale databeskyttelses- og informationskommiss\u00e6r (FDPIC)<\/li>\n\n\n\n<li><strong>EU:<\/strong> den kompetente databeskyttelsesmyndighed i dit bop\u00e6lsland<\/li>\n<\/ul>\n\n<hr class=\"wp-block-separator has-alpha-channel-opacity\"\/>\n\n<h2 class=\"wp-block-heading\">9. Ansvarlig person<\/h2>\n\n<p><strong>Balmer Storm Solutions<\/strong><br\/>Schaffhausen, Schweiz<br\/>E-mail: <a>info@pdrtools.ch<\/a><br\/>Telefon: +41 78 947 43 88<br\/>Hjemmeside: <a href=\"https:\/\/pdrtools.ch\/da\/\">https:\/\/pdrtools.ch<\/a><\/p>\n\n<p><strong>Status:<\/strong> 14.01.2026<\/p>\n","protected":false},"excerpt":{"rendered":"<p>Fortrolighedspolitik Denne privatlivspolitik g\u00e6lder for brugere, der er bosiddende i Schweiz og Det Europ\u00e6iske \u00d8konomiske Samarbejdsomr\u00e5de (E\u00d8S) og overholder den reviderede schweiziske databeskyttelseslov (revDSG) og den generelle databeskyttelsesforordning (GDPR). I denne privatlivspolitik giver vi oplysninger om, hvordan vi behandler personoplysninger p\u00e5 hjemmesiden https:\/\/pdrtools.ch behandler personoplysninger. 1. Form\u00e5l med databehandling 1.1 Anmodninger om kontakt Bearbejdede data: [&#8230;]\n","protected":false},"author":1,"featured_media":0,"parent":0,"menu_order":0,"comment_status":"closed","ping_status":"closed","template":"","meta":{"footnotes":""},"class_list":["post-6567","page","type-page","status-publish","hentry"],"_links":{"self":[{"href":"https:\/\/pdrtools.ch\/da\/wp-json\/wp\/v2\/pages\/6567","targetHints":{"allow":["GET"]}}],"collection":[{"href":"https:\/\/pdrtools.ch\/da\/wp-json\/wp\/v2\/pages"}],"about":[{"href":"https:\/\/pdrtools.ch\/da\/wp-json\/wp\/v2\/types\/page"}],"author":[{"embeddable":true,"href":"https:\/\/pdrtools.ch\/da\/wp-json\/wp\/v2\/users\/1"}],"replies":[{"embeddable":true,"href":"https:\/\/pdrtools.ch\/da\/wp-json\/wp\/v2\/comments?post=6567"}],"version-history":[{"count":3,"href":"https:\/\/pdrtools.ch\/da\/wp-json\/wp\/v2\/pages\/6567\/revisions"}],"predecessor-version":[{"id":11035,"href":"https:\/\/pdrtools.ch\/da\/wp-json\/wp\/v2\/pages\/6567\/revisions\/11035"}],"wp:attachment":[{"href":"https:\/\/pdrtools.ch\/da\/wp-json\/wp\/v2\/media?parent=6567"}],"curies":[{"name":"wp","href":"https:\/\/api.w.org\/{rel}","templated":true}]}}